{"id":898,"date":"2024-06-26T22:04:24","date_gmt":"2024-06-26T22:04:24","guid":{"rendered":"https:\/\/muniica.gob.pe\/portal\/?page_id=898"},"modified":"2026-01-21T16:00:24","modified_gmt":"2026-01-21T16:00:24","slug":"resoluciones-diversas","status":"publish","type":"page","link":"https:\/\/muniica.gob.pe\/portal\/index.php\/resoluciones-diversas\/","title":{"rendered":"Resoluciones Diversas"},"content":{"rendered":"\t\t<div data-elementor-type=\"wp-page\" data-elementor-id=\"898\" class=\"elementor elementor-898\">\n\t\t\t\t<div class=\"elementor-element elementor-element-af6c837 e-flex e-con-boxed e-con e-parent\" data-id=\"af6c837\" data-element_type=\"container\" data-e-type=\"container\">\n\t\t\t\t\t<div class=\"e-con-inner\">\n\t\t\t\t<div class=\"elementor-element elementor-element-3312fb4 elementor-widget elementor-widget-heading\" data-id=\"3312fb4\" data-element_type=\"widget\" data-e-type=\"widget\" data-widget_type=\"heading.default\">\n\t\t\t\t<div class=\"elementor-widget-container\">\n\t\t\t\t\t<h2 class=\"elementor-heading-title elementor-size-default\">Resoluciones de Diversas - MPI <\/h2>\t\t\t\t<\/div>\n\t\t\t\t<\/div>\n\t\t\t\t\t<\/div>\n\t\t\t\t<\/div>\n\t\t<div class=\"elementor-element elementor-element-8219464 e-flex e-con-boxed e-con e-parent\" data-id=\"8219464\" data-element_type=\"container\" data-e-type=\"container\">\n\t\t\t\t\t<div class=\"e-con-inner\">\n\t\t\t\t<div class=\"elementor-element elementor-element-feb4c8b elementor-widget elementor-widget-shortcode\" data-id=\"feb4c8b\" data-element_type=\"widget\" data-e-type=\"widget\" data-widget_type=\"shortcode.default\">\n\t\t\t\t<div class=\"elementor-widget-container\">\n\t\t\t\t\t\t\t<div class=\"elementor-shortcode\">\n<table id=\"tablepress-35\" class=\"tablepress tablepress-id-35\">\n<thead>\n<tr class=\"row-1\">\n\t<th class=\"column-1\">N\u00b0 Resoluci\u00f3n<\/th><th class=\"column-2\">Descripci\u00f3n<\/th><th class=\"column-3\">Descarga<\/th>\n<\/tr>\n<\/thead>\n<tbody class=\"row-striping row-hover\">\n<tr class=\"row-2\">\n\t<td class=\"column-1\">N\u00b0 4879-2024-GTTSV-MPI<\/td><td class=\"column-2\">DECLARAR PROCEDENTE, la solicitud de Renovaci\u00f3n de la Autorizaci\u00f3n para de servicio de taxi ESTACI\u00d3N a la empresa de transporte \"Empresa de Transportes M\u00faltiples del Rosario de Yauca S.R.L\"<\/td><td class=\"column-3\"><a href=\"https:\/\/muniica.gob.pe\/transparencia\/GESTION2024\/Res_Diversas\/RESOLUCI%C3%93N%20DE%20TRANSPORTE%20N%C2%BA%20001-2024-AMPI.pdf\">DESCARGAR AQU\u00cd<\/a><\/td>\n<\/tr>\n<tr class=\"row-3\">\n\t<td class=\"column-1\">N\u00b0 5077-2024-GTTSV-MPI<\/td><td class=\"column-2\">AUTORIZAR y APROBAR, la Modificaci\u00f3n de Ruta Autorizada para el transporte Publico de taxi estaci\u00f3n conforme al detalle en cuadro anexado al presente articulo; de la \"Empresa de Transporte Ica Fonavi S.A.\" Taxi Estaci\u00f3n identificada con RUC 2049535077<\/td><td class=\"column-3\"><a href=\"https:\/\/muniica.gob.pe\/transparencia\/GESTION2024\/Res_Diversas\/RESOLUCI%C3%93N%20DE%20TRANSPORTE%20N%C2%BA%20002-2024-AMPI.pdf\">DESCARGAR AQU\u00cd<\/a><\/td>\n<\/tr>\n<tr class=\"row-4\">\n\t<td class=\"column-1\">N\u00b0 7208-2024-GTTSV-MPI<\/td><td class=\"column-2\">DECLARAR PROCEDENTE, la solicitud presentado por don<\/td><td class=\"column-3\"><a href=\"https:\/\/muniica.gob.pe\/transparencia\/GESTION2024\/Res_Diversas\/RESOLUCI%C3%93N%20DE%20TRANSPORTE%20N%C2%BA%20003-2024-AMPI.pdf\">DESCARGAR AQU\u00cd<\/a><\/td>\n<\/tr>\n<tr class=\"row-5\">\n\t<td class=\"column-1\">N\u00b0 7350-2024-GTTSV-MPI<\/td><td class=\"column-2\">Que mediante de Expediente N\u00b0 7758-2022-GTTSV con fecha 16\/12\/2022 mediante el cual el administrado  don Luis Carlos Garcia Tipacti representante legal de la empresa \"SEBASTIAN BARRANCA S.A\"<\/td><td class=\"column-3\"><a href=\"https:\/\/muniica.gob.pe\/transparencia\/GESTION2024\/Res_Diversas\/RESOLUCI%C3%93N%20DE%20TRANSPORTE%20N%C2%BA%20004-2024-AMPI.pdf\">DESCARGAR AQU\u00cd<\/a><\/td>\n<\/tr>\n<tr class=\"row-6\">\n\t<td class=\"column-1\">N\u00b0 8341-2024-GTTSV-MPI<\/td><td class=\"column-2\">DECLARAR PROCEDENTE,  la Solicitud de Renovaci\u00f3n de la Autorizaci\u00f3n para de servicio de Taxi REMISSE  a la \"Empresa de Transporte Chalecos Azules S.A\" Identificada con RUC. con RUC 2053535019402<\/td><td class=\"column-3\"><a href=\"https:\/\/muniica.gob.pe\/transparencia\/GESTION2024\/Res_Diversas\/RESOLUCI%C3%93N%20DE%20TRANSPORTE%20N%C2%BA%20005-2024-AMPI.pdf\">DESCARGAR AQU\u00cd<\/a><\/td>\n<\/tr>\n<tr class=\"row-7\">\n\t<td class=\"column-1\">N\u00b0 8442-2024-GTTSV-MPI<\/td><td class=\"column-2\">OTORGAR autorizaci\u00f3n de INCREMENTO DE FLOTA a la EMPRESA DE TRANSPORTE SAN ISIDRO LABRADOR S.A., mediante la RESOLUCI\u00d3N DE GERENCIA para prestar el servicio de transporte p\u00fablico especial de personas, en la modalidad del servicio de TAXI-ESTACI\u00d3N<\/td><td class=\"column-3\"><a href=\"https:\/\/muniica.gob.pe\/transparencia\/GESTION2024\/Res_Diversas\/RESOLUCI%C3%93N%20DE%20TRANSPORTE%20N%C2%BA%20006-2024-AMPI.pdf\">DESCARGAR AQU\u00cd<\/a><\/td>\n<\/tr>\n<tr class=\"row-8\">\n\t<td class=\"column-1\">N\u00b0 9035-2024-GTTSV-MPI<\/td><td class=\"column-2\">Que, mediante expediente 7247-A-2024,  de fechas 15 de mayo del 2024, el administrado don DARIO DAVID GONZALES ORTIZ, en su calidad de gerente general de la empresa  de transportes \"SE\u00d1OR DE LUREN EIRL\", identificada con RUC N\u00b0 20612246752, solicita autorizaci\u00f3n para prestar servicio de transporte de veh\u00edculos menores - Moto-Taxi <\/td><td class=\"column-3\"><a href=\"https:\/\/muniica.gob.pe\/transparencia\/GESTION2024\/Res_Diversas\/RESOLUCI%C3%93N%20DE%20TRANSPORTE%20N%C2%BA%20007-2024-AMPI.pdf\">DESCARGAR AQU\u00cd<\/a><\/td>\n<\/tr>\n<tr class=\"row-9\">\n\t<td class=\"column-1\">N\u00b0 9164-2024-GTTSV-MPI<\/td><td class=\"column-2\">DECLARAR PROCEDENTE,  la solicitud de Renovaci\u00f3n de la Autorizaci\u00f3n para de servicio de taxi ESTACI\u00d3N DAVID EDWIN ROJAS GUTIERREZ<\/td><td class=\"column-3\"><a href=\"https:\/\/muniica.gob.pe\/transparencia\/GESTION2024\/Res_Diversas\/RESOLUCI%C3%93N%20DE%20TRANSPORTE%20N%C2%BA%20008-2024-AMPI.pdf\">DESCARGAR AQU\u00cd<\/a><\/td>\n<\/tr>\n<tr class=\"row-10\">\n\t<td class=\"column-1\">N\u00b0 9165-2024-GTTSV-MPI<\/td><td class=\"column-2\">DECLARAR PROCEDENTE,  la solicitud de Renovaci\u00f3n de la Autorizaci\u00f3n para de servicio TAXI REMISSE DAVID EDWIN ROJAS GUTIERREZ, solicita Renovaci\u00f3n de Resoluci\u00f3n<\/td><td class=\"column-3\"><a href=\"https:\/\/muniica.gob.pe\/transparencia\/GESTION2024\/Res_Diversas\/RESOLUCI%C3%93N%20DE%20TRANSPORTE%20N%C2%BA%20009-2024-AMPI.pdf\">DESCARGAR AQU\u00cd<\/a><\/td>\n<\/tr>\n<tr class=\"row-11\">\n\t<td class=\"column-1\">N\u00b0 0080-2024-GPMAS-MPI<\/td><td class=\"column-2\">HACER EFECTIVA la Sanci\u00f3n Pecuniaria contenida en la Notificaci\u00f3n de Infracci\u00f3n N\u00b0 000232-2024  de fecha 08 de Mayo del 2024, a la administrada GAVILANO ASSERETO FERNANDA ELVIRA<\/td><td class=\"column-3\"><a href=\"https:\/\/muniica.gob.pe\/transparencia\/GESTION2024\/Res_Diversas\/RESOLUCI%C3%93N%20DE%20GERENCIA%20DE%20PROTECCION%20DEL%20MEDIO%20AMBIENTE%20Y%20SALUBRIDAD%20N%C2%BA%20001-2024-AMPI.pdf\">DESCARGAR AQU\u00cd<\/a><\/td>\n<\/tr>\n<tr class=\"row-12\">\n\t<td class=\"column-1\">N\u00b0 7707-2024-GTTSV-MPI<\/td><td class=\"column-2\">Que mediante, Expediente N\u00b0 10708-2024-GTTSV-MPI, de fecha 14\/07\/2024, la administrada do\u00f1a; GODOY Porras Valentina Esperanza, quien solicita La Baja de la Tarjeta \u00fanica de Circulaci\u00f3n para Taxi particular (Taxi Estaci\u00f3n)<\/td><td class=\"column-3\"><a href=\"https:\/\/muniica.gob.pe\/transparencia\/GESTION2024\/Res_Diversas\/RESOLUCI%C3%93N%20DE%20TRANSPORTE%20N%C2%BA%20010-2024-AMPI.pdf\">DESCARGAR AQU\u00cd<\/a><\/td>\n<\/tr>\n<tr class=\"row-13\">\n\t<td class=\"column-1\">N\u00b0 12228-2024-GTTSV-MPI<\/td><td class=\"column-2\">Que mediante, FUT de fecha 15 de octubre del 2024, el administrado don CESAR AGUSTO CAHUA UCHUYA, cumple con presentar expediente administrativo y acompa\u00f1ar recibo de pago por derecho de tr\u00e1mite, as\u00ed como los requisitos para la aprobaci\u00f3n de su solicitud de, Renovaci\u00f3n de Resoluci\u00f3n Autorizaci\u00f3n para de servicio de taxi ESTACI\u00d3N<\/td><td class=\"column-3\"><a href=\"https:\/\/muniica.gob.pe\/transparencia\/GESTION2024\/Res_Diversas\/RESOLUCI%C3%93N%20DE%20TRANSPORTE%20N%C2%BA%20011-2024-AMPI.pdf\">DESCARGAR AQU\u00cd<\/a><\/td>\n<\/tr>\n<tr class=\"row-14\">\n\t<td class=\"column-1\">N\u00b0 11870-2024-GTTSV-MPI<\/td><td class=\"column-2\">Que mediante, Expediente N\u00b0 2411-2024-GTTSV-MPI, de fecha 10\/04\/2023, el administrado solicita La Emisi\u00f3n de la Resoluci\u00f3n de Autorizaci\u00f3n para Prestar servicio de Taxi Estaci\u00f3n, El cual cumple con acompa\u00f1ar recibo de pago por derecho de tr\u00e1mite, obrante a folios 79<\/td><td class=\"column-3\"><a href=\"https:\/\/muniica.gob.pe\/transparencia\/GESTION2024\/Res_Diversas\/RESOLUCI%C3%93N%20DE%20TRANSPORTE%20N%C2%BA%20012-2024-AMPI.pdf\">DESCARGAR AQU\u00cd<\/a><\/td>\n<\/tr>\n<tr class=\"row-15\">\n\t<td class=\"column-1\">N\u00b0 12608-2024-GTTSV-MPI<\/td><td class=\"column-2\">Que mediante, Expediente N\u00b0 15774-2024-GTTSV-MPI, la administrada do\u00f1a BERTHA GUIULIANA MANCHEGO VARGA, en su calidad de gerente general de la empresa de transportes \"MOTO SEGURA S.A.C\" Identificado con RUC N\u00b0 20613083317, solicita Autorizaci\u00f3n para prestar servicios de transporte de veh\u00edculos menores - Moto- Taxi<\/td><td class=\"column-3\"><a href=\"https:\/\/muniica.gob.pe\/transparencia\/GESTION2024\/Res_Diversas\/RESOLUCI%C3%93N%20DE%20TRANSPORTE%20N%C2%BA%20013-2024-AMPI.pdf\">DESCARGAR AQU\u00cd<\/a><\/td>\n<\/tr>\n<\/tbody>\n<\/table>\n<!-- #tablepress-35 from cache --><\/div>\n\t\t\t\t\t\t<\/div>\n\t\t\t\t<\/div>\n\t\t\t\t\t<\/div>\n\t\t\t\t<\/div>\n\t\t\t\t<\/div>\n\t\t","protected":false},"excerpt":{"rendered":"<p>Resoluciones de Diversas &#8211; MPI<\/p>\n","protected":false},"author":1,"featured_media":0,"parent":0,"menu_order":0,"comment_status":"closed","ping_status":"closed","template":"","meta":{"site-sidebar-layout":"default","site-content-layout":"","ast-site-content-layout":"default","site-content-style":"default","site-sidebar-style":"default","ast-global-header-display":"disabled","ast-banner-title-visibility":"disabled","ast-main-header-display":"","ast-hfb-above-header-display":"","ast-hfb-below-header-display":"","ast-hfb-mobile-header-display":"","site-post-title":"","ast-breadcrumbs-content":"","ast-featured-img":"","footer-sml-layout":"disabled","ast-disable-related-posts":"","theme-transparent-header-meta":"","adv-header-id-meta":"","stick-header-meta":"","header-above-stick-meta":"","header-main-stick-meta":"","header-below-stick-meta":"","astra-migrate-meta-layouts":"default","ast-page-background-enabled":"default","ast-page-background-meta":{"desktop":{"background-color":"var(--ast-global-color-5)","background-image":"","background-repeat":"repeat","background-position":"center center","background-size":"auto","background-attachment":"scroll","background-type":"","background-media":"","overlay-type":"","overlay-color":"","overlay-opacity":"","overlay-gradient":""},"tablet":{"background-color":"","background-image":"","background-repeat":"repeat","background-position":"center center","background-size":"auto","background-attachment":"scroll","background-type":"","background-media":"","overlay-type":"","overlay-color":"","overlay-opacity":"","overlay-gradient":""},"mobile":{"background-color":"","background-image":"","background-repeat":"repeat","background-position":"center center","background-size":"auto","background-attachment":"scroll","background-type":"","background-media":"","overlay-type":"","overlay-color":"","overlay-opacity":"","overlay-gradient":""}},"ast-content-background-meta":{"desktop":{"background-color":"var(--ast-global-color-4)","background-image":"","background-repeat":"repeat","background-position":"center center","background-size":"auto","background-attachment":"scroll","background-type":"","background-media":"","overlay-type":"","overlay-color":"","overlay-opacity":"","overlay-gradient":""},"tablet":{"background-color":"var(--ast-global-color-4)","background-image":"","background-repeat":"repeat","background-position":"center center","background-size":"auto","background-attachment":"scroll","background-type":"","background-media":"","overlay-type":"","overlay-color":"","overlay-opacity":"","overlay-gradient":""},"mobile":{"background-color":"var(--ast-global-color-4)","background-image":"","background-repeat":"repeat","background-position":"center center","background-size":"auto","background-attachment":"scroll","background-type":"","background-media":"","overlay-type":"","overlay-color":"","overlay-opacity":"","overlay-gradient":""}},"_themeisle_gutenberg_block_has_review":false,"footnotes":""},"class_list":["post-898","page","type-page","status-publish","hentry"],"_links":{"self":[{"href":"https:\/\/muniica.gob.pe\/portal\/index.php\/wp-json\/wp\/v2\/pages\/898","targetHints":{"allow":["GET"]}}],"collection":[{"href":"https:\/\/muniica.gob.pe\/portal\/index.php\/wp-json\/wp\/v2\/pages"}],"about":[{"href":"https:\/\/muniica.gob.pe\/portal\/index.php\/wp-json\/wp\/v2\/types\/page"}],"author":[{"embeddable":true,"href":"https:\/\/muniica.gob.pe\/portal\/index.php\/wp-json\/wp\/v2\/users\/1"}],"replies":[{"embeddable":true,"href":"https:\/\/muniica.gob.pe\/portal\/index.php\/wp-json\/wp\/v2\/comments?post=898"}],"version-history":[{"count":8,"href":"https:\/\/muniica.gob.pe\/portal\/index.php\/wp-json\/wp\/v2\/pages\/898\/revisions"}],"predecessor-version":[{"id":2564,"href":"https:\/\/muniica.gob.pe\/portal\/index.php\/wp-json\/wp\/v2\/pages\/898\/revisions\/2564"}],"wp:attachment":[{"href":"https:\/\/muniica.gob.pe\/portal\/index.php\/wp-json\/wp\/v2\/media?parent=898"}],"curies":[{"name":"wp","href":"https:\/\/api.w.org\/{rel}","templated":true}]}}