{"id":79,"date":"2023-09-28T23:26:17","date_gmt":"2023-09-28T23:26:17","guid":{"rendered":"https:\/\/muniica.gob.pe\/portal\/?page_id=79"},"modified":"2026-01-21T23:05:02","modified_gmt":"2026-01-21T23:05:02","slug":"nosotros","status":"publish","type":"page","link":"https:\/\/muniica.gob.pe\/portal\/index.php\/nosotros\/","title":{"rendered":"Nosotros"},"content":{"rendered":"\t\t<div data-elementor-type=\"wp-page\" data-elementor-id=\"79\" class=\"elementor elementor-79\">\n\t\t\t\t<div class=\"elementor-element elementor-element-ab12340 e-flex e-con-boxed e-con e-parent\" data-id=\"ab12340\" data-element_type=\"container\" data-e-type=\"container\">\n\t\t\t\t\t<div class=\"e-con-inner\">\n\t\t\t\t<div class=\"elementor-element elementor-element-ccf7811 elementor-widget elementor-widget-heading\" data-id=\"ccf7811\" data-element_type=\"widget\" data-e-type=\"widget\" data-widget_type=\"heading.default\">\n\t\t\t\t<div class=\"elementor-widget-container\">\n\t\t\t\t\t<h2 class=\"elementor-heading-title elementor-size-default\">Municipalidad Provincial de Ica<\/h2>\t\t\t\t<\/div>\n\t\t\t\t<\/div>\n\t\t\t\t\t<\/div>\n\t\t\t\t<\/div>\n\t\t<div class=\"elementor-element elementor-element-c24a469 e-con-full e-flex e-con e-parent\" data-id=\"c24a469\" data-element_type=\"container\" data-e-type=\"container\">\n\t\t\t\t<div class=\"elementor-element elementor-element-7afa34a elementor-widget elementor-widget-image\" data-id=\"7afa34a\" data-element_type=\"widget\" data-e-type=\"widget\" data-widget_type=\"image.default\">\n\t\t\t\t<div class=\"elementor-widget-container\">\n\t\t\t\t\t\t\t\t\t\t\t\t\t\t\t<img decoding=\"async\" src=\"https:\/\/muniica.gob.pe\/portal\/wp-content\/uploads\/elementor\/thumbs\/plaza-rhxz6p4evuejh6iwsga1u4zu7irt2miuq6shl4v80o.jpg\" title=\"plaza\" alt=\"plaza\" loading=\"lazy\" \/>\t\t\t\t\t\t\t\t\t\t\t\t\t\t\t<\/div>\n\t\t\t\t<\/div>\n\t\t\t\t<\/div>\n\t\t<div class=\"elementor-element elementor-element-54492e9 e-flex e-con-boxed e-con e-parent\" data-id=\"54492e9\" data-element_type=\"container\" data-e-type=\"container\">\n\t\t\t\t\t<div class=\"e-con-inner\">\n\t\t\t\t<div class=\"elementor-element elementor-element-c201c73 elementor-widget elementor-widget-heading\" data-id=\"c201c73\" data-element_type=\"widget\" data-e-type=\"widget\" data-widget_type=\"heading.default\">\n\t\t\t\t<div class=\"elementor-widget-container\">\n\t\t\t\t\t<h2 class=\"elementor-heading-title elementor-size-default\">Ica es la <strong data-start=\"91\" data-end=\"129\">ciudad capital de la regi\u00f3n de Ica<\/strong>, ubicada en la costa sur de la Rep\u00fablica del Per\u00fa. Se encuentra situada entre extensos desiertos y f\u00e9rtiles valles formados principalmente por el r\u00edo Ica, lo que ha permitido el desarrollo de importantes actividades agr\u00edcolas. La ciudad forma parte de una zona de gran valor hist\u00f3rico y cultural, heredera de antiguas civilizaciones como Paracas y Nazca. Ica es reconocida a nivel nacional por su producci\u00f3n de uvas y por ser la cuna del pisco, adem\u00e1s de ser un importante centro tur\u00edstico y econ\u00f3mico de la regi\u00f3n.\n<br>\n<br>El <strong data-start=\"82\" data-end=\"106\">17 de agosto de 1563<\/strong> se realiz\u00f3 la fundaci\u00f3n espa\u00f1ola de la ciudad de Ica con el nombre de <strong data-start=\"177\" data-end=\"215\">Villa de Valverde del Valle de Ica<\/strong>, en una zona agr\u00edcola habitada anteriormente por pueblos ind\u00edgenas. Durante la \u00e9poca colonial, Ica fue un importante centro agr\u00edcola y comercial del sur del Per\u00fa. Con el paso del tiempo, la ciudad creci\u00f3 en importancia y, despu\u00e9s de la Independencia, pas\u00f3 a ser la <strong data-start=\"481\" data-end=\"512\">capital de la regi\u00f3n de Ica<\/strong>, destacando por su producci\u00f3n agr\u00edcola y su tradici\u00f3n cultural.<\/h2>\t\t\t\t<\/div>\n\t\t\t\t<\/div>\n\t\t\t\t\t<\/div>\n\t\t\t\t<\/div>\n\t\t<div class=\"elementor-element elementor-element-806d994 e-flex e-con-boxed e-con e-parent\" data-id=\"806d994\" data-element_type=\"container\" data-e-type=\"container\">\n\t\t\t\t\t<div class=\"e-con-inner\">\n\t\t<div class=\"elementor-element elementor-element-718ba18 e-con-full e-flex e-con e-child\" data-id=\"718ba18\" data-element_type=\"container\" data-e-type=\"container\">\n\t\t\t\t<div class=\"elementor-element elementor-element-1056c73 elementor-widget elementor-widget-image\" data-id=\"1056c73\" data-element_type=\"widget\" data-e-type=\"widget\" data-widget_type=\"image.default\">\n\t\t\t\t<div class=\"elementor-widget-container\">\n\t\t\t\t\t\t\t\t\t\t\t\t\t\t\t<img fetchpriority=\"high\" decoding=\"async\" width=\"1024\" height=\"448\" src=\"https:\/\/muniica.gob.pe\/portal\/wp-content\/uploads\/2026\/01\/b-laguna-huacachina-ica-1024x448.webp\" class=\"attachment-large size-large wp-image-2635\" alt=\"\" srcset=\"https:\/\/muniica.gob.pe\/portal\/wp-content\/uploads\/2026\/01\/b-laguna-huacachina-ica-1024x448.webp 1024w, https:\/\/muniica.gob.pe\/portal\/wp-content\/uploads\/2026\/01\/b-laguna-huacachina-ica-300x131.webp 300w, https:\/\/muniica.gob.pe\/portal\/wp-content\/uploads\/2026\/01\/b-laguna-huacachina-ica-768x336.webp 768w, https:\/\/muniica.gob.pe\/portal\/wp-content\/uploads\/2026\/01\/b-laguna-huacachina-ica-1536x672.webp 1536w, https:\/\/muniica.gob.pe\/portal\/wp-content\/uploads\/2026\/01\/b-laguna-huacachina-ica.webp 1600w\" sizes=\"(max-width: 1024px) 100vw, 1024px\" \/>\t\t\t\t\t\t\t\t\t\t\t\t\t\t\t<\/div>\n\t\t\t\t<\/div>\n\t\t\t\t<\/div>\n\t\t<div class=\"elementor-element elementor-element-1123fdb e-con-full e-flex e-con e-child\" data-id=\"1123fdb\" data-element_type=\"container\" data-e-type=\"container\">\n\t\t\t\t<div class=\"elementor-element elementor-element-b1dffa8 elementor-widget elementor-widget-image\" data-id=\"b1dffa8\" data-element_type=\"widget\" data-e-type=\"widget\" data-widget_type=\"image.default\">\n\t\t\t\t<div class=\"elementor-widget-container\">\n\t\t\t\t\t\t\t\t\t\t\t\t\t\t\t<img decoding=\"async\" src=\"https:\/\/muniica.gob.pe\/portal\/wp-content\/uploads\/elementor\/thumbs\/Ica-461-rhzskimwtwvx8yu53mizbln3k2eranlfgdiqfhpvzk.jpeg\" title=\"Ica-461\" alt=\"Ica-461\" loading=\"lazy\" \/>\t\t\t\t\t\t\t\t\t\t\t\t\t\t\t<\/div>\n\t\t\t\t<\/div>\n\t\t\t\t<\/div>\n\t\t<div class=\"elementor-element elementor-element-838e49c e-con-full e-flex e-con e-child\" data-id=\"838e49c\" data-element_type=\"container\" data-e-type=\"container\">\n\t\t\t\t<div class=\"elementor-element elementor-element-065780e elementor-widget elementor-widget-image\" data-id=\"065780e\" data-element_type=\"widget\" data-e-type=\"widget\" data-widget_type=\"image.default\">\n\t\t\t\t<div class=\"elementor-widget-container\">\n\t\t\t\t\t\t\t\t\t\t\t\t\t\t\t<img decoding=\"async\" width=\"1024\" height=\"459\" src=\"https:\/\/muniica.gob.pe\/portal\/wp-content\/uploads\/2026\/01\/Captura-de-pantalla-2026-01-21-132738-1024x459.png\" class=\"attachment-large size-large wp-image-2640\" alt=\"\" srcset=\"https:\/\/muniica.gob.pe\/portal\/wp-content\/uploads\/2026\/01\/Captura-de-pantalla-2026-01-21-132738-1024x459.png 1024w, https:\/\/muniica.gob.pe\/portal\/wp-content\/uploads\/2026\/01\/Captura-de-pantalla-2026-01-21-132738-300x134.png 300w, https:\/\/muniica.gob.pe\/portal\/wp-content\/uploads\/2026\/01\/Captura-de-pantalla-2026-01-21-132738-768x344.png 768w, https:\/\/muniica.gob.pe\/portal\/wp-content\/uploads\/2026\/01\/Captura-de-pantalla-2026-01-21-132738.png 1317w\" sizes=\"(max-width: 1024px) 100vw, 1024px\" \/>\t\t\t\t\t\t\t\t\t\t\t\t\t\t\t<\/div>\n\t\t\t\t<\/div>\n\t\t\t\t<\/div>\n\t\t<div class=\"elementor-element elementor-element-7464580 e-con-full e-flex e-con e-child\" data-id=\"7464580\" data-element_type=\"container\" data-e-type=\"container\">\n\t\t\t\t<div class=\"elementor-element elementor-element-5b2007e elementor-widget elementor-widget-image\" data-id=\"5b2007e\" data-element_type=\"widget\" data-e-type=\"widget\" data-widget_type=\"image.default\">\n\t\t\t\t<div class=\"elementor-widget-container\">\n\t\t\t\t\t\t\t\t\t\t\t\t\t\t\t<img decoding=\"async\" src=\"https:\/\/muniica.gob.pe\/portal\/wp-content\/uploads\/elementor\/thumbs\/Captura-de-pantalla-2026-01-21-132857-rhzsrurk6cxjaye6gmema5aq3wqld7rdwu0tmjwb5i.png\" title=\"Captura de pantalla 2026-01-21 132857\" alt=\"Captura de pantalla 2026-01-21 132857\" loading=\"lazy\" \/>\t\t\t\t\t\t\t\t\t\t\t\t\t\t\t<\/div>\n\t\t\t\t<\/div>\n\t\t\t\t<\/div>\n\t\t\t\t\t<\/div>\n\t\t\t\t<\/div>\n\t\t<div class=\"elementor-element elementor-element-1c1b639 e-flex e-con-boxed e-con e-parent\" data-id=\"1c1b639\" data-element_type=\"container\" data-e-type=\"container\">\n\t\t\t\t\t<div class=\"e-con-inner\">\n\t\t\t\t<div class=\"elementor-element elementor-element-a5127ab elementor-widget__width-initial elementor-widget elementor-widget-image\" data-id=\"a5127ab\" data-element_type=\"widget\" data-e-type=\"widget\" data-widget_type=\"image.default\">\n\t\t\t\t<div class=\"elementor-widget-container\">\n\t\t\t\t\t\t\t\t\t\t\t\t\t\t\t<img decoding=\"async\" width=\"306\" height=\"10\" src=\"https:\/\/muniica.gob.pe\/portal\/wp-content\/uploads\/2026\/01\/Sin-titulo-1.jpg\" class=\"attachment-large size-large wp-image-2584\" alt=\"\" srcset=\"https:\/\/muniica.gob.pe\/portal\/wp-content\/uploads\/2026\/01\/Sin-titulo-1.jpg 306w, https:\/\/muniica.gob.pe\/portal\/wp-content\/uploads\/2026\/01\/Sin-titulo-1-300x10.jpg 300w\" sizes=\"(max-width: 306px) 100vw, 306px\" \/>\t\t\t\t\t\t\t\t\t\t\t\t\t\t\t<\/div>\n\t\t\t\t<\/div>\n\t\t\t\t\t<\/div>\n\t\t\t\t<\/div>\n\t\t<div class=\"elementor-element elementor-element-1115827 e-con-full e-flex e-con e-parent\" data-id=\"1115827\" data-element_type=\"container\" data-e-type=\"container\">\n\t\t<div class=\"elementor-element elementor-element-9f1fc97 e-con-full e-flex e-con e-child\" data-id=\"9f1fc97\" data-element_type=\"container\" data-e-type=\"container\">\n\t\t\t\t<\/div>\n\t\t\t\t<div class=\"elementor-element elementor-element-be82a17 elementor-widget__width-initial elementor-widget elementor-widget-image\" data-id=\"be82a17\" data-element_type=\"widget\" data-e-type=\"widget\" data-widget_type=\"image.default\">\n\t\t\t\t<div class=\"elementor-widget-container\">\n\t\t\t\t\t\t\t\t\t\t\t\t\t\t\t<img loading=\"lazy\" decoding=\"async\" width=\"244\" height=\"246\" src=\"https:\/\/muniica.gob.pe\/portal\/wp-content\/uploads\/2026\/01\/MISION.jpg\" class=\"attachment-large size-large wp-image-2431\" alt=\"\" srcset=\"https:\/\/muniica.gob.pe\/portal\/wp-content\/uploads\/2026\/01\/MISION.jpg 244w, https:\/\/muniica.gob.pe\/portal\/wp-content\/uploads\/2026\/01\/MISION-150x150.jpg 150w\" sizes=\"(max-width: 244px) 100vw, 244px\" \/>\t\t\t\t\t\t\t\t\t\t\t\t\t\t\t<\/div>\n\t\t\t\t<\/div>\n\t\t<div class=\"elementor-element elementor-element-826dbc1 e-con-full e-flex e-con e-child\" data-id=\"826dbc1\" data-element_type=\"container\" data-e-type=\"container\">\n\t\t\t\t<\/div>\n\t\t<div class=\"elementor-element elementor-element-e1d257b e-con-full e-flex e-con e-child\" data-id=\"e1d257b\" data-element_type=\"container\" data-e-type=\"container\">\n\t\t\t\t<\/div>\n\t\t<div class=\"elementor-element elementor-element-f9eafdc e-con-full e-flex e-con e-child\" data-id=\"f9eafdc\" data-element_type=\"container\" data-e-type=\"container\">\n\t\t\t\t<div class=\"elementor-element elementor-element-3662b45 elementor-widget__width-initial elementor-widget elementor-widget-image\" data-id=\"3662b45\" data-element_type=\"widget\" data-e-type=\"widget\" data-widget_type=\"image.default\">\n\t\t\t\t<div class=\"elementor-widget-container\">\n\t\t\t\t\t\t\t\t\t\t\t\t\t\t\t<img loading=\"lazy\" decoding=\"async\" width=\"110\" height=\"160\" src=\"https:\/\/muniica.gob.pe\/portal\/wp-content\/uploads\/2026\/01\/Captura-de-pantalla-2026-01-20-125224-e1768932987362.png\" class=\"attachment-large size-large wp-image-2434\" alt=\"\" \/>\t\t\t\t\t\t\t\t\t\t\t\t\t\t\t<\/div>\n\t\t\t\t<\/div>\n\t\t\t\t<\/div>\n\t\t<div class=\"elementor-element elementor-element-d2d46d2 e-con-full e-flex e-con e-child\" data-id=\"d2d46d2\" data-element_type=\"container\" data-e-type=\"container\">\n\t\t\t\t<\/div>\n\t\t\t\t<\/div>\n\t\t<div class=\"elementor-element elementor-element-d2771a3 e-con-full e-flex e-con e-parent\" data-id=\"d2771a3\" data-element_type=\"container\" data-e-type=\"container\" data-settings=\"{&quot;background_background&quot;:&quot;slideshow&quot;,&quot;background_slideshow_gallery&quot;:[],&quot;background_slideshow_loop&quot;:&quot;yes&quot;,&quot;background_slideshow_slide_duration&quot;:5000,&quot;background_slideshow_slide_transition&quot;:&quot;fade&quot;,&quot;background_slideshow_transition_duration&quot;:500}\">\n\t\t<div class=\"elementor-element elementor-element-364f708 e-con-full e-flex e-con e-child\" data-id=\"364f708\" data-element_type=\"container\" data-e-type=\"container\">\n\t\t\t\t<div class=\"elementor-element elementor-element-c814944 elementor-widget elementor-widget-heading\" data-id=\"c814944\" data-element_type=\"widget\" data-e-type=\"widget\" data-widget_type=\"heading.default\">\n\t\t\t\t<div class=\"elementor-widget-container\">\n\t\t\t\t\t<h2 class=\"elementor-heading-title elementor-size-default\">MISI\u00d3N<\/h2>\t\t\t\t<\/div>\n\t\t\t\t<\/div>\n\t\t\t\t<\/div>\n\t\t<div class=\"elementor-element elementor-element-30ef819 e-con-full e-flex e-con e-child\" data-id=\"30ef819\" data-element_type=\"container\" data-e-type=\"container\">\n\t\t\t\t<div class=\"elementor-element elementor-element-472b74c elementor-widget elementor-widget-heading\" data-id=\"472b74c\" data-element_type=\"widget\" data-e-type=\"widget\" data-widget_type=\"heading.default\">\n\t\t\t\t<div class=\"elementor-widget-container\">\n\t\t\t\t\t<h2 class=\"elementor-heading-title elementor-size-default\">VISI\u00d3N<\/h2>\t\t\t\t<\/div>\n\t\t\t\t<\/div>\n\t\t\t\t<\/div>\n\t\t<div class=\"elementor-element elementor-element-2167503 e-con-full e-flex e-con e-child\" data-id=\"2167503\" data-element_type=\"container\" data-e-type=\"container\">\n\t\t\t\t<div class=\"elementor-element elementor-element-cca14ca elementor-widget elementor-widget-heading\" data-id=\"cca14ca\" data-element_type=\"widget\" data-e-type=\"widget\" data-widget_type=\"heading.default\">\n\t\t\t\t<div class=\"elementor-widget-container\">\n\t\t\t\t\t<h2 class=\"elementor-heading-title elementor-size-default\">Brindar servicios P\u00fablicos de calidad, promoviendo el Desarrollo Integral y Arm\u00f3nico de la Municipalidad Provincial de Ica, a trav\u00e9s de una Gesti\u00f3n Planificada.<\/h2>\t\t\t\t<\/div>\n\t\t\t\t<\/div>\n\t\t\t\t<\/div>\n\t\t<div class=\"elementor-element elementor-element-18598a2 e-con-full e-flex e-con e-child\" data-id=\"18598a2\" data-element_type=\"container\" data-e-type=\"container\">\n\t\t\t\t<div class=\"elementor-element elementor-element-7a7fa27 elementor-widget elementor-widget-heading\" data-id=\"7a7fa27\" data-element_type=\"widget\" data-e-type=\"widget\" data-widget_type=\"heading.default\">\n\t\t\t\t<div class=\"elementor-widget-container\">\n\t\t\t\t\t<h2 class=\"elementor-heading-title elementor-size-default\">Ser una Municipalidad l\u00edder que promueve el desarrollo integral de la comunidad, con una gesti\u00f3n eficiente, transparente y participativa, posicionando a Ica como una ciudad ordenada, segura, moderna, inclusiva y saludable, donde se fomente la cultura.<\/h2>\t\t\t\t<\/div>\n\t\t\t\t<\/div>\n\t\t\t\t<\/div>\n\t\t\t\t<\/div>\n\t\t\t\t<\/div>\n\t\t","protected":false},"excerpt":{"rendered":"<p>Municipalidad Provincial de Ica Ica es la ciudad capital de la regi\u00f3n de Ica, ubicada en la costa sur de [&hellip;]<\/p>\n","protected":false},"author":1,"featured_media":0,"parent":0,"menu_order":0,"comment_status":"closed","ping_status":"closed","template":"","meta":{"site-sidebar-layout":"default","site-content-layout":"","ast-site-content-layout":"default","site-content-style":"default","site-sidebar-style":"default","ast-global-header-display":"disabled","ast-banner-title-visibility":"disabled","ast-main-header-display":"","ast-hfb-above-header-display":"","ast-hfb-below-header-display":"","ast-hfb-mobile-header-display":"","site-post-title":"","ast-breadcrumbs-content":"","ast-featured-img":"","footer-sml-layout":"disabled","ast-disable-related-posts":"","theme-transparent-header-meta":"","adv-header-id-meta":"","stick-header-meta":"","header-above-stick-meta":"","header-main-stick-meta":"","header-below-stick-meta":"","astra-migrate-meta-layouts":"default","ast-page-background-enabled":"default","ast-page-background-meta":{"desktop":{"background-color":"var(--ast-global-color-5)","background-image":"","background-repeat":"repeat","background-position":"center center","background-size":"auto","background-attachment":"scroll","background-type":"","background-media":"","overlay-type":"","overlay-color":"","overlay-opacity":"","overlay-gradient":""},"tablet":{"background-color":"","background-image":"","background-repeat":"repeat","background-position":"center center","background-size":"auto","background-attachment":"scroll","background-type":"","background-media":"","overlay-type":"","overlay-color":"","overlay-opacity":"","overlay-gradient":""},"mobile":{"background-color":"","background-image":"","background-repeat":"repeat","background-position":"center center","background-size":"auto","background-attachment":"scroll","background-type":"","background-media":"","overlay-type":"","overlay-color":"","overlay-opacity":"","overlay-gradient":""}},"ast-content-background-meta":{"desktop":{"background-color":"var(--ast-global-color-4)","background-image":"","background-repeat":"repeat","background-position":"center center","background-size":"auto","background-attachment":"scroll","background-type":"","background-media":"","overlay-type":"","overlay-color":"","overlay-opacity":"","overlay-gradient":""},"tablet":{"background-color":"var(--ast-global-color-4)","background-image":"","background-repeat":"repeat","background-position":"center center","background-size":"auto","background-attachment":"scroll","background-type":"","background-media":"","overlay-type":"","overlay-color":"","overlay-opacity":"","overlay-gradient":""},"mobile":{"background-color":"var(--ast-global-color-4)","background-image":"","background-repeat":"repeat","background-position":"center center","background-size":"auto","background-attachment":"scroll","background-type":"","background-media":"","overlay-type":"","overlay-color":"","overlay-opacity":"","overlay-gradient":""}},"_themeisle_gutenberg_block_has_review":false,"footnotes":""},"class_list":["post-79","page","type-page","status-publish","hentry"],"_links":{"self":[{"href":"https:\/\/muniica.gob.pe\/portal\/index.php\/wp-json\/wp\/v2\/pages\/79","targetHints":{"allow":["GET"]}}],"collection":[{"href":"https:\/\/muniica.gob.pe\/portal\/index.php\/wp-json\/wp\/v2\/pages"}],"about":[{"href":"https:\/\/muniica.gob.pe\/portal\/index.php\/wp-json\/wp\/v2\/types\/page"}],"author":[{"embeddable":true,"href":"https:\/\/muniica.gob.pe\/portal\/index.php\/wp-json\/wp\/v2\/users\/1"}],"replies":[{"embeddable":true,"href":"https:\/\/muniica.gob.pe\/portal\/index.php\/wp-json\/wp\/v2\/comments?post=79"}],"version-history":[{"count":104,"href":"https:\/\/muniica.gob.pe\/portal\/index.php\/wp-json\/wp\/v2\/pages\/79\/revisions"}],"predecessor-version":[{"id":2664,"href":"https:\/\/muniica.gob.pe\/portal\/index.php\/wp-json\/wp\/v2\/pages\/79\/revisions\/2664"}],"wp:attachment":[{"href":"https:\/\/muniica.gob.pe\/portal\/index.php\/wp-json\/wp\/v2\/media?parent=79"}],"curies":[{"name":"wp","href":"https:\/\/api.w.org\/{rel}","templated":true}]}}