{"id":625,"date":"2024-02-22T16:28:08","date_gmt":"2024-02-22T16:28:08","guid":{"rendered":"https:\/\/muniica.gob.pe\/portal\/?page_id=625"},"modified":"2026-01-21T15:29:37","modified_gmt":"2026-01-21T15:29:37","slug":"decreto-del-alcaldia-2024","status":"publish","type":"page","link":"https:\/\/muniica.gob.pe\/portal\/index.php\/decreto-del-alcaldia-2024\/","title":{"rendered":"Decreto del Alcald\u00eda 2024"},"content":{"rendered":"\t\t<div data-elementor-type=\"wp-page\" data-elementor-id=\"625\" class=\"elementor elementor-625\">\n\t\t\t\t<div class=\"elementor-element elementor-element-fd1ff66 e-flex e-con-boxed e-con e-parent\" data-id=\"fd1ff66\" data-element_type=\"container\" data-e-type=\"container\">\n\t\t\t\t\t<div class=\"e-con-inner\">\n\t\t\t\t<div class=\"elementor-element elementor-element-a06fd62 elementor-widget elementor-widget-heading\" data-id=\"a06fd62\" data-element_type=\"widget\" data-e-type=\"widget\" data-widget_type=\"heading.default\">\n\t\t\t\t<div class=\"elementor-widget-container\">\n\t\t\t\t\t<h2 class=\"elementor-heading-title elementor-size-default\">DECRETO DEL ALCALD\u00cdA 2024<\/h2>\t\t\t\t<\/div>\n\t\t\t\t<\/div>\n\t\t\t\t\t<\/div>\n\t\t\t\t<\/div>\n\t\t<div class=\"elementor-element elementor-element-93ed7d6 e-flex e-con-boxed e-con e-parent\" data-id=\"93ed7d6\" data-element_type=\"container\" data-e-type=\"container\">\n\t\t\t\t\t<div class=\"e-con-inner\">\n\t\t\t\t<div class=\"elementor-element elementor-element-1f1a8c5 elementor-widget elementor-widget-shortcode\" data-id=\"1f1a8c5\" data-element_type=\"widget\" data-e-type=\"widget\" data-widget_type=\"shortcode.default\">\n\t\t\t\t<div class=\"elementor-widget-container\">\n\t\t\t\t\t\t\t<div class=\"elementor-shortcode\">\n<table id=\"tablepress-33\" class=\"tablepress tablepress-id-33\">\n<thead>\n<tr class=\"row-1\">\n\t<th class=\"column-1\">N\u00b0 de Decreto<\/th><th class=\"column-2\">Descripci\u00f3n<\/th><th class=\"column-3\">Descargar<\/th>\n<\/tr>\n<\/thead>\n<tbody class=\"row-striping row-hover\">\n<tr class=\"row-2\">\n\t<td class=\"column-1\">D.A N\u00b0 001<\/td><td class=\"column-2\">APROBAR, el Cronograma General del proceso de Presupuesto Participativo 2025 de la Municipalidad Provincial de Ica<\/td><td class=\"column-3\"><a href=\"https:\/\/muniica.gob.pe\/transparencia\/GESTION2024\/DECRETOS2024\/DECRETO%20DE%20ALCALD%C3%8DA%20N%C2%AA001-2024-AMP.pdf\">DESCARGAR AQU\u00cd<\/a><\/td>\n<\/tr>\n<tr class=\"row-3\">\n\t<td class=\"column-1\">D.A N\u00b0 002<\/td><td class=\"column-2\">APROBAR la Reconversi\u00f3n de los T\u00e9rminos Porcentuales Vigentes contenidos en el Cuadro de Infracciones y Sanciones Administrativas (CISA)  de la Municipalidad Provincial de Ica, actualizados en funci\u00f3n a la UIT establecida para el a\u00f1o Fiscal 2024<\/td><td class=\"column-3\"><a href=\"https:\/\/muniica.gob.pe\/transparencia\/GESTION2024\/DECRETOS2024\/DECRETO%20DE%20ALCALD%C3%8DA%20N%C2%AA002-2024-AMP.pdf\">DESCARGAR AQU\u00cd<\/a><\/td>\n<\/tr>\n<tr class=\"row-4\">\n\t<td class=\"column-1\">D.A N\u00b0 003<\/td><td class=\"column-2\">ACREDITAR como Agentes Participantes en el Proceso del Presupuesto Participativo de la Municipalidad Provincial de Ica correspondiente al a\u00f1o fiscal 2025, a los representantes de las Instituciones seg\u00fan el siguiente detalle:<\/td><td class=\"column-3\"><a href=\"https:\/\/muniica.gob.pe\/transparencia\/GESTION2024\/DECRETOS2024\/DECRETO%20DE%20ALCALD%C3%8DA%20N%C2%AA003-2024-AMP.pdf\">DESCARGAR AQU\u00cd<\/a><\/td>\n<\/tr>\n<tr class=\"row-5\">\n\t<td class=\"column-1\">D.A N\u00b0 004<\/td><td class=\"column-2\">Convocar a la Ciudadan\u00eda a la Audiencia Publica de Rendici\u00f3n de Cuentas de la Municipalidad Provincial de Ica, conforme se detalla a a continuaci\u00f3n:<\/td><td class=\"column-3\"><a href=\"https:\/\/muniica.gob.pe\/transparencia\/GESTION2024\/DECRETOS2024\/DECRETO%20DE%20ALCALD%C3%8DA%20N%C2%AA004-2024-AMP.pdf\">DESCARGAR AQU\u00cd<\/a><\/td>\n<\/tr>\n<tr class=\"row-6\">\n\t<td class=\"column-1\">D.A N\u00b0 005<\/td><td class=\"column-2\">DECLARAR en el \u00e1mbito de la Jurisdicci\u00f3n de la Provincia de Ica, los d\u00edas lunes 17 y martes 25 de junio del 2024, como \"D\u00cdAS C\u00cdVICOS PATRI\u00d3TICOS DE LA PROVINCIA DE ICA\"<\/td><td class=\"column-3\"><a href=\"https:\/\/muniica.gob.pe\/transparencia\/GESTION2024\/DECRETOS2024\/DECRETO%20DE%20ALCALD%C3%8DA%20N%C2%AA005-2024-AMP.pdf\">DESCARGAR AQU\u00cd<\/a><\/td>\n<\/tr>\n<tr class=\"row-7\">\n\t<td class=\"column-1\">D.A N\u00b0 007<\/td><td class=\"column-2\">DISPONER, a partir del 1ro de Junio 2024 la implementaci\u00f3n progresiva del Reglamento de Organizaci\u00f3n y Funciones y la nueva Estructura Org\u00e1nica de la Municipalidad Provincial de Ica, aprobada por Ordenanza Municipal N\u00b0 010-2024-AMPI <\/td><td class=\"column-3\"><a href=\"https:\/\/muniica.gob.pe\/transparencia\/GESTION2024\/DECRETOS2024\/DECRETO%20DE%20ALCALD%C3%8DA%20N%C2%AA007-2024-AMP.pdf\">DESCARGAR AQU\u00cd<\/a><\/td>\n<\/tr>\n<tr class=\"row-8\">\n\t<td class=\"column-1\">D.A N\u00b0 008<\/td><td class=\"column-2\">DISPONER el EMBANDERAMIENTO GENERAL con la Bandera del Per\u00fa, de todos los predios e inmuebles del sector p\u00fablico y sector privado, y viviendas del distrito de Ica, provincia de Ica desde el domingo 07 hasta el mi\u00e9rcoles 31 de julio<\/td><td class=\"column-3\"><a href=\"https:\/\/muniica.gob.pe\/transparencia\/GESTION2024\/DECRETOS2024\/DECRETO%20DE%20ALCALD%C3%8DA%20N%C2%AA008-2024-AMP.pdf\">DESCARGAR AQU\u00cd<\/a><\/td>\n<\/tr>\n<tr class=\"row-9\">\n\t<td class=\"column-1\">D.A N\u00b0 009<\/td><td class=\"column-2\">PRORROGAR la vigencia de la Ordenanza Municipal N\u00b0 014-2024-MPI,  la misma que establece: Otorga el beneficio de amnist\u00eda de deuda no tributaria por concepto de infracciones al reglamento nacional de tr\u00e1nsito y deuda por concepto de tasa por internamiento vehicular en la provincia de Ica.<\/td><td class=\"column-3\"><a href=\"https:\/\/muniica.gob.pe\/transparencia\/GESTION2024\/DECRETOS2024\/DECRETO%20DE%20ALCALD%C3%8DA%20N%C2%AA009-2024-AMP.pdf\">DESCARGAR AQU\u00cd<\/a><\/td>\n<\/tr>\n<tr class=\"row-10\">\n\t<td class=\"column-1\">D.A N\u00b0 010<\/td><td class=\"column-2\">Convocar a la Ciudadan\u00eda  a la Audiencia Publica de Rendici\u00f3n de Cuentas  de la Municipalidad Provincial de Ica, conforme se detalla a continuaci\u00f3n<\/td><td class=\"column-3\"><a href=\"https:\/\/muniica.gob.pe\/transparencia\/GESTION2024\/DECRETOS2024\/DECRETO%20DE%20ALCALD%C3%8DA%20N%C2%AA010-2024-AMP.pdf\">DESCARGAR AQU\u00cd<\/a><\/td>\n<\/tr>\n<tr class=\"row-11\">\n\t<td class=\"column-1\">D.A N\u00b0 011<\/td><td class=\"column-2\">PRORROGAR la vigencia de la Ordenanza Municipal N\u00b0 025-2024-MPI, de la AMNISTIA del Beneficio Tributario Denominado \"Termina el A\u00f1o sin Deudas\", Impuesto Predial, Vehicular, Impuesto al Alcabala y Arbitrios Municipales<\/td><td class=\"column-3\"><a href=\"https:\/\/muniica.gob.pe\/transparencia\/GESTION2024\/DECRETOS2024\/DECRETO%20DE%20ALCALD%C3%8DA%20N%C2%AA011-2024-AMP.pdf\">DESCARGAR AQU\u00cd<\/a><\/td>\n<\/tr>\n<tr class=\"row-12\">\n\t<td class=\"column-1\">D.A N\u00b0 012<\/td><td class=\"column-2\">PRORROGAR la vigencia de la Ordenanza Municipal N\u00b0 014-2024-MPI, la misma que establece: Otorgar el beneficio de amnist\u00eda de deuda no tributaria por concepto de infracciones al reglamento nacional de tr\u00e1nsito y deuda por concepto de tasa por internamiento vehicular en la provincia de Ica<\/td><td class=\"column-3\"><a href=\"https:\/\/muniica.gob.pe\/transparencia\/GESTION2024\/DECRETOS2024\/DECRETO%20DE%20ALCALD%C3%8DA%20N%C2%AA012-2024-AMP.pdf\">DESCARGAR AQU\u00cd<\/a><\/td>\n<\/tr>\n<tr class=\"row-13\">\n\t<td class=\"column-1\">D.A N\u00b0 013<\/td><td class=\"column-2\">PRORROGAR la vigencia de la Ordenanza Municipal N\u00b0 007-2024-MPI, DE AMINISTIA DE LA MULTA EN EL PROCESO DE REGULARIZACI\u00d3N DE LICENCIA DE EDIFICACI\u00d3N Y OTR, hasta el d\u00eda 31 de diciembre del 2024<\/td><td class=\"column-3\"><a href=\"https:\/\/muniica.gob.pe\/transparencia\/GESTION2024\/DECRETOS2024\/DECRETO%20DE%20ALCALD%C3%8DA%20N%C2%AA013-2024-AMP.pdf\">DESCARGAR AQU\u00cd<\/a><\/td>\n<\/tr>\n<tr class=\"row-14\">\n\t<td class=\"column-1\">D.A N\u00b0 014<\/td><td class=\"column-2\">CONFORMAR el Comit\u00e9 Electoral para la elecci\u00f3n de los representantes de la Sociedad Civil ante el Concejo de Coordinaci\u00f3n Local Provincial - CCL  de la Provincia de Ica, periodo 2024-2026, seg\u00fan el siguiente detalle:<\/td><td class=\"column-3\"><a href=\"https:\/\/muniica.gob.pe\/transparencia\/GESTION2024\/DECRETOS2024\/DECRETO%20DE%20ALCALD%C3%8DA%20N%C2%AA014-2024-AMP.pdf\">DESCARGAR AQU\u00cd<\/a><\/td>\n<\/tr>\n<tr class=\"row-15\">\n\t<td class=\"column-1\">D.A N\u00b0 015<\/td><td class=\"column-2\">PRORROGAR la vigencia de la Ordenanza Municipal N\u00b0 025-2024-MPI, de la AMINISTIA del Beneficio Tributario Denominado \"Termino el A\u00f1o Sin Deudas\" Impuesto Predial, Vehicular, Impuesto al Alcabala y Arbitrios Municipales, pr\u00f3rroga que tendra vigencia hasta el 31 de Diciembre del 2024<\/td><td class=\"column-3\"><a href=\"https:\/\/muniica.gob.pe\/transparencia\/GESTION2024\/DECRETOS2024\/DECRETO%20DE%20ALCALD%C3%8DA%20N%C2%AA015-2024-AMP.pdf\">DESCARGAR AQU\u00cd<\/a><\/td>\n<\/tr>\n<tr class=\"row-16\">\n\t<td class=\"column-1\">D.A N\u00b0 016<\/td><td class=\"column-2\">APRU\u00c9BESE la integraci\u00f3n de la Biblioteca Municipal \"Jose de San Martin\" de la Municipalidad Provincial de Ica a la Red de Bibliotecas P\u00fablicas Municipales en la Provincia de Ica<\/td><td class=\"column-3\"><a href=\"https:\/\/muniica.gob.pe\/transparencia\/GESTION2024\/DECRETOS2024\/DECRETO%20DE%20ALCALD%C3%8DA%20N%C2%AA016-2024-AMP.pdf\">DESCARGAR AQU\u00cd<\/a><\/td>\n<\/tr>\n<tr class=\"row-17\">\n\t<td class=\"column-1\">D.A N\u00b0 017<\/td><td class=\"column-2\">Aprobar la pr\u00f3rroga del plazo de vigencia por (90) noventa d\u00edas calendarios de la Ordenanza Municipal N\u00b0 035-2024-MPI<\/td><td class=\"column-3\"><a href=\"https:\/\/muniica.gob.pe\/transparencia\/GESTION2024\/DECRETOS2024\/DECRETO%20DE%20ALCALD%C3%8DA%20N%C2%AA017-2024-AMP.pdf\">DESCARGAR AQU\u00cd<\/a><\/td>\n<\/tr>\n<\/tbody>\n<\/table>\n<\/div>\n\t\t\t\t\t\t<\/div>\n\t\t\t\t<\/div>\n\t\t\t\t\t<\/div>\n\t\t\t\t<\/div>\n\t\t\t\t<\/div>\n\t\t","protected":false},"excerpt":{"rendered":"<p>DECRETO DEL ALCALD\u00cdA 2024<\/p>\n","protected":false},"author":1,"featured_media":0,"parent":0,"menu_order":0,"comment_status":"closed","ping_status":"closed","template":"","meta":{"site-sidebar-layout":"default","site-content-layout":"","ast-site-content-layout":"default","site-content-style":"default","site-sidebar-style":"default","ast-global-header-display":"disabled","ast-banner-title-visibility":"disabled","ast-main-header-display":"","ast-hfb-above-header-display":"","ast-hfb-below-header-display":"","ast-hfb-mobile-header-display":"","site-post-title":"","ast-breadcrumbs-content":"","ast-featured-img":"","footer-sml-layout":"disabled","ast-disable-related-posts":"","theme-transparent-header-meta":"","adv-header-id-meta":"","stick-header-meta":"","header-above-stick-meta":"","header-main-stick-meta":"","header-below-stick-meta":"","astra-migrate-meta-layouts":"default","ast-page-background-enabled":"default","ast-page-background-meta":{"desktop":{"background-color":"var(--ast-global-color-5)","background-image":"","background-repeat":"repeat","background-position":"center center","background-size":"auto","background-attachment":"scroll","background-type":"","background-media":"","overlay-type":"","overlay-color":"","overlay-opacity":"","overlay-gradient":""},"tablet":{"background-color":"","background-image":"","background-repeat":"repeat","background-position":"center center","background-size":"auto","background-attachment":"scroll","background-type":"","background-media":"","overlay-type":"","overlay-color":"","overlay-opacity":"","overlay-gradient":""},"mobile":{"background-color":"","background-image":"","background-repeat":"repeat","background-position":"center center","background-size":"auto","background-attachment":"scroll","background-type":"","background-media":"","overlay-type":"","overlay-color":"","overlay-opacity":"","overlay-gradient":""}},"ast-content-background-meta":{"desktop":{"background-color":"var(--ast-global-color-4)","background-image":"","background-repeat":"repeat","background-position":"center center","background-size":"auto","background-attachment":"scroll","background-type":"","background-media":"","overlay-type":"","overlay-color":"","overlay-opacity":"","overlay-gradient":""},"tablet":{"background-color":"var(--ast-global-color-4)","background-image":"","background-repeat":"repeat","background-position":"center center","background-size":"auto","background-attachment":"scroll","background-type":"","background-media":"","overlay-type":"","overlay-color":"","overlay-opacity":"","overlay-gradient":""},"mobile":{"background-color":"var(--ast-global-color-4)","background-image":"","background-repeat":"repeat","background-position":"center center","background-size":"auto","background-attachment":"scroll","background-type":"","background-media":"","overlay-type":"","overlay-color":"","overlay-opacity":"","overlay-gradient":""}},"_themeisle_gutenberg_block_has_review":false,"footnotes":""},"class_list":["post-625","page","type-page","status-publish","hentry"],"_links":{"self":[{"href":"https:\/\/muniica.gob.pe\/portal\/index.php\/wp-json\/wp\/v2\/pages\/625","targetHints":{"allow":["GET"]}}],"collection":[{"href":"https:\/\/muniica.gob.pe\/portal\/index.php\/wp-json\/wp\/v2\/pages"}],"about":[{"href":"https:\/\/muniica.gob.pe\/portal\/index.php\/wp-json\/wp\/v2\/types\/page"}],"author":[{"embeddable":true,"href":"https:\/\/muniica.gob.pe\/portal\/index.php\/wp-json\/wp\/v2\/users\/1"}],"replies":[{"embeddable":true,"href":"https:\/\/muniica.gob.pe\/portal\/index.php\/wp-json\/wp\/v2\/comments?post=625"}],"version-history":[{"count":5,"href":"https:\/\/muniica.gob.pe\/portal\/index.php\/wp-json\/wp\/v2\/pages\/625\/revisions"}],"predecessor-version":[{"id":2515,"href":"https:\/\/muniica.gob.pe\/portal\/index.php\/wp-json\/wp\/v2\/pages\/625\/revisions\/2515"}],"wp:attachment":[{"href":"https:\/\/muniica.gob.pe\/portal\/index.php\/wp-json\/wp\/v2\/media?parent=625"}],"curies":[{"name":"wp","href":"https:\/\/api.w.org\/{rel}","templated":true}]}}