{"id":445,"date":"2023-12-04T19:18:47","date_gmt":"2023-12-04T19:18:47","guid":{"rendered":"https:\/\/muniica.gob.pe\/portal\/?page_id=445"},"modified":"2026-01-21T15:42:18","modified_gmt":"2026-01-21T15:42:18","slug":"ordenanza-municipal-2019","status":"publish","type":"page","link":"https:\/\/muniica.gob.pe\/portal\/index.php\/ordenanza-municipal-2019\/","title":{"rendered":"Ordenanza Municipal 2019"},"content":{"rendered":"\t\t<div data-elementor-type=\"wp-page\" data-elementor-id=\"445\" class=\"elementor elementor-445\">\n\t\t\t\t<div class=\"elementor-element elementor-element-a80065e e-flex e-con-boxed e-con e-parent\" data-id=\"a80065e\" data-element_type=\"container\" data-e-type=\"container\">\n\t\t\t\t\t<div class=\"e-con-inner\">\n\t\t\t\t<div class=\"elementor-element elementor-element-8edd7ca elementor-widget elementor-widget-heading\" data-id=\"8edd7ca\" data-element_type=\"widget\" data-e-type=\"widget\" data-widget_type=\"heading.default\">\n\t\t\t\t<div class=\"elementor-widget-container\">\n\t\t\t\t\t<h2 class=\"elementor-heading-title elementor-size-default\">ORDENANZA MUNICIPAL 2019<\/h2>\t\t\t\t<\/div>\n\t\t\t\t<\/div>\n\t\t\t\t\t<\/div>\n\t\t\t\t<\/div>\n\t\t<div class=\"elementor-element elementor-element-2dcabea e-flex e-con-boxed e-con e-parent\" data-id=\"2dcabea\" data-element_type=\"container\" data-e-type=\"container\">\n\t\t\t\t\t<div class=\"e-con-inner\">\n\t\t\t\t<div class=\"elementor-element elementor-element-7d93c9b elementor-widget elementor-widget-shortcode\" data-id=\"7d93c9b\" data-element_type=\"widget\" data-e-type=\"widget\" data-widget_type=\"shortcode.default\">\n\t\t\t\t<div class=\"elementor-widget-container\">\n\t\t\t\t\t\t\t<div class=\"elementor-shortcode\">\n<table id=\"tablepress-27\" class=\"tablepress tablepress-id-27\">\n<thead>\n<tr class=\"row-1\">\n\t<th class=\"column-1\">N\u00b0<\/th><th class=\"column-2\">Descripci\u00f3n<\/th><th class=\"column-3\">Descargar<\/th>\n<\/tr>\n<\/thead>\n<tbody class=\"row-striping row-hover\">\n<tr class=\"row-2\">\n\t<td class=\"column-1\">O.M N\u00ba 001.<\/td><td class=\"column-2\">APROBAR el reajuste de las tasas por concepto de Arbitrios Municipales (Limpieza Publica, Parques y jardines y Serenazgo) del a;o 2019.<\/td><td class=\"column-3\"><a href=\"https:\/\/muniica.gob.pe\/transparencia\/GESTION2019\/Ordenanzas2019\/ODENANZA%20MUNICIPAL%20N%c2%ba001%20-2019-MPI.pdf\">Descargar Aqu\u00ed<\/a><\/td>\n<\/tr>\n<tr class=\"row-3\">\n\t<td class=\"column-1\">O.M N\u00ba 002.<\/td><td class=\"column-2\">APROBAR EL PLAN LOCAL DE ACCI\u00d3N DE SEGURIDAD CIUDADANA 2019, asimismo, APROBAR EL PLAN PROVINCIAL DE SEGURIDAD CIUDADANA 2019.<\/td><td class=\"column-3\"><a href=\"https:\/\/muniica.gob.pe\/transparencia\/GESTION2019\/Ordenanzas2019\/ODENANZA%20MUNICIPAL%20N%c2%ba002%20-2019-MPI.pdf\">Descargar Aqu\u00ed<\/a><\/td>\n<\/tr>\n<tr class=\"row-4\">\n\t<td class=\"column-1\">O.M N\u00ba 003.<\/td><td class=\"column-2\">APROBAR el Planeamiento Integral- Asignaci\u00f3n de Zonificaci\u00f3n de dos (02) Parcelas Contiguas, cuya \u00e1rea golbal es de 76,2874 H\u00e1s, seg\u00fan Ficha Registral ubicados a la altura del Km. 273.5 y Km 275 de la carretera Panamericana Sur.<\/td><td class=\"column-3\"><a href=\"https:\/\/muniica.gob.pe\/transparencia\/GESTION2019\/Ordenanzas2019\/ODENANZA%20MUNICIPAL%20N%c2%ba003%20-2019-MPI.pdf\">Descargar Aqu\u00ed<\/a><\/td>\n<\/tr>\n<tr class=\"row-5\">\n\t<td class=\"column-1\">O.M N\u00ba 004.<\/td><td class=\"column-2\">INCORPORAR el numeral 20, al Articulo 4\u00ba, quedando como sigue:<\/td><td class=\"column-3\"><a href=\"https:\/\/muniica.gob.pe\/transparencia\/GESTION2019\/Ordenanzas2019\/ODENANZA%20MUNICIPAL%20N%c2%ba004%20-2019-MPI.pdf\">Descargar Aqu\u00ed<\/a><\/td>\n<\/tr>\n<tr class=\"row-6\">\n\t<td class=\"column-1\">O.M N\u00ba 005.<\/td><td class=\"column-2\">APROBAR la propuesta de Exoneraci\u00f3n de pagos por realizaci\u00f3n de Matrimonio Civil que se encuentra establecido en el TUPA de la entidad, seg\u00fan la propuesta de la Sub Gerencia de Registro Civil.<\/td><td class=\"column-3\"><a href=\"https:\/\/muniica.gob.pe\/transparencia\/GESTION2019\/Ordenanzas2019\/ODENANZA%20MUNICIPAL%20N%c2%ba005%20-2019-MPI.pdf\">Descargar Aqu\u00ed<\/a><\/td>\n<\/tr>\n<tr class=\"row-7\">\n\t<td class=\"column-1\">O.M N\u00ba 006.<\/td><td class=\"column-2\">EXONERAR el 50% del pago de la tasa de arbitrios municipales de limpieza p\u00fablica, mantenimiento de \u00e1reas verdes y dominio p\u00fablico, y seguridad ciudadana por todo el ejercicio fiscal 2019, a los pensionistas y personas adultas mayores; que re\u00fanan los requisitos establecidos en el articulo 19\u00ba..<\/td><td class=\"column-3\"><a href=\"https:\/\/muniica.gob.pe\/transparencia\/GESTION2019\/Ordenanzas2019\/ODENANZA%20MUNICIPAL%20N%c2%ba006%20-2019-MPI.pdf\">Descargar Aqu\u00ed<\/a><\/td>\n<\/tr>\n<tr class=\"row-8\">\n\t<td class=\"column-1\">O.M N\u00ba 007.<\/td><td class=\"column-2\">La presente Ordenanza es de cumplimiento obligatorio para el personal de la Municipalidad Provincial de Ica, para lo cual se deber\u00e1 adecuar la normativa interna a fin de proceder a su cumplimiento.<\/td><td class=\"column-3\"><a href=\"https:\/\/muniica.gob.pe\/transparencia\/GESTION2019\/Ordenanzas2019\/ODENANZA%20MUNICIPAL%20N%c2%ba007%20-2019-MPI.pdf\">Descargar Aqu\u00ed<\/a><\/td>\n<\/tr>\n<tr class=\"row-9\">\n\t<td class=\"column-1\">O.M N\u00ba 008.<\/td><td class=\"column-2\">APROBAR la \"ORDENANZA MUNICIPAL QUE ADECUA Y REGULA EL PROCEDIMIENTO PARA EL OTORGAMIENTO DE LA LICENCIA DE FUNCIONAMIENTO Y VINCULADOS EN EL \u00c1MBITO DEL DISTRITO DEL CERCADO DE ICA\".<\/td><td class=\"column-3\"><a href=\"https:\/\/muniica.gob.pe\/transparencia\/GESTION2019\/Ordenanzas2019\/ODENANZA%20MUNICIPAL%20N%c2%ba008%20-2019-MPI.pdf\">Descargar Aqu\u00ed<\/a><\/td>\n<\/tr>\n<tr class=\"row-10\">\n\t<td class=\"column-1\">O.M N\u00ba 009.<\/td><td class=\"column-2\">APROBAR la modificaci\u00f3n del Texto \u00fanico de Procedimientos Administrativos (TUPA), de la Municipalidad Provincial de Ica, aprobado mediante Ordenanza Municipal N\u00ba 012-2018-MPI.<\/td><td class=\"column-3\"><a href=\"https:\/\/muniica.gob.pe\/transparencia\/GESTION2019\/Ordenanzas2019\/ODENANZA%20MUNICIPAL%20N%c2%ba009%20-2019-MPI.pdf\">Descargar Aqu\u00ed<\/a><\/td>\n<\/tr>\n<tr class=\"row-11\">\n\t<td class=\"column-1\">O.M N\u00ba 010.<\/td><td class=\"column-2\">RECTIFICAR los errores materiales existentes en la parte final de la Ordenanza Municipal N\u00ba 022-2007-MPI, de fecha 30 de noviembre de 2007.<\/td><td class=\"column-3\"><a href=\"https:\/\/muniica.gob.pe\/transparencia\/GESTION2019\/Ordenanzas2019\/ODENANZA%20MUNICIPAL%20N%c2%ba010%20-2019-MPI.pdf\">Descargar Aqu\u00ed<\/a><\/td>\n<\/tr>\n<tr class=\"row-12\">\n\t<td class=\"column-1\">O.M N\u00ba 011.<\/td><td class=\"column-2\">DECLARAR la cultura gallista como tradici\u00f3n ique\u00f1a, dentro de la Jurisdicci\u00f3n del Gobierno Local Provincial, reflej\u00e1ndose su fiesta y tradici\u00f3n por intermedio del combate de gallos a navaja, denominado fiesta del Combate del \"Gallo Peruano Navajero\".<\/td><td class=\"column-3\"><a href=\"https:\/\/muniica.gob.pe\/transparencia\/GESTION2019\/Ordenanzas2019\/ODENANZA%20MUNICIPAL%20N%c2%ba011%20-2019-MPI.pdf\">Descargar Aqu\u00ed<\/a><\/td>\n<\/tr>\n<tr class=\"row-13\">\n\t<td class=\"column-1\">O.M N\u00ba 012.<\/td><td class=\"column-2\">Todo lo no considerado y que no se contraponga a la presente Ordenanza se regir\u00e1, de manera supletoria, conforme a lo se\u00f1alado en el D.S. N\u00ba 011-2017-VIVIENDA (15-05-2017), Reglamento de Licencias de Habilitaci\u00f3n Urbana y Licencias de Edificaci\u00f3n.<\/td><td class=\"column-3\"><a href=\"https:\/\/muniica.gob.pe\/transparencia\/GESTION2019\/Ordenanzas2019\/ODENANZA%20MUNICIPAL%20N%c2%ba012%20-2019-MPI.pdf\">Descargar Aqu\u00ed<\/a><\/td>\n<\/tr>\n<tr class=\"row-14\">\n\t<td class=\"column-1\">O.M N\u00ba 014.<\/td><td class=\"column-2\">FAC\u00daLTESE a la Alcaldesa a establecer mediante Decreto de Alcald\u00eda, dicte las normas complementarias y Reglamentarias necesarias para la correcta aplicaci\u00f3n de la presente Ordenanza, as\u00ed como la actualizaci\u00f3n de zonas r\u00edgidas para el comercio ambulatorio<\/td><td class=\"column-3\"><a href=\"https:\/\/muniica.gob.pe\/transparencia\/GESTION2019\/Ordenanzas2019\/ODENANZA%20MUNICIPAL%20N%c2%ba014%20-2019-MPI.pdf\">Descargar Aqu\u00ed<\/a><\/td>\n<\/tr>\n<tr class=\"row-15\">\n\t<td class=\"column-1\">O.M N\u00ba 015.<\/td><td class=\"column-2\">APROBAR la implementaci\u00f3n de una Mesa de Partes en la Gerencia de Transporte, Tr\u00e1nsito y Seguridad Vial, para atender las solicitudes y\/o pedidos de los administrados que son exclusivamente de su competencia<\/td><td class=\"column-3\"><a href=\"https:\/\/muniica.gob.pe\/transparencia\/GESTION2019\/Ordenanzas2019\/ODENANZA%20MUNICIPAL%20N%c2%ba015%20-2019-MPI.pdf\">Descargar Aqu\u00ed<\/a><\/td>\n<\/tr>\n<tr class=\"row-16\">\n\t<td class=\"column-1\">O.M N\u00ba 017.<\/td><td class=\"column-2\">Apru\u00e9bese la Amnist\u00eda de Multas Administrativas en las Resoluciones de Multas Administrativas y\/o Notificaciones de Infracci\u00f3n que correspondan a la Gerencia de Desarrollo Urbano, Gerencia de Desarrollo Econ\u00f3mico y Seguridad Ciudadana y la Gerencia de Protecci\u00f3n, Medio Ambiente y Salubridad.<\/td><td class=\"column-3\"><a href=\"https:\/\/muniica.gob.pe\/transparencia\/GESTION2019\/Ordenanzas2019\/ODENANZA%20MUNICIPAL%20N%c2%ba017%20-2019-MPI.pdf\">Descargar Aqu\u00ed<\/a><\/td>\n<\/tr>\n<tr class=\"row-17\">\n\t<td class=\"column-1\">O.M N\u00ba 018.<\/td><td class=\"column-2\">APROBAR la Ordenanza Municipal que INCORPORA un nuevo requisito en el Texto \u00fanico de Procedimientos Administrativos - TUPA de la Municipalidad Provincial de Ica, en el procedimiento 5.14 Autorizaci\u00f3n de Anuncios Temporales, en el requisito 1<\/td><td class=\"column-3\"><a href=\"https:\/\/muniica.gob.pe\/transparencia\/GESTION2019\/Ordenanzas2019\/ODENANZA%20MUNICIPAL%20N%c2%ba018%20-2019-MPI.pdf\">Descargar Aqu\u00ed<\/a><\/td>\n<\/tr>\n<tr class=\"row-18\">\n\t<td class=\"column-1\">O.M N\u00ba 019.<\/td><td class=\"column-2\">Aprobar la ORDENANZA MUNICIPAL DE AMNISTIA TRIBUTARIA PARA PAPELETAS DE INFRACCIONES AL REGLAMENTO DE TRANSITO Y DE LA TASA DE INTERNAMIENTO AL DEPOSITO MUNICIPAL DE INTERNAMIENTO DE VEH\u00cdCULOS.<\/td><td class=\"column-3\"><a href=\"https:\/\/muniica.gob.pe\/transparencia\/GESTION2019\/Ordenanzas2019\/ODENANZA%20MUNICIPAL%20N%c2%ba019%20-2019-MPI.pdf\">Descargar Aqu\u00ed<\/a><\/td>\n<\/tr>\n<tr class=\"row-19\">\n\t<td class=\"column-1\">O.M N\u00ba 020.<\/td><td class=\"column-2\">APRU\u00c9BESE la ordenanza municipal QUE REGULA LA AUTORIZACI\u00d3N MUNICIPAL PARA LA REALIZACI\u00d3N DE ESPECT\u00c1CULOS P\u00daBLICOS NO DEPORTIVOS DENTRO DE LA JURISDICCI\u00d3N DE LA MUNICIPALIDAD PROVINCIAL DE ICA.<\/td><td class=\"column-3\"><a href=\"https:\/\/muniica.gob.pe\/transparencia\/GESTION2019\/Ordenanzas2019\/ODENANZA%20MUNICIPAL%20N%c2%ba020%20-2019-MPI.pdf\">Descargar Aqu\u00ed<\/a><\/td>\n<\/tr>\n<tr class=\"row-20\">\n\t<td class=\"column-1\">O.M N\u00ba 021.<\/td><td class=\"column-2\">APROBAR EL PROGRAMA DE FORMALIZACI\u00d3N DEL COMERCIO AMBULATORIO DENTRO DE LA JURISDICCI\u00d3N DE LA MUNICIPALIDAD PROVINCIAL DE ICA.<\/td><td class=\"column-3\"><a href=\"https:\/\/muniica.gob.pe\/transparencia\/GESTION2019\/Ordenanzas2019\/ODENANZA%20MUNICIPAL%20N%c2%ba021%20-2019-MPI.pdf\">Descargar Aqu\u00ed<\/a><\/td>\n<\/tr>\n<tr class=\"row-21\">\n\t<td class=\"column-1\">O.M N\u00ba 022.<\/td><td class=\"column-2\">\u00c1mbito de Aplicaci\u00f3n: La Presente Ordenanza regula el r\u00e9gimen tributario Municipales de: Limpieza P\u00fablica (Barrido de Calles y Recolecci\u00f3n de Residuos Solidos), Parques y Jardines P\u00fablicos; y Serenazgo; para el ejercicio 2020, en la jurisdicci\u00f3n del distrito de Ica.<\/td><td class=\"column-3\"><a href=\"https:\/\/muniica.gob.pe\/transparencia\/GESTION2019\/Ordenanzas2019\/ODENANZA%20MUNICIPAL%20N%c2%ba022%20-2019-MPI.pdf\">Descargar Aqu\u00ed<\/a><\/td>\n<\/tr>\n<tr class=\"row-22\">\n\t<td class=\"column-1\">O.M N\u00ba 023.<\/td><td class=\"column-2\">La presente Ordenanza Municipal tendr\u00e1 vigencia Multianual .<\/td><td class=\"column-3\"><a href=\"https:\/\/muniica.gob.pe\/transparencia\/GESTION2019\/Ordenanzas2019\/ODENANZA%20MUNICIPAL%20N%c2%ba023%20-2019-MPI.pdf\">Descargar Aqu\u00ed<\/a><\/td>\n<\/tr>\n<tr class=\"row-23\">\n\t<td class=\"column-1\">O.M N\u00ba 024.<\/td><td class=\"column-2\">APROBAR la propuesta de Cambio de Zonificaci\u00f3n, del predio seg\u00fan plano de lotizaci\u00f3n aprobado por SUNARP denominado Parque N\u00ba 04 de la Urb. Santa Rosa del Palmar de Cachiche, distrito de Ica, Provincia e Ica.<\/td><td class=\"column-3\"><a href=\"https:\/\/muniica.gob.pe\/transparencia\/GESTION2019\/Ordenanzas2019\/ODENANZA%20MUNICIPAL%20N%c2%ba024%20-2019-MPI.pdf\">Descargar Aqu\u00ed<\/a><\/td>\n<\/tr>\n<tr class=\"row-24\">\n\t<td class=\"column-1\">O.M N\u00ba 025.<\/td><td class=\"column-2\">Aprobar la Ordenanza Municipal que declara de inter\u00e9s p\u00fablico el saneamiento f\u00edsico legal en la modalidad de formalizaci\u00f3n y titulaci\u00f3n los predios destinados a la condici\u00f3n de uso urbanos y asentamientos humanos, ubicados en la provincia de Ica.<\/td><td class=\"column-3\"><a href=\"https:\/\/muniica.gob.pe\/transparencia\/GESTION2019\/Ordenanzas2019\/ODENANZA%20MUNICIPAL%20N%c2%ba025%20-2019-MPI.pdf\">Descargar Aqu\u00ed<\/a><\/td>\n<\/tr>\n<tr class=\"row-25\">\n\t<td class=\"column-1\">O.M N\u00ba 026.<\/td><td class=\"column-2\">DEJAR SIN EFECTO cualquier disposici\u00f3n municipal que se oponga a la presente Ordenanza Municipal<\/td><td class=\"column-3\"><a href=\"https:\/\/muniica.gob.pe\/transparencia\/GESTION2019\/Ordenanzas2019\/ODENANZA%20MUNICIPAL%20N%c2%ba026%20-2019-MPI.pdf\">Descargar Aqu\u00ed<\/a><\/td>\n<\/tr>\n<tr class=\"row-26\">\n\t<td class=\"column-1\">O.M N\u00ba 027.<\/td><td class=\"column-2\">La presente Ordenanza tiene como objetivo modificar disposiciones contenidas en la ORDENANZA MUNICIPAL N\u00ba 010-2014-MPI fecha 02 de julio del a\u00f1o 2014. que \"APRUEBA EL REGLAMENTO PARA LA INSTALACI\u00d3N DE ELEMENTOS DE PUBLICIDAD EXTERIOR EN EL DISTRITO DE ICA\"<\/td><td class=\"column-3\"><a href=\"https:\/\/muniica.gob.pe\/transparencia\/GESTION2019\/Ordenanzas2019\/ODENANZA%20MUNICIPAL%20N%c2%ba027%20-2019-MPI.pdf\">Descargar Aqu\u00ed<\/a><\/td>\n<\/tr>\n<\/tbody>\n<\/table>\n<!-- #tablepress-27 from cache --><\/div>\n\t\t\t\t\t\t<\/div>\n\t\t\t\t<\/div>\n\t\t\t\t\t<\/div>\n\t\t\t\t<\/div>\n\t\t\t\t<\/div>\n\t\t","protected":false},"excerpt":{"rendered":"<p>ORDENANZA MUNICIPAL 2019<\/p>\n","protected":false},"author":1,"featured_media":0,"parent":0,"menu_order":0,"comment_status":"closed","ping_status":"closed","template":"","meta":{"site-sidebar-layout":"default","site-content-layout":"","ast-site-content-layout":"default","site-content-style":"default","site-sidebar-style":"default","ast-global-header-display":"disabled","ast-banner-title-visibility":"disabled","ast-main-header-display":"","ast-hfb-above-header-display":"","ast-hfb-below-header-display":"","ast-hfb-mobile-header-display":"","site-post-title":"","ast-breadcrumbs-content":"","ast-featured-img":"","footer-sml-layout":"disabled","ast-disable-related-posts":"","theme-transparent-header-meta":"","adv-header-id-meta":"","stick-header-meta":"","header-above-stick-meta":"","header-main-stick-meta":"","header-below-stick-meta":"","astra-migrate-meta-layouts":"default","ast-page-background-enabled":"default","ast-page-background-meta":{"desktop":{"background-color":"var(--ast-global-color-5)","background-image":"","background-repeat":"repeat","background-position":"center center","background-size":"auto","background-attachment":"scroll","background-type":"","background-media":"","overlay-type":"","overlay-color":"","overlay-opacity":"","overlay-gradient":""},"tablet":{"background-color":"","background-image":"","background-repeat":"repeat","background-position":"center center","background-size":"auto","background-attachment":"scroll","background-type":"","background-media":"","overlay-type":"","overlay-color":"","overlay-opacity":"","overlay-gradient":""},"mobile":{"background-color":"","background-image":"","background-repeat":"repeat","background-position":"center center","background-size":"auto","background-attachment":"scroll","background-type":"","background-media":"","overlay-type":"","overlay-color":"","overlay-opacity":"","overlay-gradient":""}},"ast-content-background-meta":{"desktop":{"background-color":"var(--ast-global-color-4)","background-image":"","background-repeat":"repeat","background-position":"center center","background-size":"auto","background-attachment":"scroll","background-type":"","background-media":"","overlay-type":"","overlay-color":"","overlay-opacity":"","overlay-gradient":""},"tablet":{"background-color":"var(--ast-global-color-4)","background-image":"","background-repeat":"repeat","background-position":"center center","background-size":"auto","background-attachment":"scroll","background-type":"","background-media":"","overlay-type":"","overlay-color":"","overlay-opacity":"","overlay-gradient":""},"mobile":{"background-color":"var(--ast-global-color-4)","background-image":"","background-repeat":"repeat","background-position":"center center","background-size":"auto","background-attachment":"scroll","background-type":"","background-media":"","overlay-type":"","overlay-color":"","overlay-opacity":"","overlay-gradient":""}},"_themeisle_gutenberg_block_has_review":false,"footnotes":""},"class_list":["post-445","page","type-page","status-publish","hentry"],"_links":{"self":[{"href":"https:\/\/muniica.gob.pe\/portal\/index.php\/wp-json\/wp\/v2\/pages\/445","targetHints":{"allow":["GET"]}}],"collection":[{"href":"https:\/\/muniica.gob.pe\/portal\/index.php\/wp-json\/wp\/v2\/pages"}],"about":[{"href":"https:\/\/muniica.gob.pe\/portal\/index.php\/wp-json\/wp\/v2\/types\/page"}],"author":[{"embeddable":true,"href":"https:\/\/muniica.gob.pe\/portal\/index.php\/wp-json\/wp\/v2\/users\/1"}],"replies":[{"embeddable":true,"href":"https:\/\/muniica.gob.pe\/portal\/index.php\/wp-json\/wp\/v2\/comments?post=445"}],"version-history":[{"count":5,"href":"https:\/\/muniica.gob.pe\/portal\/index.php\/wp-json\/wp\/v2\/pages\/445\/revisions"}],"predecessor-version":[{"id":2527,"href":"https:\/\/muniica.gob.pe\/portal\/index.php\/wp-json\/wp\/v2\/pages\/445\/revisions\/2527"}],"wp:attachment":[{"href":"https:\/\/muniica.gob.pe\/portal\/index.php\/wp-json\/wp\/v2\/media?parent=445"}],"curies":[{"name":"wp","href":"https:\/\/api.w.org\/{rel}","templated":true}]}}