{"id":428,"date":"2023-12-04T18:51:39","date_gmt":"2023-12-04T18:51:39","guid":{"rendered":"https:\/\/muniica.gob.pe\/portal\/?page_id=428"},"modified":"2026-01-21T15:43:36","modified_gmt":"2026-01-21T15:43:36","slug":"ordenanza-municipal-2021","status":"publish","type":"page","link":"https:\/\/muniica.gob.pe\/portal\/index.php\/ordenanza-municipal-2021\/","title":{"rendered":"Ordenanza Municipal 2021"},"content":{"rendered":"\t\t<div data-elementor-type=\"wp-page\" data-elementor-id=\"428\" class=\"elementor elementor-428\">\n\t\t\t\t<div class=\"elementor-element elementor-element-652b203 e-flex e-con-boxed e-con e-parent\" data-id=\"652b203\" data-element_type=\"container\" data-e-type=\"container\">\n\t\t\t\t\t<div class=\"e-con-inner\">\n\t\t\t\t<div class=\"elementor-element elementor-element-aaf3061 elementor-widget elementor-widget-heading\" data-id=\"aaf3061\" data-element_type=\"widget\" data-e-type=\"widget\" data-widget_type=\"heading.default\">\n\t\t\t\t<div class=\"elementor-widget-container\">\n\t\t\t\t\t<h2 class=\"elementor-heading-title elementor-size-default\">ORDENANZA MUNICIPAL 2021<\/h2>\t\t\t\t<\/div>\n\t\t\t\t<\/div>\n\t\t\t\t\t<\/div>\n\t\t\t\t<\/div>\n\t\t<div class=\"elementor-element elementor-element-a56bf6a e-flex e-con-boxed e-con e-parent\" data-id=\"a56bf6a\" data-element_type=\"container\" data-e-type=\"container\">\n\t\t\t\t\t<div class=\"e-con-inner\">\n\t\t\t\t<div class=\"elementor-element elementor-element-207f805 elementor-widget elementor-widget-shortcode\" data-id=\"207f805\" data-element_type=\"widget\" data-e-type=\"widget\" data-widget_type=\"shortcode.default\">\n\t\t\t\t<div class=\"elementor-widget-container\">\n\t\t\t\t\t\t\t<div class=\"elementor-shortcode\">\n<table id=\"tablepress-25\" class=\"tablepress tablepress-id-25\">\n<thead>\n<tr class=\"row-1\">\n\t<th class=\"column-1\">N\u00b0<\/th><th class=\"column-2\">Descripci\u00f3n<\/th><th class=\"column-3\">Descargar<\/th>\n<\/tr>\n<\/thead>\n<tbody class=\"row-striping row-hover\">\n<tr class=\"row-2\">\n\t<td class=\"column-1\">O.M N\u00ba 001<\/td><td class=\"column-2\">APROBAR LA ACTUALIZACI\u00d3N DEL TEXTO \u00daNICO DE PROCEDIMIENTOS ADMINISTRATIVOS (TUPA) DE LA MUNICIPALIDAD PROVINCIAL DE ICA, as\u00ed como los requisitos, plazos y derechos, seg\u00fan lo establecido en el art\u00edculo 43\u00ba del Decreto Supremo N\u00ba 004-2019-JUS, que aprueba el TUO de la Ley del Procedimiento Administrativo General, conforme se detalla en el Anexo, que forma parte integrante de la presente Ordenanza<\/td><td class=\"column-3\"><a href=\"https:\/\/muniica.gob.pe\/transparencia\/GESTION2021\/Ordenanzas2021\/ODENANZA%20MUNICIPAL%20N%c2%ba001%20-2021-MPI.pdf\">Descargar Aqu\u00ed<\/a><\/td>\n<\/tr>\n<tr class=\"row-3\">\n\t<td class=\"column-1\">O.M N\u00ba 002<\/td><td class=\"column-2\">APRUEBESE la Modificaci\u00f3n del Reglamento de Organizaci\u00f3n y Funciones (R.O.F) de la Municipalidad Provincial de Ica, que conforme parte de la presente Ordenanza<\/td><td class=\"column-3\"><a href=\"https:\/\/muniica.gob.pe\/transparencia\/GESTION2021\/Ordenanzas2021\/ODENANZA%20MUNICIPAL%20N%C2%BA002%20-2021-MPI.pdf\">Descargar Aqu\u00ed<\/a><\/td>\n<\/tr>\n<tr class=\"row-4\">\n\t<td class=\"column-1\">O.M N\u00ba 003<\/td><td class=\"column-2\">ESTABLECER, de manera EXCEPCIONAL el r\u00e9gimen de Beneficios de Regularizaci\u00f3n de Deudas Tributarias, a raz\u00f3n de la situaci\u00f3n por la que viene afrontando nuestro pa\u00eds con la propagaci\u00f3n de la pandemia del COVID -19, con la finalidad de incentivar el pago voluntario de las deudas tributarias de los contribuyentes de la Municipalidad Provincial de Ica.<\/td><td class=\"column-3\"><a href=\"https:\/\/muniica.gob.pe\/transparencia\/GESTION2021\/Ordenanzas2021\/ODENANZA%20MUNICIPAL%20N%C2%BA003%20-2021-MPI.pdf\">Descargar Aqu\u00ed<\/a><\/td>\n<\/tr>\n<tr class=\"row-5\">\n\t<td class=\"column-1\">O.M N\u00ba 004<\/td><td class=\"column-2\">APROBAR \"El Plan de Acci\u00f3n Provincial de Seguridad Ciudadana Ica-2021\", de acuerdo a los lineamientos establecidos en la Ley Org\u00e1nica de Municipalidades y las normas que regulan sobre seguridad ciudadana\"<\/td><td class=\"column-3\"><a href=\"https:\/\/muniica.gob.pe\/transparencia\/GESTION2021\/Ordenanzas2021\/ODENANZA%20MUNICIPAL%20N%C2%BA004%20-2021-MPI.pdf\">Descargar Aqu\u00ed<\/a><\/td>\n<\/tr>\n<tr class=\"row-6\">\n\t<td class=\"column-1\">O.M N\u00ba 005<\/td><td class=\"column-2\">APROBAR \"El Plan de Acci\u00f3n Distrital de Seguridad Ciudadana Ica-2021\", de acuerdo a los lineamientos establecidos en la Ley Org\u00e1nica de Municipalidades y las normas que regulan sobre seguridad ciudadana\"<\/td><td class=\"column-3\"><a href=\"https:\/\/muniica.gob.pe\/transparencia\/GESTION2021\/Ordenanzas2021\/ODENANZA%20MUNICIPAL%20N%C2%BA005%20-2021-MPI.pdf\">Descargar Aqu\u00ed<\/a><\/td>\n<\/tr>\n<tr class=\"row-7\">\n\t<td class=\"column-1\">O.M N\u00ba 006<\/td><td class=\"column-2\">La presente Ordenanza Municipal tiene por objetivo prohibir el ejercicio de la prostituci\u00f3n en la jurisdicci\u00f3n de la Municipalidad Provincial de Ica en todas sus formas; con la finalidad de preservar el orden y las buenas costumbres<\/td><td class=\"column-3\"><a href=\"https:\/\/muniica.gob.pe\/transparencia\/GESTION2021\/Ordenanzas2021\/ODENANZA%20MUNICIPAL%20N%C2%BA006%20-2021-MPI.pdf\">Descargar Aqu\u00ed<\/a><\/td>\n<\/tr>\n<tr class=\"row-8\">\n\t<td class=\"column-1\">O.M N\u00ba 007<\/td><td class=\"column-2\">DESAPROBAR el Proyecto de Ordenanza de cambio de zonificaci\u00f3n y Usos de Suelo del predio Parcela N\u00ba 25 del Sector de Macacona, Distrito de Salas, Provincia y Departamento de Ica, considerada como Zona Agr\u00edcola (ZA) a otros Usos (OU).<\/td><td class=\"column-3\"><a href=\"https:\/\/muniica.gob.pe\/transparencia\/GESTION2021\/Ordenanzas2021\/ODENANZA%20MUNICIPAL%20N%C2%BA007%20-2021-MPI.pdf\">Descargar Aqu\u00ed<\/a><\/td>\n<\/tr>\n<tr class=\"row-9\">\n\t<td class=\"column-1\">O.M N\u00ba 008<\/td><td class=\"column-2\">RATIFICAR la Ordenanza Municipal N\u00ba 011-2020-MDLT, de fecha 11 de setiembre del 2020, \"Que Aprueba el Texto \u00danico de Procedimientos Administrativos - TUPA de la Municipalidad Distrital de la Tingui\u00f1a\"<\/td><td class=\"column-3\"><a href=\"https:\/\/muniica.gob.pe\/transparencia\/GESTION2021\/Ordenanzas2021\/ODENANZA%20MUNICIPAL%20N%C2%BA008%20-2021-MPI.pdf\">Descargar Aqu\u00ed<\/a><\/td>\n<\/tr>\n<tr class=\"row-10\">\n\t<td class=\"column-1\">O.M N\u00ba 009<\/td><td class=\"column-2\">ORDENANZA MUNICIPAL QUE APRUEBA LA FORMALIZACI\u00d3N DE REICLADORES Y REGULA LA RECOLECCI\u00d3N SELECTIVA DE RESIDUOS S\u00d3LIDOS EN EL \u00c1MBITO DE LA MUNICIPALIDAD PROVINCIAL DE ICA\"<\/td><td class=\"column-3\"><a href=\"https:\/\/muniica.gob.pe\/transparencia\/GESTION2021\/Ordenanzas2021\/ODENANZA%20MUNICIPAL%20N%C2%BA009%20-2021-MPI.pdf\">Descargar Aqu\u00ed<\/a><\/td>\n<\/tr>\n<tr class=\"row-11\">\n\t<td class=\"column-1\">O.M N\u00ba 010<\/td><td class=\"column-2\">MODIFICAR el articulo 15\u00ba Medidas Sanitarias o de Bioseguridad de la Ordenanza Municipal N\u00ba 006-2020-MPI, el mismo que quedara redactado de la siguiente manera:<\/td><td class=\"column-3\"><a href=\"https:\/\/muniica.gob.pe\/transparencia\/GESTION2021\/Ordenanzas2021\/ODENANZA%20MUNICIPAL%20N%C2%BA010%20-2021-MPI.pdf\">Descargar Aqu\u00ed<\/a><\/td>\n<\/tr>\n<tr class=\"row-12\">\n\t<td class=\"column-1\">O.M N\u00ba 011<\/td><td class=\"column-2\">APROBAR la modificaci\u00f3n del Texto \u00fanico de Procedimientos Administrativos (TUPA) de la Municipalidad Provincial de Ica, aprobado mediante Ordenanza Municipal N\u00ba 001-2021-MPI<\/td><td class=\"column-3\"><a href=\"https:\/\/muniica.gob.pe\/transparencia\/GESTION2021\/Ordenanzas2021\/ODENANZA%20MUNICIPAL%20N%C2%BA011%20-2021-MPI.pdf\">Descargar Aqu\u00ed<\/a><\/td>\n<\/tr>\n<tr class=\"row-13\">\n\t<td class=\"column-1\">O.M N\u00ba 012<\/td><td class=\"column-2\">APROBAR el Planeamiento Integral de 20 predios r\u00fasticos del sector Carhuaz, comprendidos desde el Km. 9+000 al Km. 11+000, de la provincia y departamento de Ica, presentado por la EMPRESA CONSTRUCTORA CARHUAZ S.A.C<\/td><td class=\"column-3\"><a href=\"https:\/\/muniica.gob.pe\/transparencia\/GESTION2021\/Ordenanzas2021\/ODENANZA%20MUNICIPAL%20N%C2%BA012%20-2021-MPI.pdf\">Descargar Aqu\u00ed<\/a><\/td>\n<\/tr>\n<tr class=\"row-14\">\n\t<td class=\"column-1\">O.M N\u00ba 013<\/td><td class=\"column-2\">La presente norma tiene por objetivo protocolizar el manejo de la planta de Oxigeno Medicinal de Ica ubicado en el Estadio Picasso Peratta Panmericana Sur S\/N, distrito de Ica, a fin de evitar riesgos a usuarios y colaboradores<\/td><td class=\"column-3\"><a href=\"https:\/\/muniica.gob.pe\/transparencia\/GESTION2021\/Ordenanzas2021\/ODENANZA%20MUNICIPAL%20N%C2%BA013%20-2021-MPI.pdf\">Descargar Aqu\u00ed<\/a><\/td>\n<\/tr>\n<tr class=\"row-15\">\n\t<td class=\"column-1\">O.M N\u00ba 014<\/td><td class=\"column-2\">Declarar de inter\u00e9s y prioridad sanitaria en nuestra jurisdicci\u00f3n y en el marco de la declaratoria de emergencia sanitaria por a COVID-19 y del Estado de Emergencia decretado por el Gobierno Nacional, las acciones de promoci\u00f3n de la salud para la reducci\u00f3n del impacto sanitario<\/td><td class=\"column-3\"><a href=\"https:\/\/muniica.gob.pe\/transparencia\/GESTION2021\/Ordenanzas2021\/ODENANZA%20MUNICIPAL%20N%C2%BA014%20-2021-MPI.pdf\">Descargar Aqu\u00ed<\/a><\/td>\n<\/tr>\n<tr class=\"row-16\">\n\t<td class=\"column-1\">O.M N\u00ba 015<\/td><td class=\"column-2\">RATIFICAR la Ordenanza Municipal N\u00ba 004-2021-MDSJB, de fecha 30 de marzo de 2021, que Aprueba el Texto \u00danico de Procedimientos Administrativos - TUPA de la Municipalidad Distrital de San Juan Bautista, por los fundamentos expuestos en la parte considerativa de la presente Ordenanza Municipal.<\/td><td class=\"column-3\"><a href=\"https:\/\/muniica.gob.pe\/transparencia\/GESTION2021\/Ordenanzas2021\/ODENANZA%20MUNICIPAL%20N%C2%BA015%20-2021-MPI.pdf\">Descargar Aqu\u00ed<\/a><\/td>\n<\/tr>\n<tr class=\"row-17\">\n\t<td class=\"column-1\">O.M N\u00ba 016<\/td><td class=\"column-2\">ORDENANZA MUNICIPAL \"BENEFICIOS NO TRIBUTARIOS PARA EL SERVICIO DE TRANSPORTE PUBLICO Y PRIVADO DE ICA, EN TIEMPOS DE EMERGENCIA SANITARIA NACIONAL\"<\/td><td class=\"column-3\"><a href=\"https:\/\/muniica.gob.pe\/transparencia\/GESTION2021\/Ordenanzas2021\/ODENANZA%20MUNICIPAL%20N%C2%BA016%20-2021-MPI.pdf\">Descargar Aqu\u00ed<\/a><\/td>\n<\/tr>\n<tr class=\"row-18\">\n\t<td class=\"column-1\">O.M N\u00ba 017<\/td><td class=\"column-2\">ORDENANZA MUNICIPAL QUE APRUEBA EL CAMBIO DE ZONIFICACI\u00d3N DE LOS PREDIOS: PREDIO URB. LOTE (PARTIDA REGISTRAL N\u00ba 11067630) Y PREDIO HACIENDA SAN ANTONIO LOTE REMAMENTE (PARTIDA REGISTRAL N\u00ba 11069954) UBICADOS EN EL SECTOR MACACONA, DISTRITO SUBTANJALLA, PROVINCIA Y DEPARTAMENTO DE ICA<\/td><td class=\"column-3\"><a href=\"https:\/\/muniica.gob.pe\/transparencia\/GESTION2021\/Ordenanzas2021\/ODENANZA%20MUNICIPAL%20N%C2%BA017%20-2021-MPI.pdf\">Descargar Aqu\u00ed<\/a><\/td>\n<\/tr>\n<tr class=\"row-19\">\n\t<td class=\"column-1\">O.M N\u00ba 018<\/td><td class=\"column-2\">APROBAR el cambio de zonificaci\u00f3n y Usos de Suelo del predio Parcela N\u00ba 25-A N\u00ba 25 del Sector de Macacona, Distrito de Salas, Provincia y Departamento de Ica, considerada como Zona Agr\u00edcola (ZA) a Otros Usos (OU), inscrita en la Partida Registral N\u00ba 1113191<\/td><td class=\"column-3\"><a href=\"https:\/\/muniica.gob.pe\/transparencia\/GESTION2021\/Ordenanzas2021\/ODENANZA%20MUNICIPAL%20N%C2%BA018%20-2021-MPI.pdf\">Descargar Aqu\u00ed<\/a><\/td>\n<\/tr>\n<tr class=\"row-20\">\n\t<td class=\"column-1\">O.M N\u00ba 019<\/td><td class=\"column-2\">APROBAR el reajuste con el \u00cdndice de Precios del Consumidor (IPC) vigente al 31 de diciembre de 2021 de los arbitrios municipales de limpieza p\u00fablica, parques y jardines p\u00fablicos y serenazgo para el periodo 2022<\/td><td class=\"column-3\"><a href=\"https:\/\/muniica.gob.pe\/transparencia\/GESTION2021\/Ordenanzas2021\/ODENANZA%20MUNICIPAL%20N%C2%BA019%20-2021-MPI.pdf\">Descargar Aqu\u00ed<\/a><\/td>\n<\/tr>\n<tr class=\"row-21\">\n\t<td class=\"column-1\">O.M N\u00ba 020<\/td><td class=\"column-2\">ORDENANZA MUNICIPAL QUE RATIFICA LA ORDENANZA MUNICIPAL N\u00b0 008-2021-CMDP, QUE APRUEBA EL TEXTO UNICO DE PROCEDIMIENTOS ADMINISTRATIVOS Y SERVICIOS PRESTADOS EN EXCLUSIVIDAD (TUPA) DE LA MUNICIPALIDAD DISTRITAL DE PARCONA<\/td><td class=\"column-3\"><a href=\"https:\/\/muniica.gob.pe\/transparencia\/GESTION2021\/Ordenanzas2021\/ODENANZA%20MUNICIPAL%20N%C2%BA020%20-2021-MPI.pdf\">Descargar Aqu\u00ed<\/a><\/td>\n<\/tr>\n<tr class=\"row-22\">\n\t<td class=\"column-1\">O.M N\u00ba 021<\/td><td class=\"column-2\">MODIFIQUESE en lo pertinente el Plan de Acondicionamiento Territorial (2020-2040) y el Plan de Desarrollo Urbano de la Provincia de Ica (2020-2030) aprobado por Ordenanza Municipal N\u00ba 015-2020-MPI de fecha 15 de diciembre de 2020<\/td><td class=\"column-3\"><a href=\"https:\/\/muniica.gob.pe\/transparencia\/GESTION2021\/Ordenanzas2021\/ODENANZA%20MUNICIPAL%20N%C2%BA021%20-2021-MPI.pdf\">Descargar Aqu\u00ed<\/a><\/td>\n<\/tr>\n<\/tbody>\n<\/table>\n<!-- #tablepress-25 from cache --><\/div>\n\t\t\t\t\t\t<\/div>\n\t\t\t\t<\/div>\n\t\t\t\t\t<\/div>\n\t\t\t\t<\/div>\n\t\t\t\t<\/div>\n\t\t","protected":false},"excerpt":{"rendered":"<p>ORDENANZA MUNICIPAL 2021<\/p>\n","protected":false},"author":1,"featured_media":0,"parent":0,"menu_order":0,"comment_status":"closed","ping_status":"closed","template":"","meta":{"site-sidebar-layout":"default","site-content-layout":"","ast-site-content-layout":"default","site-content-style":"default","site-sidebar-style":"default","ast-global-header-display":"disabled","ast-banner-title-visibility":"disabled","ast-main-header-display":"","ast-hfb-above-header-display":"","ast-hfb-below-header-display":"","ast-hfb-mobile-header-display":"","site-post-title":"","ast-breadcrumbs-content":"","ast-featured-img":"","footer-sml-layout":"disabled","ast-disable-related-posts":"","theme-transparent-header-meta":"","adv-header-id-meta":"","stick-header-meta":"","header-above-stick-meta":"","header-main-stick-meta":"","header-below-stick-meta":"","astra-migrate-meta-layouts":"default","ast-page-background-enabled":"default","ast-page-background-meta":{"desktop":{"background-color":"var(--ast-global-color-5)","background-image":"","background-repeat":"repeat","background-position":"center center","background-size":"auto","background-attachment":"scroll","background-type":"","background-media":"","overlay-type":"","overlay-color":"","overlay-opacity":"","overlay-gradient":""},"tablet":{"background-color":"","background-image":"","background-repeat":"repeat","background-position":"center center","background-size":"auto","background-attachment":"scroll","background-type":"","background-media":"","overlay-type":"","overlay-color":"","overlay-opacity":"","overlay-gradient":""},"mobile":{"background-color":"","background-image":"","background-repeat":"repeat","background-position":"center center","background-size":"auto","background-attachment":"scroll","background-type":"","background-media":"","overlay-type":"","overlay-color":"","overlay-opacity":"","overlay-gradient":""}},"ast-content-background-meta":{"desktop":{"background-color":"var(--ast-global-color-4)","background-image":"","background-repeat":"repeat","background-position":"center center","background-size":"auto","background-attachment":"scroll","background-type":"","background-media":"","overlay-type":"","overlay-color":"","overlay-opacity":"","overlay-gradient":""},"tablet":{"background-color":"var(--ast-global-color-4)","background-image":"","background-repeat":"repeat","background-position":"center center","background-size":"auto","background-attachment":"scroll","background-type":"","background-media":"","overlay-type":"","overlay-color":"","overlay-opacity":"","overlay-gradient":""},"mobile":{"background-color":"var(--ast-global-color-4)","background-image":"","background-repeat":"repeat","background-position":"center center","background-size":"auto","background-attachment":"scroll","background-type":"","background-media":"","overlay-type":"","overlay-color":"","overlay-opacity":"","overlay-gradient":""}},"_themeisle_gutenberg_block_has_review":false,"footnotes":""},"class_list":["post-428","page","type-page","status-publish","hentry"],"_links":{"self":[{"href":"https:\/\/muniica.gob.pe\/portal\/index.php\/wp-json\/wp\/v2\/pages\/428","targetHints":{"allow":["GET"]}}],"collection":[{"href":"https:\/\/muniica.gob.pe\/portal\/index.php\/wp-json\/wp\/v2\/pages"}],"about":[{"href":"https:\/\/muniica.gob.pe\/portal\/index.php\/wp-json\/wp\/v2\/types\/page"}],"author":[{"embeddable":true,"href":"https:\/\/muniica.gob.pe\/portal\/index.php\/wp-json\/wp\/v2\/users\/1"}],"replies":[{"embeddable":true,"href":"https:\/\/muniica.gob.pe\/portal\/index.php\/wp-json\/wp\/v2\/comments?post=428"}],"version-history":[{"count":5,"href":"https:\/\/muniica.gob.pe\/portal\/index.php\/wp-json\/wp\/v2\/pages\/428\/revisions"}],"predecessor-version":[{"id":2529,"href":"https:\/\/muniica.gob.pe\/portal\/index.php\/wp-json\/wp\/v2\/pages\/428\/revisions\/2529"}],"wp:attachment":[{"href":"https:\/\/muniica.gob.pe\/portal\/index.php\/wp-json\/wp\/v2\/media?parent=428"}],"curies":[{"name":"wp","href":"https:\/\/api.w.org\/{rel}","templated":true}]}}