{"id":407,"date":"2023-11-23T00:32:25","date_gmt":"2023-11-23T00:32:25","guid":{"rendered":"https:\/\/muniica.gob.pe\/portal\/?page_id=407"},"modified":"2026-01-21T15:22:06","modified_gmt":"2026-01-21T15:22:06","slug":"decreto-de-alcaldia-2019","status":"publish","type":"page","link":"https:\/\/muniica.gob.pe\/portal\/index.php\/decreto-de-alcaldia-2019\/","title":{"rendered":"Decreto de Alcald\u00eda 2019"},"content":{"rendered":"\t\t<div data-elementor-type=\"wp-page\" data-elementor-id=\"407\" class=\"elementor elementor-407\">\n\t\t\t\t<div class=\"elementor-element elementor-element-250b685 e-flex e-con-boxed e-con e-parent\" data-id=\"250b685\" data-element_type=\"container\" data-e-type=\"container\">\n\t\t\t\t\t<div class=\"e-con-inner\">\n\t\t\t\t<div class=\"elementor-element elementor-element-8e90e81 elementor-widget elementor-widget-heading\" data-id=\"8e90e81\" data-element_type=\"widget\" data-e-type=\"widget\" data-widget_type=\"heading.default\">\n\t\t\t\t<div class=\"elementor-widget-container\">\n\t\t\t\t\t<h2 class=\"elementor-heading-title elementor-size-default\">DECRETO DE ALCALD\u00cdA 2019<\/h2>\t\t\t\t<\/div>\n\t\t\t\t<\/div>\n\t\t\t\t\t<\/div>\n\t\t\t\t<\/div>\n\t\t<div class=\"elementor-element elementor-element-b0679e5 e-flex e-con-boxed e-con e-parent\" data-id=\"b0679e5\" data-element_type=\"container\" data-e-type=\"container\">\n\t\t\t\t\t<div class=\"e-con-inner\">\n\t\t\t\t<div class=\"elementor-element elementor-element-7294409 elementor-widget elementor-widget-shortcode\" data-id=\"7294409\" data-element_type=\"widget\" data-e-type=\"widget\" data-widget_type=\"shortcode.default\">\n\t\t\t\t<div class=\"elementor-widget-container\">\n\t\t\t\t\t\t\t<div class=\"elementor-shortcode\">\n<table id=\"tablepress-23\" class=\"tablepress tablepress-id-23\">\n<thead>\n<tr class=\"row-1\">\n\t<th class=\"column-1\">N\u00b0<\/th><th class=\"column-2\">Descripci\u00f3n<\/th><th class=\"column-3\">Descargar<\/th>\n<\/tr>\n<\/thead>\n<tbody class=\"row-striping row-hover\">\n<tr class=\"row-2\">\n\t<td class=\"column-1\">D.A N\u00ba-001<\/td><td class=\"column-2\">ACTUALIZAR, para el proceso de Presupuesto participativo 2020, los Anexos N\u00ba 01,03,04,05,07 y 08.<\/td><td class=\"column-3\"><a href=\"https:\/\/muniica.gob.pe\/transparencia\/GESTION2019\/Decretos2019\/DECRETO%20DE%20ALCALD%c3%8dA%20N%c2%aa001-2019-AMP.pdf\">DESCARGAR AQU\u00cd<\/a><\/td>\n<\/tr>\n<tr class=\"row-3\">\n\t<td class=\"column-1\">D.A N\u00ba-002<\/td><td class=\"column-2\">APROBAR la Reconversi\u00f3n de los T\u00e9rminos Porcentuales de los Decretos Administrativos Vigentes Contenidos en el texto \u00fanico de...<\/td><td class=\"column-3\"><a href=\"https:\/\/muniica.gob.pe\/transparencia\/GESTION2019\/Decretos2019\/DECRETO%20DE%20ALCALD%c3%8dA%20N%c2%aa002-2019-AMP.pdf\">DESCARGAR AQU\u00cd<\/a><\/td>\n<\/tr>\n<tr class=\"row-4\">\n\t<td class=\"column-1\">D.A N\u00ba-003<\/td><td class=\"column-2\">AMPLIAR, la etapa de Inscripci\u00f3n y Registro de Agentes Participantes para el Proceso de Presupuesto Participativo..<\/td><td class=\"column-3\"><a href=\"https:\/\/muniica.gob.pe\/transparencia\/GESTION2019\/Decretos2019\/DECRETO%20DE%20ALCALD%c3%8dA%20N%c2%aa003-2019-AMP.pdf\">DESCARGAR AQU\u00cd<\/a><\/td>\n<\/tr>\n<tr class=\"row-5\">\n\t<td class=\"column-1\">D.A N\u00ba-004<\/td><td class=\"column-2\">APROBAR, la Reconversi\u00f3n de los nuevos terminos porcentuales vigentes contenidos CISA de la Municipalidad Provincial de Ica.<\/td><td class=\"column-3\"><a href=\"https:\/\/muniica.gob.pe\/transparencia\/GESTION2019\/Decretos2019\/DECRETO%20DE%20ALCALD%c3%8dA%20N%c2%aa004-2019-AMP.pdf\">DESCARGAR AQU\u00cd<\/a><\/td>\n<\/tr>\n<tr class=\"row-6\">\n\t<td class=\"column-1\">D.A N\u00ba-005<\/td><td class=\"column-2\">Plazo para la Presentaci\u00f3n de la declaraci\u00f3n jurada de inter\u00e9s.<\/td><td class=\"column-3\"><a href=\"https:\/\/muniica.gob.pe\/transparencia\/GESTION2019\/Decretos2019\/DECRETO%20DE%20ALCALD%c3%8dA%20N%c2%aa005-2019-AMP.pdf\">DESCARGAR AQU\u00cd<\/a><\/td>\n<\/tr>\n<tr class=\"row-7\">\n\t<td class=\"column-1\">D.A N\u00ba-006<\/td><td class=\"column-2\">Presentacion de la declaracion jurada de intereses, disp\u00f3ngase la presentaci\u00f3n obligatoria de la declaraci\u00f3n jurada de intereses...<\/td><td class=\"column-3\"><a href=\"https:\/\/muniica.gob.pe\/transparencia\/GESTION2019\/Decretos2019\/DECRETO%20DE%20ALCALD%c3%8dA%20N%c2%aa006-2019-AMP.pdf\">DESCARGAR AQU\u00cd<\/a><\/td>\n<\/tr>\n<tr class=\"row-8\">\n\t<td class=\"column-1\">D.A N\u00ba-007<\/td><td class=\"column-2\">Reconocer el Comit\u00e9 de Vigilancia y Control de Presupuesto Participativo de la Municipalidad Provincial de Ica.<\/td><td class=\"column-3\"><a href=\"https:\/\/muniica.gob.pe\/transparencia\/GESTION2019\/Decretos2019\/DECRETO%20DE%20ALCALD%c3%8dA%20N%c2%aa007-2019-AMP.pdf\">DESCARGAR AQU\u00cd<\/a><\/td>\n<\/tr>\n<tr class=\"row-9\">\n\t<td class=\"column-1\">D.A N\u00ba-008<\/td><td class=\"column-2\">DECLARAR en el \u00e1mbito de la Jurisdicci\u00f3n de la Provincia de Ica, los d\u00edas 17 y 25 de junio del 2019 \"D\u00cdAS C\u00cdVICO PATRI\u00d3TICOS DE LA PROVINCIA DE ICA\", debi\u00e9ndose adecuar dicha celebraci\u00f3n, con activiaddes y pryectos especiales, con la masiva participaci\u00f3n de la ciudadan\u00eda ique\u00f1a.<\/td><td class=\"column-3\"><a href=\"https:\/\/muniica.gob.pe\/transparencia\/GESTION2019\/Decretos2019\/DECRETO%20DE%20ALCALD%c3%8dA%20N%c2%aa008-2019-AMP.pdf\">DESCARGAR AQU\u00cd<\/a><\/td>\n<\/tr>\n<tr class=\"row-10\">\n\t<td class=\"column-1\">D.A N\u00ba-009<\/td><td class=\"column-2\">Suspender las labores de los trabajadores que laboran en la Municipalidad Provincial de Ica y los dem\u00e1s \u00f3rganos desconcentrados, a partir del medidod\u00eda del d\u00eda 14 de junio del 2019, por motivos de procesi\u00f3n e inauguraci\u00f3n del Santuario del \"Se\u00f1or de Luren\".<\/td><td class=\"column-3\"><a href=\"https:\/\/muniica.gob.pe\/transparencia\/GESTION2019\/Decretos2019\/DECRETO%20DE%20ALCALD%c3%8dA%20N%c2%aa009-2019-AMP.pdf\">DESCARGAR AQU\u00cd<\/a><\/td>\n<\/tr>\n<tr class=\"row-11\">\n\t<td class=\"column-1\">D.A N\u00ba-010<\/td><td class=\"column-2\">DISPONER el EMBANDERAMIENTO GENERAL con la Bandera del Per\u00fa. de todos los predios e inmuebles del sector p\u00fablico y sector privado, y viviendas en general del Distrito de Ica, Provincia de Ica; desde el domingo 07 hasta el mi\u00e9rcoles 31 de julio, del presente a\u00f1o, con el motivo del 198\u00ba Aniversario de la Independencia Nacional<\/td><td class=\"column-3\"><a href=\"https:\/\/muniica.gob.pe\/transparencia\/GESTION2019\/Decretos2019\/DECRETO%20DE%20ALCALD%c3%8dA%20N%c2%aa010-2019-AMP.pdf\">DESCARGAR AQU\u00cd<\/a><\/td>\n<\/tr>\n<tr class=\"row-12\">\n\t<td class=\"column-1\">D.A N\u00ba-011<\/td><td class=\"column-2\">APROBAR LA MODIFICACI\u00d3N DEL TEXTO \u00daNICO DE PROCEDIMIENTOS ADMINISTRATIVOS (TUPA) de la Municipalidad Provincial de Ica, conforme a los considerandos expuestos en el presente Decreto de Acadia.<\/td><td class=\"column-3\"><a href=\"https:\/\/muniica.gob.pe\/transparencia\/GESTION2019\/Decretos2019\/DECRETO%20DE%20ALCALD%c3%8dA%20N%c2%aa011-2019-AMP.pdf\">DESCARGAR AQU\u00cd<\/a><\/td>\n<\/tr>\n<tr class=\"row-13\">\n\t<td class=\"column-1\">D.A N\u00ba-012<\/td><td class=\"column-2\">ACCESO AL SERVICIO Los veh\u00edculos que brindaran el servicio de transporte p\u00fablico de personas en la Provincia de Ica, en (Colectivo en Autom\u00f3vil, Camioneta Rural, Microbuses y Omnibus), mediante el Permiso Eventual Especial podr\u00e1n acceder al servicio de transporte publicadle pasajeros en la ruta Ica - Santuario de Yauca y Viceversa, cumpliendo con lo establecido en el presente decreto.<\/td><td class=\"column-3\"><a href=\"https:\/\/muniica.gob.pe\/transparencia\/GESTION2019\/Decretos2019\/DECRETO%20DE%20ALCALD%c3%8dA%20N%c2%aa012-2019-AMP.pdf\">DESCARGAR AQU\u00cd<\/a><\/td>\n<\/tr>\n<tr class=\"row-14\">\n\t<td class=\"column-1\">D.A N\u00ba-013<\/td><td class=\"column-2\">APROBAR el Texto \u00fanico Ordenado (TUO) del Reglamento de Organizaci\u00f3n y Funciones (ROF) de la Municipalidad Provincial de Ica, aprobado mediante Ordenanza Municipal N\u00ba 004-2014-MPI.<\/td><td class=\"column-3\"><a href=\"https:\/\/muniica.gob.pe\/transparencia\/GESTION2019\/Decretos2019\/DECRETO%20DE%20ALCALD%c3%8dA%20N%c2%aa013-2019-AMP.pdf\">DESCARGAR AQU\u00cd<\/a><\/td>\n<\/tr>\n<\/tbody>\n<\/table>\n<!-- #tablepress-23 from cache --><\/div>\n\t\t\t\t\t\t<\/div>\n\t\t\t\t<\/div>\n\t\t\t\t\t<\/div>\n\t\t\t\t<\/div>\n\t\t\t\t<\/div>\n\t\t","protected":false},"excerpt":{"rendered":"<p>DECRETO DE ALCALD\u00cdA 2019<\/p>\n","protected":false},"author":1,"featured_media":0,"parent":0,"menu_order":0,"comment_status":"closed","ping_status":"closed","template":"","meta":{"site-sidebar-layout":"default","site-content-layout":"","ast-site-content-layout":"default","site-content-style":"default","site-sidebar-style":"default","ast-global-header-display":"disabled","ast-banner-title-visibility":"disabled","ast-main-header-display":"","ast-hfb-above-header-display":"","ast-hfb-below-header-display":"","ast-hfb-mobile-header-display":"","site-post-title":"","ast-breadcrumbs-content":"","ast-featured-img":"","footer-sml-layout":"disabled","ast-disable-related-posts":"","theme-transparent-header-meta":"","adv-header-id-meta":"","stick-header-meta":"","header-above-stick-meta":"","header-main-stick-meta":"","header-below-stick-meta":"","astra-migrate-meta-layouts":"default","ast-page-background-enabled":"default","ast-page-background-meta":{"desktop":{"background-color":"var(--ast-global-color-5)","background-image":"","background-repeat":"repeat","background-position":"center center","background-size":"auto","background-attachment":"scroll","background-type":"","background-media":"","overlay-type":"","overlay-color":"","overlay-opacity":"","overlay-gradient":""},"tablet":{"background-color":"","background-image":"","background-repeat":"repeat","background-position":"center center","background-size":"auto","background-attachment":"scroll","background-type":"","background-media":"","overlay-type":"","overlay-color":"","overlay-opacity":"","overlay-gradient":""},"mobile":{"background-color":"","background-image":"","background-repeat":"repeat","background-position":"center center","background-size":"auto","background-attachment":"scroll","background-type":"","background-media":"","overlay-type":"","overlay-color":"","overlay-opacity":"","overlay-gradient":""}},"ast-content-background-meta":{"desktop":{"background-color":"var(--ast-global-color-4)","background-image":"","background-repeat":"repeat","background-position":"center center","background-size":"auto","background-attachment":"scroll","background-type":"","background-media":"","overlay-type":"","overlay-color":"","overlay-opacity":"","overlay-gradient":""},"tablet":{"background-color":"var(--ast-global-color-4)","background-image":"","background-repeat":"repeat","background-position":"center center","background-size":"auto","background-attachment":"scroll","background-type":"","background-media":"","overlay-type":"","overlay-color":"","overlay-opacity":"","overlay-gradient":""},"mobile":{"background-color":"var(--ast-global-color-4)","background-image":"","background-repeat":"repeat","background-position":"center center","background-size":"auto","background-attachment":"scroll","background-type":"","background-media":"","overlay-type":"","overlay-color":"","overlay-opacity":"","overlay-gradient":""}},"_themeisle_gutenberg_block_has_review":false,"footnotes":""},"class_list":["post-407","page","type-page","status-publish","hentry"],"_links":{"self":[{"href":"https:\/\/muniica.gob.pe\/portal\/index.php\/wp-json\/wp\/v2\/pages\/407","targetHints":{"allow":["GET"]}}],"collection":[{"href":"https:\/\/muniica.gob.pe\/portal\/index.php\/wp-json\/wp\/v2\/pages"}],"about":[{"href":"https:\/\/muniica.gob.pe\/portal\/index.php\/wp-json\/wp\/v2\/types\/page"}],"author":[{"embeddable":true,"href":"https:\/\/muniica.gob.pe\/portal\/index.php\/wp-json\/wp\/v2\/users\/1"}],"replies":[{"embeddable":true,"href":"https:\/\/muniica.gob.pe\/portal\/index.php\/wp-json\/wp\/v2\/comments?post=407"}],"version-history":[{"count":5,"href":"https:\/\/muniica.gob.pe\/portal\/index.php\/wp-json\/wp\/v2\/pages\/407\/revisions"}],"predecessor-version":[{"id":2508,"href":"https:\/\/muniica.gob.pe\/portal\/index.php\/wp-json\/wp\/v2\/pages\/407\/revisions\/2508"}],"wp:attachment":[{"href":"https:\/\/muniica.gob.pe\/portal\/index.php\/wp-json\/wp\/v2\/media?parent=407"}],"curies":[{"name":"wp","href":"https:\/\/api.w.org\/{rel}","templated":true}]}}