{"id":401,"date":"2023-11-23T00:28:55","date_gmt":"2023-11-23T00:28:55","guid":{"rendered":"https:\/\/muniica.gob.pe\/portal\/?page_id=401"},"modified":"2026-01-21T15:22:26","modified_gmt":"2026-01-21T15:22:26","slug":"decreto-de-alcaldia-2020","status":"publish","type":"page","link":"https:\/\/muniica.gob.pe\/portal\/index.php\/decreto-de-alcaldia-2020\/","title":{"rendered":"Decreto de Alcald\u00eda 2020"},"content":{"rendered":"\t\t<div data-elementor-type=\"wp-page\" data-elementor-id=\"401\" class=\"elementor elementor-401\">\n\t\t\t\t<div class=\"elementor-element elementor-element-19bff6c e-flex e-con-boxed e-con e-parent\" data-id=\"19bff6c\" data-element_type=\"container\" data-e-type=\"container\">\n\t\t\t\t\t<div class=\"e-con-inner\">\n\t\t\t\t<div class=\"elementor-element elementor-element-729048c elementor-widget elementor-widget-heading\" data-id=\"729048c\" data-element_type=\"widget\" data-e-type=\"widget\" data-widget_type=\"heading.default\">\n\t\t\t\t<div class=\"elementor-widget-container\">\n\t\t\t\t\t<h2 class=\"elementor-heading-title elementor-size-default\">DECRETO DE ALCALD\u00cdA 2020<\/h2>\t\t\t\t<\/div>\n\t\t\t\t<\/div>\n\t\t\t\t\t<\/div>\n\t\t\t\t<\/div>\n\t\t<div class=\"elementor-element elementor-element-b9c38b1 e-flex e-con-boxed e-con e-parent\" data-id=\"b9c38b1\" data-element_type=\"container\" data-e-type=\"container\">\n\t\t\t\t\t<div class=\"e-con-inner\">\n\t\t\t\t<div class=\"elementor-element elementor-element-f9bb906 elementor-widget elementor-widget-shortcode\" data-id=\"f9bb906\" data-element_type=\"widget\" data-e-type=\"widget\" data-widget_type=\"shortcode.default\">\n\t\t\t\t<div class=\"elementor-widget-container\">\n\t\t\t\t\t\t\t<div class=\"elementor-shortcode\">\n<table id=\"tablepress-22\" class=\"tablepress tablepress-id-22\">\n<thead>\n<tr class=\"row-1\">\n\t<th class=\"column-1\">N\u00b0<\/th><th class=\"column-2\">Descripci\u00f3n<\/th><th class=\"column-3\">Descargar<\/th>\n<\/tr>\n<\/thead>\n<tbody class=\"row-striping row-hover\">\n<tr class=\"row-2\">\n\t<td class=\"column-1\">D.A N\u00ba 001.<\/td><td class=\"column-2\">DECLARAR en el \u00e1mbito de la Jurisdicci\u00f3n de la Provincia de Ica, el segundo domingo del mes de enero de cada a\u00f1o, como \"D\u00cdA CONMEMORATIVO DE LA CREACI\u00d3N DE LA BANDERA DE LA CIUDAD DE ICA, DE LA PROVINCIA DE ICA\".<\/td><td class=\"column-3\"><a href=\"https:\/\/muniica.gob.pe\/transparencia\/GESTION2020\/Decretos2020\/DECRETO%20DE%20ALCALD%c3%8dA%20N%c2%aa001-2020-AMP.pdf\">DESCARGAR AQU\u00cd<\/a><\/td>\n<\/tr>\n<tr class=\"row-3\">\n\t<td class=\"column-1\">D.A N\u00ba 002.<\/td><td class=\"column-2\">DENOMINAR el a\u00f1o 2020, como A\u00d1O DEL BICENTENARIO DE LA INDEPENDENCIA DE ICA, en el \u00e1mbito de la Jurisdicci\u00f3n de la Provincia de Ica.<\/td><td class=\"column-3\"><a href=\"https:\/\/muniica.gob.pe\/transparencia\/GESTION2020\/Decretos2020\/DECRETO%20DE%20ALCALD%c3%8dA%20N%c2%aa002-2020-AMP.pdf\">DESCARGAR AQU\u00cd<\/a><\/td>\n<\/tr>\n<tr class=\"row-4\">\n\t<td class=\"column-1\">D.A N\u00ba 003.<\/td><td class=\"column-2\">ACREDITAR como Agentes Participantes en el Proceso del Presupuesto Participativo de la Municipalidad Provincial de Ica correspondiente al a\u00f1o fiscal 2021.<\/td><td class=\"column-3\"><a href=\"https:\/\/muniica.gob.pe\/transparencia\/GESTION2020\/Decretos2020\/DECRETO%20DE%20ALCALD%c3%8dA%20N%c2%aa003-2020-AMP.pdf\">DESCARGAR AQU\u00cd<\/a><\/td>\n<\/tr>\n<tr class=\"row-5\">\n\t<td class=\"column-1\">D.A N\u00ba 004.<\/td><td class=\"column-2\">DISPONER que en el Primer Semestre del Ejercicio Presupuestal 2020 se continu\u00e9 utilizando EN LOS DIVERSOS PROCEDIMIENTOS ADMINISTRATIVOS COMTEMPLADOS EN EL TUPA DE LA MUNICIPALIDAD PROVINCIAL DE ICA LOS PORCENTAJES ESTABLECIDOS EN LA UIT CUYO MONTO HA SIDO APROBADO POR D.S. N\u00ba 380-2019-EF<\/td><td class=\"column-3\"><a href=\"https:\/\/muniica.gob.pe\/transparencia\/GESTION2020\/Decretos2020\/DECRETO%20DE%20ALCALD%c3%8dA%20N%c2%aa004-2020-AMP.pdf\">DESCARGAR AQU\u00cd<\/a><\/td>\n<\/tr>\n<tr class=\"row-6\">\n\t<td class=\"column-1\">D.A N\u00ba 005.<\/td><td class=\"column-2\">APROBAR LA MODIFICACI\u00d3N DEL TEXTO \u00daNICO DE PROCEDIMIENTOS ADMINISTRATIVOS (TUPA) de la Municipalidad Provincial de Ica, espec\u00edficamente el procedimiento administrativo N\u00ba 7.8-Inscripci\u00f3n de canes en el Registro Municipal de Canes.<\/td><td class=\"column-3\"><a href=\"https:\/\/muniica.gob.pe\/transparencia\/GESTION2020\/Decretos2020\/DECRETO%20DE%20ALCALD%c3%8dA%20N%c2%aa005-2020-AMP.pdf\">DESCARGAR AQU\u00cd<\/a><\/td>\n<\/tr>\n<tr class=\"row-7\">\n\t<td class=\"column-1\">D.A N\u00ba 006.<\/td><td class=\"column-2\">Aprobar el Reglamento para Altas, Bajas Enajenaciones y Saneamiento, de los Bienes Muebles de la Municipalidad Provincial de Ica, que consta de Cuatro (04) Cap\u00edtulos; Setenta y Nueve (79) Art\u00edculos, Cuatro (04) Disposiciones Transitorias; Cuarta (04) Disposici\u00f3n Complementaria y final, que forman para anexa a la presente Disposici\u00f3n.<\/td><td class=\"column-3\"><a href=\"https:\/\/muniica.gob.pe\/transparencia\/GESTION2020\/Decretos2020\/DECRETO%20DE%20ALCALD%c3%8dA%20N%c2%aa006-2020-AMP.pdf\">DESCARGAR AQU\u00cd<\/a><\/td>\n<\/tr>\n<tr class=\"row-8\">\n\t<td class=\"column-1\">D.A N\u00ba 007.<\/td><td class=\"column-2\">PRORROGAR la vigencia de la Ordenanza Municipal N\u00ba 002-2020-MPI, hasta el \u00faltimo d\u00eda h\u00e1bil del mes de junio del 2020, en m\u00e9rito a los considerandos antes expuestos.<\/td><td class=\"column-3\"><a href=\"https:\/\/muniica.gob.pe\/transparencia\/GESTION2020\/Decretos2020\/DECRETO%20DE%20ALCALD%c3%8dA%20N%c2%aa007-2020-AMP.pdf\">DESCARGAR AQU\u00cd<\/a><\/td>\n<\/tr>\n<tr class=\"row-9\">\n\t<td class=\"column-1\">D.A N\u00ba 008.<\/td><td class=\"column-2\">PRORROGAR la vigencia del PLAN DIRECTOR DESARROLLO AGRO URBANO DE ICA 1999-2020, por un periodo de 6 (seis) meses, que corren del 19 de junio al 19 de diciembre del 2020, en m\u00e9rito a los considerandos antes expuestos<\/td><td class=\"column-3\"><a href=\"https:\/\/muniica.gob.pe\/transparencia\/GESTION2020\/Decretos2020\/DECRETO%20DE%20ALCALD%c3%8dA%20N%c2%aa008-2020-AMP.pdf\">DESCARGAR AQU\u00cd<\/a><\/td>\n<\/tr>\n<tr class=\"row-10\">\n\t<td class=\"column-1\">D.A N\u00ba 009.<\/td><td class=\"column-2\">PRORROGAR la vigencia de la Ordenanza Municipal N\u00ba 003-2020-MPI, hasta el \u00faltimo d\u00eda h\u00e1bil del mes de julio del 2020, en m\u00e9rito a los considerandos antes expuestos.<\/td><td class=\"column-3\"><a href=\"https:\/\/muniica.gob.pe\/transparencia\/GESTION2020\/Decretos2020\/DECRETO%20DE%20ALCALD%c3%8dA%20N%c2%aa009-2020-AMP.pdf\">DESCARGAR AQU\u00cd<\/a><\/td>\n<\/tr>\n<tr class=\"row-11\">\n\t<td class=\"column-1\">D.A N\u00ba 010.<\/td><td class=\"column-2\">DISPONER el EMBANDERAMIENTO GENERAL con la Bandera del Per\u00fa, de todos los predios e inmuebles del sector p\u00fablico y sector privado, y viviendas en general del distrito de Ica, provincia de Ica.<\/td><td class=\"column-3\"><a href=\"https:\/\/muniica.gob.pe\/transparencia\/GESTION2020\/Decretos2020\/DECRETO%20DE%20ALCALD%c3%8dA%20N%c2%aa010-2020-AMP.pdf\">DESCARGAR AQU\u00cd<\/a><\/td>\n<\/tr>\n<tr class=\"row-12\">\n\t<td class=\"column-1\">D.A N\u00ba 011.<\/td><td class=\"column-2\">PRORROGAR la vigencia de la Ordenanza Municipal N\u00ba 003-2020-MPI, hasta el \u00faltimo d\u00eda h\u00e1bil del mes de agosto del 2020, en m\u00e9rito a los considerandos antes expuestos.<\/td><td class=\"column-3\"><a href=\"https:\/\/muniica.gob.pe\/transparencia\/GESTION2020\/Decretos2020\/DECRETO%20DE%20ALCALD%c3%8dA%20N%c2%aa011-2020-AMP.pdf\">DESCARGAR AQU\u00cd<\/a><\/td>\n<\/tr>\n<tr class=\"row-13\">\n\t<td class=\"column-1\">D.A N\u00ba 012.<\/td><td class=\"column-2\">PRORROGAR la vigencia de la Ordenanza Municipal N\u00ba 003-2020-MPI, hasta el \u00faltimo d\u00eda h\u00e1bil del mes de setiembre del 2020, en m\u00e9rito a los considerandos antes expuestos.<\/td><td class=\"column-3\"><a href=\"https:\/\/muniica.gob.pe\/transparencia\/GESTION2020\/Decretos2020\/DECRETO%20DE%20ALCALD%c3%8dA%20N%c2%aa012-2020-AMP.pdf\">DESCARGAR AQU\u00cd<\/a><\/td>\n<\/tr>\n<tr class=\"row-14\">\n\t<td class=\"column-1\">D.A N\u00ba 013.<\/td><td class=\"column-2\">APROBAR LA MODIFICACI\u00d3N del Texto \u00danico de Procedimientos Administrativos (TUPA) de la Municipalidad Provincial de Ica, aprobado mediante Ordenanza Municipal N\u00ba 012-2018-MPI, respecto a los procedimientos de competencia de la Gerencia de Transporte, Tr\u00e1nsito y Seguridad Vial.<\/td><td class=\"column-3\"><a href=\"https:\/\/muniica.gob.pe\/transparencia\/GESTION2020\/Decretos2020\/DECRETO%20DE%20ALCALD%c3%8dA%20N%c2%aa013-2020-AMP.pdf\">DESCARGAR AQU\u00cd<\/a><\/td>\n<\/tr>\n<tr class=\"row-15\">\n\t<td class=\"column-1\">D.A N\u00ba 014.<\/td><td class=\"column-2\">PRORROGAR la vigencia de la Ordenanza Municipal N\u00ba 003-2020-MPI, hasta el \u00faltimo d\u00eda h\u00e1bil del mes de octubre del 2020, en m\u00e9rito a los considerandos antes expuestos.<\/td><td class=\"column-3\"><a href=\"https:\/\/muniica.gob.pe\/transparencia\/GESTION2020\/Decretos2020\/DECRETO%20DE%20ALCALD%c3%8dA%20N%c2%aa014-2020-AMP.pdf\">DESCARGAR AQU\u00cd<\/a><\/td>\n<\/tr>\n<tr class=\"row-16\">\n\t<td class=\"column-1\">D.A N\u00ba 015.<\/td><td class=\"column-2\">PRORROGAR la vigencia de la Ordenanza Municipal N\u00ba 011-2020-MPI, hasta el \u00faltimo d\u00eda h\u00e1bil del mes de octubre del 2020, en m\u00e9rito a los considerandos antes expuestos.<\/td><td class=\"column-3\"><a href=\"https:\/\/muniica.gob.pe\/transparencia\/GESTION2020\/Decretos2020\/DECRETO%20DE%20ALCALD%c3%8dA%20N%c2%aa015-2020-AMP.pdf\">DESCARGAR AQU\u00cd<\/a><\/td>\n<\/tr>\n<tr class=\"row-17\">\n\t<td class=\"column-1\">D.A N\u00ba 016.<\/td><td class=\"column-2\">PRORROGAR la vigencia de la Ordenanza Municipal N\u00ba 003-2020-MPI, hasta el \u00faltimo d\u00eda h\u00e1bil del mes de noviembre del 2020, en m\u00e9rito a los considerandos antes expuestos.<\/td><td class=\"column-3\"><a href=\"https:\/\/muniica.gob.pe\/transparencia\/GESTION2020\/Decretos2020\/DECRETO%20DE%20ALCALD%c3%8dA%20N%c2%aa016-2020-AMP.pdf\">DESCARGAR AQU\u00cd<\/a><\/td>\n<\/tr>\n<tr class=\"row-18\">\n\t<td class=\"column-1\">D.A N\u00ba 017.<\/td><td class=\"column-2\">PRORROGAR la vigencia de la Ordenanza Municipal N\u00ba 011-2020-MPI, hasta el \u00faltimo d\u00eda del mes de noviembre del 2020, en m\u00e9rito a los considerandos antes expuestos.<\/td><td class=\"column-3\"><a href=\"https:\/\/muniica.gob.pe\/transparencia\/GESTION2020\/Decretos2020\/DECRETO%20DE%20ALCALD%c3%8dA%20N%c2%aa017-2020-AMP.pdf\">DESCARGAR AQU\u00cd<\/a><\/td>\n<\/tr>\n<tr class=\"row-19\">\n\t<td class=\"column-1\">D.A N\u00ba 018.<\/td><td class=\"column-2\">PRORROGAR la vigencia de la Ordenanza Municipal N\u00ba 011-2020-MPI, hasta el \u00faltimo d\u00eda h\u00e1bil del mes de diciembre del 2020, en merito a los considerandos antes expuestos.<\/td><td class=\"column-3\"><a href=\"https:\/\/muniica.gob.pe\/transparencia\/GESTION2020\/Decretos2020\/DECRETO%20DE%20ALCALD%c3%8dA%20N%c2%aa018-2020-AMP.pdf\">DESCARGAR AQU\u00cd<\/a><\/td>\n<\/tr>\n<tr class=\"row-20\">\n\t<td class=\"column-1\">D.A N\u00ba 019.<\/td><td class=\"column-2\">APROBAR LA MODIFICACION del Anexo I, \u00edtem 14 referente al Control y Fiscalizaci\u00f3n en Emergencia Sanitaria, incorporado al Cuadro de Infracciones y Sanciones Administrativas (CISA), por Ordenanza Municipal N\u00ba 006-2020-MPI que aprueba las Medidas de Bioseguridad, Prohibiciones y Control en Mercados de Abastos, Mercados Itinerantes Establecidos y Centros Comerciales dentro de la jurisdicci\u00f3n de la Municipalidad Provincial de Ica<\/td><td class=\"column-3\"><a href=\"https:\/\/muniica.gob.pe\/transparencia\/GESTION2020\/Decretos2020\/DECRETO%20DE%20ALCALD%c3%8dA%20N%c2%aa019-2020-AMP.pdf\">DESCARGAR AQU\u00cd<\/a><\/td>\n<\/tr>\n<tr class=\"row-21\">\n\t<td class=\"column-1\">D.A N\u00ba 020.<\/td><td class=\"column-2\">DECLARAR; SEMANA DE LA MUJER IQUE\u00d1A EMPRENDEDORA DEL 06 AL 12 DE DICIEMBRE DEL 2020, debi\u00e9ndose de reconocer como d\u00eda como d\u00eda central el 12 de diciembre como d\u00eda de la mujer emprendedora ique\u00f1a<\/td><td class=\"column-3\"><a href=\"https:\/\/muniica.gob.pe\/transparencia\/GESTION2020\/Decretos2020\/DECRETO%20DE%20ALCALD%c3%8dA%20N%c2%aa020-2020-AMP.pdf\">DESCARGAR AQU\u00cd<\/a><\/td>\n<\/tr>\n<tr class=\"row-22\">\n\t<td class=\"column-1\">D.A N\u00ba 021.<\/td><td class=\"column-2\">PRORROGAR la vigencia de la Ordenanza Municipal N\u00ba 013-2020-MPI, hasta el \u00faltimo d\u00eda h\u00e1bil de enero del 2021, en m\u00e9rito a los considerandos antes expuestos.<\/td><td class=\"column-3\"><a href=\"https:\/\/muniica.gob.pe\/transparencia\/GESTION2020\/Decretos2020\/DECRETO%20DE%20ALCALD%c3%8dA%20N%c2%aa021-2020-AMP.pdf\">DESCARGAR AQU\u00cd<\/a><\/td>\n<\/tr>\n<tr class=\"row-23\">\n\t<td class=\"column-1\">D.A N\u00ba 022.<\/td><td class=\"column-2\">PRORROGAR la vigencia de la Ordenanza Municipal N\u00ba 014-2020-MPI, hasta el \u00faltimo d\u00eda h\u00e1bil del mes de enero del 2021, en m\u00e9rito a los considerandos antes expuestos.<\/td><td class=\"column-3\"><a href=\"https:\/\/muniica.gob.pe\/transparencia\/GESTION2020\/Decretos2020\/DECRETO%20DE%20ALCALD%c3%8dA%20N%c2%aa022-2020-AMP.pdf\">DESCARGAR AQU\u00cd<\/a><\/td>\n<\/tr>\n<\/tbody>\n<\/table>\n<!-- #tablepress-22 from cache --><\/div>\n\t\t\t\t\t\t<\/div>\n\t\t\t\t<\/div>\n\t\t\t\t\t<\/div>\n\t\t\t\t<\/div>\n\t\t\t\t<\/div>\n\t\t","protected":false},"excerpt":{"rendered":"<p>DECRETO DE ALCALD\u00cdA 2020<\/p>\n","protected":false},"author":1,"featured_media":0,"parent":0,"menu_order":0,"comment_status":"closed","ping_status":"closed","template":"","meta":{"site-sidebar-layout":"default","site-content-layout":"","ast-site-content-layout":"default","site-content-style":"default","site-sidebar-style":"default","ast-global-header-display":"disabled","ast-banner-title-visibility":"disabled","ast-main-header-display":"","ast-hfb-above-header-display":"","ast-hfb-below-header-display":"","ast-hfb-mobile-header-display":"","site-post-title":"","ast-breadcrumbs-content":"","ast-featured-img":"","footer-sml-layout":"disabled","ast-disable-related-posts":"","theme-transparent-header-meta":"","adv-header-id-meta":"","stick-header-meta":"","header-above-stick-meta":"","header-main-stick-meta":"","header-below-stick-meta":"","astra-migrate-meta-layouts":"default","ast-page-background-enabled":"default","ast-page-background-meta":{"desktop":{"background-color":"var(--ast-global-color-5)","background-image":"","background-repeat":"repeat","background-position":"center center","background-size":"auto","background-attachment":"scroll","background-type":"","background-media":"","overlay-type":"","overlay-color":"","overlay-opacity":"","overlay-gradient":""},"tablet":{"background-color":"","background-image":"","background-repeat":"repeat","background-position":"center center","background-size":"auto","background-attachment":"scroll","background-type":"","background-media":"","overlay-type":"","overlay-color":"","overlay-opacity":"","overlay-gradient":""},"mobile":{"background-color":"","background-image":"","background-repeat":"repeat","background-position":"center center","background-size":"auto","background-attachment":"scroll","background-type":"","background-media":"","overlay-type":"","overlay-color":"","overlay-opacity":"","overlay-gradient":""}},"ast-content-background-meta":{"desktop":{"background-color":"var(--ast-global-color-4)","background-image":"","background-repeat":"repeat","background-position":"center center","background-size":"auto","background-attachment":"scroll","background-type":"","background-media":"","overlay-type":"","overlay-color":"","overlay-opacity":"","overlay-gradient":""},"tablet":{"background-color":"var(--ast-global-color-4)","background-image":"","background-repeat":"repeat","background-position":"center center","background-size":"auto","background-attachment":"scroll","background-type":"","background-media":"","overlay-type":"","overlay-color":"","overlay-opacity":"","overlay-gradient":""},"mobile":{"background-color":"var(--ast-global-color-4)","background-image":"","background-repeat":"repeat","background-position":"center center","background-size":"auto","background-attachment":"scroll","background-type":"","background-media":"","overlay-type":"","overlay-color":"","overlay-opacity":"","overlay-gradient":""}},"_themeisle_gutenberg_block_has_review":false,"footnotes":""},"class_list":["post-401","page","type-page","status-publish","hentry"],"_links":{"self":[{"href":"https:\/\/muniica.gob.pe\/portal\/index.php\/wp-json\/wp\/v2\/pages\/401","targetHints":{"allow":["GET"]}}],"collection":[{"href":"https:\/\/muniica.gob.pe\/portal\/index.php\/wp-json\/wp\/v2\/pages"}],"about":[{"href":"https:\/\/muniica.gob.pe\/portal\/index.php\/wp-json\/wp\/v2\/types\/page"}],"author":[{"embeddable":true,"href":"https:\/\/muniica.gob.pe\/portal\/index.php\/wp-json\/wp\/v2\/users\/1"}],"replies":[{"embeddable":true,"href":"https:\/\/muniica.gob.pe\/portal\/index.php\/wp-json\/wp\/v2\/comments?post=401"}],"version-history":[{"count":5,"href":"https:\/\/muniica.gob.pe\/portal\/index.php\/wp-json\/wp\/v2\/pages\/401\/revisions"}],"predecessor-version":[{"id":2509,"href":"https:\/\/muniica.gob.pe\/portal\/index.php\/wp-json\/wp\/v2\/pages\/401\/revisions\/2509"}],"wp:attachment":[{"href":"https:\/\/muniica.gob.pe\/portal\/index.php\/wp-json\/wp\/v2\/media?parent=401"}],"curies":[{"name":"wp","href":"https:\/\/api.w.org\/{rel}","templated":true}]}}