{"id":395,"date":"2023-11-23T00:24:09","date_gmt":"2023-11-23T00:24:09","guid":{"rendered":"https:\/\/muniica.gob.pe\/portal\/?page_id=395"},"modified":"2026-01-21T15:24:55","modified_gmt":"2026-01-21T15:24:55","slug":"decreto-del-alcaldia-2021","status":"publish","type":"page","link":"https:\/\/muniica.gob.pe\/portal\/index.php\/decreto-del-alcaldia-2021\/","title":{"rendered":"Decreto del Alcald\u00eda 2021"},"content":{"rendered":"\t\t<div data-elementor-type=\"wp-page\" data-elementor-id=\"395\" class=\"elementor elementor-395\">\n\t\t\t\t<div class=\"elementor-element elementor-element-899a9ff e-flex e-con-boxed e-con e-parent\" data-id=\"899a9ff\" data-element_type=\"container\" data-e-type=\"container\">\n\t\t\t\t\t<div class=\"e-con-inner\">\n\t\t\t\t<div class=\"elementor-element elementor-element-b6ff69f elementor-widget elementor-widget-heading\" data-id=\"b6ff69f\" data-element_type=\"widget\" data-e-type=\"widget\" data-widget_type=\"heading.default\">\n\t\t\t\t<div class=\"elementor-widget-container\">\n\t\t\t\t\t<h2 class=\"elementor-heading-title elementor-size-default\">DECRETO DE ALCALD\u00cdA 2021<\/h2>\t\t\t\t<\/div>\n\t\t\t\t<\/div>\n\t\t\t\t\t<\/div>\n\t\t\t\t<\/div>\n\t\t<div class=\"elementor-element elementor-element-176d8b8 e-flex e-con-boxed e-con e-parent\" data-id=\"176d8b8\" data-element_type=\"container\" data-e-type=\"container\">\n\t\t\t\t\t<div class=\"e-con-inner\">\n\t\t\t\t<div class=\"elementor-element elementor-element-6c8c459 elementor-widget elementor-widget-shortcode\" data-id=\"6c8c459\" data-element_type=\"widget\" data-e-type=\"widget\" data-widget_type=\"shortcode.default\">\n\t\t\t\t<div class=\"elementor-widget-container\">\n\t\t\t\t\t\t\t<div class=\"elementor-shortcode\">\n<table id=\"tablepress-21\" class=\"tablepress tablepress-id-21\">\n<thead>\n<tr class=\"row-1\">\n\t<th class=\"column-1\">N\u00b0<\/th><th class=\"column-2\">Descripci\u00f3n<\/th><th class=\"column-3\">Descargar<\/th>\n<\/tr>\n<\/thead>\n<tbody class=\"row-striping row-hover\">\n<tr class=\"row-2\">\n\t<td class=\"column-1\">D.A N\u00ba 001.<\/td><td class=\"column-2\">DECLARAR DUELO LOCAL LABORABLE el d\u00eda 14 de enero del presente a\u00f1o, por el lamentable deceso del Ex Alcalde de la Municipalidad Provincial de Ica se\u00f1or MARIANO AUSBERTO NACIMIENTO QUISPE<\/td><td class=\"column-3\"><a href=\"https:\/\/muniica.gob.pe\/transparencia\/GESTION2021\/DECRETOS2021\/DECRETO%20DE%20ALCALD%c3%8dA%20N%c2%aa001-2021-AMP.pdf\">DESCARGAR AQU\u00cd<\/a><\/td>\n<\/tr>\n<tr class=\"row-3\">\n\t<td class=\"column-1\">D.A N\u00ba 002.<\/td><td class=\"column-2\">PRORROGAR la vigencia de la Ordenanza Municipal N\u00ba 014-2020-MPI, hasta el \u00faltimo d\u00eda h\u00e1bil del mes de febrero del 2021, en m\u00e9rito a los considerandos antes expuestos<\/td><td class=\"column-3\"><a href=\"https:\/\/muniica.gob.pe\/transparencia\/GESTION2021\/DECRETOS2021\/DECRETO%20DE%20ALCALD%c3%8dA%20N%c2%aa002-2021-AMP.pdf\">DESCARGAR AQU\u00cd<\/a><\/td>\n<\/tr>\n<tr class=\"row-4\">\n\t<td class=\"column-1\">D.A N\u00ba 003.<\/td><td class=\"column-2\">PRORROGAR la vigencia de la Ordenanza Municipal N\u00ba 013-2020-MPI, hasta el \u00faltimo d\u00eda h\u00e1bil del mes de febrero del 2021, en merito a los considerandos antes expuestos.<\/td><td class=\"column-3\"><a href=\"https:\/\/muniica.gob.pe\/transparencia\/GESTION2021\/DECRETOS2021\/DECRETO%20DE%20ALCALD%c3%8dA%20N%c2%aa003-2021-AMP.pdf\">DESCARGAR AQU\u00cd<\/a><\/td>\n<\/tr>\n<tr class=\"row-5\">\n\t<td class=\"column-1\">D.A N\u00ba 004.<\/td><td class=\"column-2\">PRORROGAR la vigencia de la Ordenanza Municipal N\u00ba 003-2021-MPI, hasta el \u00faltimo d\u00eda h\u00e1bil del mes de marzo del 2021, en m\u00e9rito a los considerandos antes expuestos.<\/td><td class=\"column-3\"><a href=\"https:\/\/muniica.gob.pe\/transparencia\/GESTION2021\/DECRETOS2021\/DECRETO%20DE%20ALCALD%c3%8dA%20N%c2%aa004-2021-AMP.pdf\">DESCARGAR AQU\u00cd<\/a><\/td>\n<\/tr>\n<tr class=\"row-6\">\n\t<td class=\"column-1\">D.A N\u00ba 005.<\/td><td class=\"column-2\">PRORROGAR la vigencia de la Ordenanza Municipal N\u00ba 013-2020-MPI, hasta el \u00faltimo d\u00eda h\u00e1bil del mes de marzo del 2021, en m\u00e9rito a los considerandos antes expuestos<\/td><td class=\"column-3\"><a href=\"https:\/\/muniica.gob.pe\/transparencia\/GESTION2021\/DECRETOS2021\/DECRETO%20DE%20ALCALD%c3%8dA%20N%c2%aa005-2021-AMP.pdf\">DESCARGAR AQU\u00cd<\/a><\/td>\n<\/tr>\n<tr class=\"row-7\">\n\t<td class=\"column-1\">D.A N\u00ba 006.<\/td><td class=\"column-2\">PRORROGAR la vigencia de la Ordenanza Municipal N\u00ba 014-2020-MPI, hasta el \u00faltimo d\u00eda h\u00e1bil de marzo del 2021, en m\u00e9rito a los considerandos antes expuestos<\/td><td class=\"column-3\"><a href=\"https:\/\/muniica.gob.pe\/transparencia\/GESTION2021\/DECRETOS2021\/DECRETO%20DE%20ALCALD%c3%8dA%20N%c2%aa006-2021-AMP.pdf\">DESCARGAR AQU\u00cd<\/a><\/td>\n<\/tr>\n<tr class=\"row-8\">\n\t<td class=\"column-1\">D.A N\u00ba 007.<\/td><td class=\"column-2\">SUSPENDER las actividades del proceso de presupuesto participativo 2022, regulado por la Ley N\u00ba 28056, Ley Marco del Presupuesto Participativo del proceso de la Municipalidad Provincial de Ica<\/td><td class=\"column-3\"><a href=\"https:\/\/muniica.gob.pe\/transparencia\/GESTION2021\/DECRETOS2021\/DECRETO%20DE%20ALCALD%c3%8dA%20N%c2%aa007-2021-AMP.pdf\">DESCARGAR AQU\u00cd<\/a><\/td>\n<\/tr>\n<tr class=\"row-9\">\n\t<td class=\"column-1\">D.A N\u00ba 008.<\/td><td class=\"column-2\">Aprobar la actualizaci\u00f3n de los valores vigentes contenidos en el Cuadro de Infracciones y Sanciones Administrativas (CISA) de la Municipalidad Provincial de Ica<\/td><td class=\"column-3\"><a href=\"https:\/\/muniica.gob.pe\/transparencia\/GESTION2021\/DECRETOS2021\/DECRETO%20DE%20ALCALD%c3%8dA%20N%c2%aa008-2021-AMP.pdf\">DESCARGAR AQU\u00cd<\/a><\/td>\n<\/tr>\n<tr class=\"row-10\">\n\t<td class=\"column-1\">D.A N\u00ba 009.<\/td><td class=\"column-2\">PRORROGAR la vigencia de la Ordenanza Municipal N\u00ba 003-2021-MPI, hasta el \u00faltimo d\u00eda h\u00e1bil del 2021, en merito a los considerandos antes expuestos<\/td><td class=\"column-3\"><a href=\"https:\/\/muniica.gob.pe\/transparencia\/GESTION2021\/DECRETOS2021\/DECRETO%20DE%20ALCALD%c3%8dA%20N%c2%aa009-2021-AMP.pdf\">DESCARGAR AQU\u00cd<\/a><\/td>\n<\/tr>\n<tr class=\"row-11\">\n\t<td class=\"column-1\">D.A N\u00ba 010.<\/td><td class=\"column-2\">PRORROGAR la vigencia de la Ordenanza Municipal N\u00ba 013-2020-MPI, hasta el \u00faltimo d\u00eda h\u00e1bil del mes de abril de 2021.<\/td><td class=\"column-3\"><a href=\"https:\/\/muniica.gob.pe\/transparencia\/GESTION2021\/DECRETOS2021\/DECRETO%20DE%20ALCALD%c3%8dA%20N%c2%aa010-2021-AMP.pdf\">DESCARGAR AQU\u00cd<\/a><\/td>\n<\/tr>\n<tr class=\"row-12\">\n\t<td class=\"column-1\">D.A N\u00ba 011.<\/td><td class=\"column-2\">PRORROGAR la vigencia de la Ordenanza Municipal N\u00ba 014-2020-MPI, hasta el \u00faltimo d\u00eda h\u00e1bil del mes de abril de 2021.<\/td><td class=\"column-3\"><a href=\"https:\/\/muniica.gob.pe\/transparencia\/GESTION2021\/DECRETOS2021\/DECRETO%20DE%20ALCALD%c3%8dA%20N%c2%aa011-2021-AMP.pdf\">DESCARGAR AQU\u00cd<\/a><\/td>\n<\/tr>\n<tr class=\"row-13\">\n\t<td class=\"column-1\">D.A N\u00ba 012.<\/td><td class=\"column-2\">PRORROGAR la vigencia de la Ordenanza Municipal N\u00ba 013-2020-MPI, hasta el \u00faltimo d\u00eda h\u00e1bil del mes de junio del 2021, en m\u00e9rito a los considerandos antes expuestos<\/td><td class=\"column-3\"><a href=\"https:\/\/muniica.gob.pe\/transparencia\/GESTION2021\/DECRETOS2021\/DECRETO%20DE%20ALCALD%c3%8dA%20N%c2%aa012-2021-AMP.pdf\">DESCARGAR AQU\u00cd<\/a><\/td>\n<\/tr>\n<tr class=\"row-14\">\n\t<td class=\"column-1\">D.A N\u00ba 013.<\/td><td class=\"column-2\">PRORROGAR la vigencia de la Ordenanza Municipal N\u00ba 014-2020-MPI, hasta el \u00faltimo d\u00eda h\u00e1bil del mes de junio del 2021, en m\u00e9rito a los considerandos antes expuestos<\/td><td class=\"column-3\"><a href=\"https:\/\/muniica.gob.pe\/transparencia\/GESTION2021\/DECRETOS2021\/DECRETO%20DE%20ALCALD%c3%8dA%20N%c2%aa013-2021-AMP.pdf\">DESCARGAR AQU\u00cd<\/a><\/td>\n<\/tr>\n<tr class=\"row-15\">\n\t<td class=\"column-1\">D.A N\u00ba 014.<\/td><td class=\"column-2\">PRORROGAR la vigencia de la Ordenanza Municipal N\u00ba 003-2021-MPI, hasta el \u00faltimo d\u00eda h\u00e1bil del mes de mayo del 2021, en m\u00e9rito a los considerandos antes expuestos<\/td><td class=\"column-3\"><a href=\"https:\/\/muniica.gob.pe\/transparencia\/GESTION2021\/DECRETOS2021\/DECRETO%20DE%20ALCALD%c3%8dA%20N%c2%aa014-2021-AMP.pdf\">DESCARGAR AQU\u00cd<\/a><\/td>\n<\/tr>\n<tr class=\"row-16\">\n\t<td class=\"column-1\">D.A N\u00ba 015.<\/td><td class=\"column-2\">APROBAR LA MODIFICACI\u00d3N del Anexo I, item 14 referente al Control y Fiscalizaci\u00f3n en Emergencia Sanitaria, incorporado al Cuadro de Infracciones y Sanciones Administrativas (CISA), por Ordenanza Municipal N\u00ba 006-2020-MPI que aprueba las Medidas de Bioseguridad, Prohibiciones y Control en Mercados..<\/td><td class=\"column-3\"><a href=\"https:\/\/muniica.gob.pe\/transparencia\/GESTION2021\/DECRETOS2021\/DECRETO%20DE%20ALCALD%c3%8dA%20N%c2%aa015-2021-AMP.pdf\">DESCARGAR AQU\u00cd<\/a><\/td>\n<\/tr>\n<tr class=\"row-17\">\n\t<td class=\"column-1\">D.A N\u00ba 016.<\/td><td class=\"column-2\">PRORROGAR la vigencia de la Ordenanza Municipal N\u00ba 003-2021-MPI, hasta el \u00faltimo d\u00eda h\u00e1bil del mes de junio del 2021, en merito a los considerandos antes expuestos.<\/td><td class=\"column-3\"><a href=\"https:\/\/muniica.gob.pe\/transparencia\/GESTION2021\/DECRETOS2021\/DECRETO%20DE%20ALCALD%c3%8dA%20N%c2%aa016-2021-AMP.pdf\">DESCARGAR AQU\u00cd<\/a><\/td>\n<\/tr>\n<tr class=\"row-18\">\n\t<td class=\"column-1\">D.A N\u00ba 017.<\/td><td class=\"column-2\">APROBAR el REGLAMENTO PARA LA REALIZACI\u00d3N DE LAS AUDIENCIAS PUBLICAS DE RENDICI\u00d3N DE CUENTAS EN LA MUNICIPALIDAD PROVINCIAL DE ICA, cuyo marco normativo fue aprobado mediante Ordenanza Municipal N\u00ba 001-2009-mpi<\/td><td class=\"column-3\"><a href=\"https:\/\/muniica.gob.pe\/transparencia\/GESTION2021\/DECRETOS2021\/DECRETO%20DE%20ALCALD%c3%8dA%20N%c2%aa017-2021-AMP.pdf\">DESCARGAR AQU\u00cd<\/a><\/td>\n<\/tr>\n<tr class=\"row-19\">\n\t<td class=\"column-1\">D.A N\u00ba 018.<\/td><td class=\"column-2\">DISPONER el EMBANDERAMIENTO GENERAL con la Bandera del Per\u00fa, de todos los predios e inmuebles del sector p\u00fablico y sector privado, y viviendas en general del distrito de Ica, provincia de Ica.<\/td><td class=\"column-3\"><a href=\"https:\/\/muniica.gob.pe\/transparencia\/GESTION2021\/DECRETOS2021\/DECRETO%20DE%20ALCALD%c3%8dA%20N%c2%aa018-2021-AMP.pdf\">DESCARGAR AQU\u00cd<\/a><\/td>\n<\/tr>\n<tr class=\"row-20\">\n\t<td class=\"column-1\">D.A N\u00ba 019.<\/td><td class=\"column-2\">PRORROGAR la vigencia de la Ordenanza Municipal N\u00ba 003-2021-MPI, hasta el \u00faltimo d\u00eda h\u00e1bil del mes de julio del 2021, en merito a los considerandos antes expuestos<\/td><td class=\"column-3\"><a href=\"https:\/\/muniica.gob.pe\/transparencia\/GESTION2021\/DECRETOS2021\/DECRETO%20DE%20ALCALD%c3%8dA%20N%c2%aa019-2021-AMP.pdf\">DESCARGAR AQU\u00cd<\/a><\/td>\n<\/tr>\n<tr class=\"row-21\">\n\t<td class=\"column-1\">D.A N\u00ba 020.<\/td><td class=\"column-2\">PRORROGAR la vigencia de la Ordenanza Municipal N\u00ba 014-2020-MPI, hasta el \u00faltimo d\u00eda h\u00e1bil del mes de agosto del 2021, en merito a los considerandos antes expuestos<\/td><td class=\"column-3\"><a href=\"https:\/\/muniica.gob.pe\/transparencia\/GESTION2021\/DECRETOS2021\/DECRETO%20DE%20ALCALD%c3%8dA%20N%c2%aa020-2021-AMP.pdf\">DESCARGAR AQU\u00cd<\/a><\/td>\n<\/tr>\n<tr class=\"row-22\">\n\t<td class=\"column-1\">D.A N\u00ba 021.<\/td><td class=\"column-2\">PRORROGAR la vigencia de la Ordenanza Municipal N\u00ba 013-2020-MPI, hasta el \u00faltimo d\u00eda h\u00e1bil del mes de agosto del 2021, en merito a los considerandos antes expuestos<\/td><td class=\"column-3\"><a href=\"https:\/\/muniica.gob.pe\/transparencia\/GESTION2021\/DECRETOS2021\/DECRETO%20DE%20ALCALD%c3%8dA%20N%c2%aa021-2021-AMP.pdf\">DESCARGAR AQU\u00cd<\/a><\/td>\n<\/tr>\n<tr class=\"row-23\">\n\t<td class=\"column-1\">D.A N\u00ba 022.<\/td><td class=\"column-2\">PRORROGAR la vigencia de la Ordenanza Municipal N\u00ba 003-2021-MPI, hasta el \u00faltimo d\u00eda h\u00e1bil del mes de agosto del 2021, en merito a los considerandos antes expuestos<\/td><td class=\"column-3\"><a href=\"https:\/\/muniica.gob.pe\/transparencia\/GESTION2021\/DECRETOS2021\/DECRETO%20DE%20ALCALD%c3%8dA%20N%c2%aa022-2021-AMP.pdf\">DESCARGAR AQU\u00cd<\/a><\/td>\n<\/tr>\n<tr class=\"row-24\">\n\t<td class=\"column-1\">D.A N\u00ba 023.<\/td><td class=\"column-2\">PRORROGAR la vigencia de la Ordenanza Municipal N\u00ba 003-2021-MPI, hasta el \u00faltimo d\u00eda h\u00e1bil del mes de setiembre del 2021, en m\u00e9rito a los considerandos antes expuestos.<\/td><td class=\"column-3\"><a href=\"https:\/\/muniica.gob.pe\/transparencia\/GESTION2021\/DECRETOS2021\/DECRETO%20DE%20ALCALD%c3%8dA%20N%c2%aa023-2021-AMP.pdf\">DESCARGAR AQU\u00cd<\/a><\/td>\n<\/tr>\n<tr class=\"row-25\">\n\t<td class=\"column-1\">D.A N\u00ba 024.<\/td><td class=\"column-2\">OTORGAR la Bonificaci\u00f3n por Riesgo de Salud equivalente al 10% del Jornal B\u00e1sico, a favor de los trabajadores de la Municipalidad Provincial de Ica, que ejerzan funciones con contacto directo y permanente con basura y otros similares<\/td><td class=\"column-3\"><a href=\"https:\/\/muniica.gob.pe\/transparencia\/GESTION2021\/DECRETOS2021\/DECRETO%20DE%20ALCALD%c3%8dA%20N%c2%aa024-2021-AMP.pdf\">DESCARGAR AQU\u00cd<\/a><\/td>\n<\/tr>\n<tr class=\"row-26\">\n\t<td class=\"column-1\">D.A N\u00ba 025.<\/td><td class=\"column-2\">PRORROGAR la vigencia de la Ordenanza Municipal N\u00ba 003-2021-MPI, hasta el \u00faltimo d\u00eda h\u00e1bil del mes de octubre del 2021, en merito a los considerandos antes expuestos<\/td><td class=\"column-3\"><a href=\"https:\/\/muniica.gob.pe\/transparencia\/GESTION2021\/DECRETOS2021\/DECRETO%20DE%20ALCALD%c3%8dA%20N%c2%aa025-2021-AMP.pdf\">DESCARGAR AQU\u00cd<\/a><\/td>\n<\/tr>\n<tr class=\"row-27\">\n\t<td class=\"column-1\">D.A N\u00ba 026.<\/td><td class=\"column-2\">PRORROGAR la vigencia de la Ordenanza Municipal N\u00ba 003-2021-MPI, hasta el \u00faltimo d\u00eda h\u00e1bil del mes de noviembre del 2021, en merito a los considerandos antes expuestos<\/td><td class=\"column-3\"><a href=\"https:\/\/muniica.gob.pe\/transparencia\/GESTION2021\/DECRETOS2021\/DECRETO%20DE%20ALCALD%c3%8dA%20N%c2%aa026-2021-AMP.pdf\">DESCARGAR AQU\u00cd<\/a><\/td>\n<\/tr>\n<tr class=\"row-28\">\n\t<td class=\"column-1\">D.A N\u00ba 027.<\/td><td class=\"column-2\">PRORROGAR la vigencia de la Ordenanza Municipal N\u00ba 003-2021-MPI, hasta el \u00faltimo d\u00eda h\u00e1bil del mes del 2022, en merito a los considerandos antes expuestos.<\/td><td class=\"column-3\"><a href=\"https:\/\/muniica.gob.pe\/transparencia\/GESTION2021\/DECRETOS2021\/DECRETO%20DE%20ALCALD%c3%8dA%20N%c2%aa027-2021-AMP.pdf\">DESCARGAR AQU\u00cd<\/a><\/td>\n<\/tr>\n<tr class=\"row-29\">\n\t<td class=\"column-1\">D.A N\u00ba 028.<\/td><td class=\"column-2\">PRORROGAR la vigencia de la Ordenanza Municipal N\u00ba 003-2021-MPI, hasta el \u00faltimo d\u00eda h\u00e1bil del mes de diciembre del 2021, en merito a los considerandos antes expuestos<\/td><td class=\"column-3\"><a href=\"https:\/\/muniica.gob.pe\/transparencia\/GESTION2021\/DECRETOS2021\/DECRETO%20DE%20ALCALD%c3%8dA%20N%c2%aa028-2021-AMP.pdf\">DESCARGAR AQU\u00cd<\/a><\/td>\n<\/tr>\n<\/tbody>\n<\/table>\n<!-- #tablepress-21 from cache --><\/div>\n\t\t\t\t\t\t<\/div>\n\t\t\t\t<\/div>\n\t\t\t\t\t<\/div>\n\t\t\t\t<\/div>\n\t\t\t\t<\/div>\n\t\t","protected":false},"excerpt":{"rendered":"<p>DECRETO DE ALCALD\u00cdA 2021<\/p>\n","protected":false},"author":1,"featured_media":0,"parent":0,"menu_order":0,"comment_status":"closed","ping_status":"closed","template":"","meta":{"site-sidebar-layout":"default","site-content-layout":"","ast-site-content-layout":"default","site-content-style":"default","site-sidebar-style":"default","ast-global-header-display":"disabled","ast-banner-title-visibility":"disabled","ast-main-header-display":"","ast-hfb-above-header-display":"","ast-hfb-below-header-display":"","ast-hfb-mobile-header-display":"","site-post-title":"","ast-breadcrumbs-content":"","ast-featured-img":"","footer-sml-layout":"disabled","ast-disable-related-posts":"","theme-transparent-header-meta":"","adv-header-id-meta":"","stick-header-meta":"","header-above-stick-meta":"","header-main-stick-meta":"","header-below-stick-meta":"","astra-migrate-meta-layouts":"default","ast-page-background-enabled":"default","ast-page-background-meta":{"desktop":{"background-color":"var(--ast-global-color-5)","background-image":"","background-repeat":"repeat","background-position":"center center","background-size":"auto","background-attachment":"scroll","background-type":"","background-media":"","overlay-type":"","overlay-color":"","overlay-opacity":"","overlay-gradient":""},"tablet":{"background-color":"","background-image":"","background-repeat":"repeat","background-position":"center center","background-size":"auto","background-attachment":"scroll","background-type":"","background-media":"","overlay-type":"","overlay-color":"","overlay-opacity":"","overlay-gradient":""},"mobile":{"background-color":"","background-image":"","background-repeat":"repeat","background-position":"center center","background-size":"auto","background-attachment":"scroll","background-type":"","background-media":"","overlay-type":"","overlay-color":"","overlay-opacity":"","overlay-gradient":""}},"ast-content-background-meta":{"desktop":{"background-color":"var(--ast-global-color-4)","background-image":"","background-repeat":"repeat","background-position":"center center","background-size":"auto","background-attachment":"scroll","background-type":"","background-media":"","overlay-type":"","overlay-color":"","overlay-opacity":"","overlay-gradient":""},"tablet":{"background-color":"var(--ast-global-color-4)","background-image":"","background-repeat":"repeat","background-position":"center center","background-size":"auto","background-attachment":"scroll","background-type":"","background-media":"","overlay-type":"","overlay-color":"","overlay-opacity":"","overlay-gradient":""},"mobile":{"background-color":"var(--ast-global-color-4)","background-image":"","background-repeat":"repeat","background-position":"center center","background-size":"auto","background-attachment":"scroll","background-type":"","background-media":"","overlay-type":"","overlay-color":"","overlay-opacity":"","overlay-gradient":""}},"_themeisle_gutenberg_block_has_review":false,"footnotes":""},"class_list":["post-395","page","type-page","status-publish","hentry"],"_links":{"self":[{"href":"https:\/\/muniica.gob.pe\/portal\/index.php\/wp-json\/wp\/v2\/pages\/395","targetHints":{"allow":["GET"]}}],"collection":[{"href":"https:\/\/muniica.gob.pe\/portal\/index.php\/wp-json\/wp\/v2\/pages"}],"about":[{"href":"https:\/\/muniica.gob.pe\/portal\/index.php\/wp-json\/wp\/v2\/types\/page"}],"author":[{"embeddable":true,"href":"https:\/\/muniica.gob.pe\/portal\/index.php\/wp-json\/wp\/v2\/users\/1"}],"replies":[{"embeddable":true,"href":"https:\/\/muniica.gob.pe\/portal\/index.php\/wp-json\/wp\/v2\/comments?post=395"}],"version-history":[{"count":5,"href":"https:\/\/muniica.gob.pe\/portal\/index.php\/wp-json\/wp\/v2\/pages\/395\/revisions"}],"predecessor-version":[{"id":2514,"href":"https:\/\/muniica.gob.pe\/portal\/index.php\/wp-json\/wp\/v2\/pages\/395\/revisions\/2514"}],"wp:attachment":[{"href":"https:\/\/muniica.gob.pe\/portal\/index.php\/wp-json\/wp\/v2\/media?parent=395"}],"curies":[{"name":"wp","href":"https:\/\/api.w.org\/{rel}","templated":true}]}}