{"id":389,"date":"2023-11-23T00:09:38","date_gmt":"2023-11-23T00:09:38","guid":{"rendered":"https:\/\/muniica.gob.pe\/portal\/?page_id=389"},"modified":"2026-01-21T15:22:48","modified_gmt":"2026-01-21T15:22:48","slug":"decreto-de-alcaldia-2022","status":"publish","type":"page","link":"https:\/\/muniica.gob.pe\/portal\/index.php\/decreto-de-alcaldia-2022\/","title":{"rendered":"Decreto de Alcald\u00eda 2022"},"content":{"rendered":"\t\t<div data-elementor-type=\"wp-page\" data-elementor-id=\"389\" class=\"elementor elementor-389\">\n\t\t\t\t<div class=\"elementor-element elementor-element-eda23e7 e-flex e-con-boxed e-con e-parent\" data-id=\"eda23e7\" data-element_type=\"container\" data-e-type=\"container\">\n\t\t\t\t\t<div class=\"e-con-inner\">\n\t\t\t\t<div class=\"elementor-element elementor-element-52faae6 elementor-widget elementor-widget-heading\" data-id=\"52faae6\" data-element_type=\"widget\" data-e-type=\"widget\" data-widget_type=\"heading.default\">\n\t\t\t\t<div class=\"elementor-widget-container\">\n\t\t\t\t\t<h2 class=\"elementor-heading-title elementor-size-default\">DECRETO DE ALCALD\u00cdA 2022<\/h2>\t\t\t\t<\/div>\n\t\t\t\t<\/div>\n\t\t\t\t\t<\/div>\n\t\t\t\t<\/div>\n\t\t<div class=\"elementor-element elementor-element-3b769eb e-flex e-con-boxed e-con e-parent\" data-id=\"3b769eb\" data-element_type=\"container\" data-e-type=\"container\">\n\t\t\t\t\t<div class=\"e-con-inner\">\n\t\t\t\t<div class=\"elementor-element elementor-element-8b0b73c elementor-widget elementor-widget-shortcode\" data-id=\"8b0b73c\" data-element_type=\"widget\" data-e-type=\"widget\" data-widget_type=\"shortcode.default\">\n\t\t\t\t<div class=\"elementor-widget-container\">\n\t\t\t\t\t\t\t<div class=\"elementor-shortcode\">\n<table id=\"tablepress-20\" class=\"tablepress tablepress-id-20\">\n<thead>\n<tr class=\"row-1\">\n\t<th class=\"column-1\">N\u00b0<\/th><th class=\"column-2\">Descripci\u00f3n<\/th><th class=\"column-3\">Descargar<\/th>\n<\/tr>\n<\/thead>\n<tbody class=\"row-striping row-hover\">\n<tr class=\"row-2\">\n\t<td class=\"column-1\">D.A N\u00ba 001.<\/td><td class=\"column-2\">APROBAR el Texto \u00danico Ordenado del Cuadro de Infracciones y Sanciones Administrativas de la Municipalidad Provincial de Ica, el cual forma parte integrante del presente Decreto de Alcald\u00eda<\/td><td class=\"column-3\"><a href=\"https:\/\/muniica.gob.pe\/transparencia\/GESTION2022\/DECRETOS2022\/DECRETO%20DE%20ALCALD%c3%8dA%20N%c2%aa001-2022-AMP.pdf\">DESCARGAR AQU\u00cd<\/a><\/td>\n<\/tr>\n<tr class=\"row-3\">\n\t<td class=\"column-1\">D.A N\u00ba 002.<\/td><td class=\"column-2\">MODIFICAR la ORDENANZA MUNICIPAL N\u00ba 021-2016-MPI que crea \"el Registro \u00danico de Organizaciones Juveniles para la Participaci\u00f3n en la Sociedad Civil de la Provincia de Ica y su Reglamento\", en los t\u00e9rminos siguientes:<\/td><td class=\"column-3\"><a href=\"https:\/\/muniica.gob.pe\/transparencia\/GESTION2022\/DECRETOS2022\/DECRETO%20DE%20ALCALD%c3%8dA%20N%c2%aa002-2022-AMP.pdf\">DESCARGAR AQU\u00cd<\/a><\/td>\n<\/tr>\n<tr class=\"row-4\">\n\t<td class=\"column-1\">D.A N\u00ba 003.<\/td><td class=\"column-2\">PRORROGAR la vigencia de la Ordenanza Municipal N\u00ba 003-2021-MPI, hasta el Ultimo d\u00eda h\u00e1bil del mes de febrero del 2022, en merito a los considerandos antes expuestos<\/td><td class=\"column-3\"><a href=\"https:\/\/muniica.gob.pe\/transparencia\/GESTION2022\/DECRETOS2022\/DECRETO%20DE%20ALCALD%c3%8dA%20N%c2%aa003-2022-AMP.pdf\">DESCARGAR AQU\u00cd<\/a><\/td>\n<\/tr>\n<tr class=\"row-5\">\n\t<td class=\"column-1\">D.A N\u00ba 004.<\/td><td class=\"column-2\">PRORROGAR la vigencia de la Ordenanza Municipal N\u00ba 003-2021-MPI, hasta el \u00faltimo d\u00eda h\u00e1bil del mes de marzo del 2022, en merito a los considerandos antes expuestos<\/td><td class=\"column-3\"><a href=\"https:\/\/muniica.gob.pe\/transparencia\/GESTION2022\/DECRETOS2022\/DECRETO%20DE%20ALCALD%c3%8dA%20N%c2%aa004-2022-AMP.pdf\">DESCARGAR AQU\u00cd<\/a><\/td>\n<\/tr>\n<tr class=\"row-6\">\n\t<td class=\"column-1\">D.A N\u00ba 005.<\/td><td class=\"column-2\">APROBAR las Disposiciones Complementarias para el desarrollo del Proceso Participativo 2023 de la Municipalidad Provincial de Ica, bajo la modalidad virtual, que como Anexo 1 forma parte del presente Decreto.<\/td><td class=\"column-3\"><a href=\"https:\/\/muniica.gob.pe\/transparencia\/GESTION2022\/DECRETOS2022\/DECRETO%20DE%20ALCALD%c3%8dA%20N%c2%aa005-2022-AMP.pdf\">DESCARGAR AQU\u00cd<\/a><\/td>\n<\/tr>\n<tr class=\"row-7\">\n\t<td class=\"column-1\">D.A N\u00ba 006.<\/td><td class=\"column-2\">ACREDITAR como Agentes Participantes en el Proceso del Presupuesto Participativo de la Municipalidad Provincial de Ica correspondiente al a\u00f1o fiscal 2023, a los representantes de las instituciones que como Anexo 1 forma parte del presente Decreto.<\/td><td class=\"column-3\"><a href=\"https:\/\/muniica.gob.pe\/transparencia\/GESTION2022\/DECRETOS2022\/DECRETO%20DE%20ALCALD%c3%8dA%20N%c2%aa006-2022-AMP.pdf\">DESCARGAR AQU\u00cd<\/a><\/td>\n<\/tr>\n<tr class=\"row-8\">\n\t<td class=\"column-1\">D.A N\u00ba 007.<\/td><td class=\"column-2\">PRORROGAR la vigencia de la Ordenanza Municipal N\u00ba 003-2021-MPI, hasta el ultimo d\u00eda h\u00e1bil del mes de julio del 2022, en m\u00e9rito a los considerandos antes expuestos<\/td><td class=\"column-3\"><a href=\"https:\/\/muniica.gob.pe\/transparencia\/GESTION2022\/DECRETOS2022\/DECRETO%20DE%20ALCALD%c3%8dA%20N%c2%aa007-2022-AMP.pdf\">DESCARGAR AQU\u00cd<\/a><\/td>\n<\/tr>\n<tr class=\"row-9\">\n\t<td class=\"column-1\">D.A N\u00ba 008.<\/td><td class=\"column-2\">ACREDITAR al Comit\u00e9 de Vigilancia del Proceso del Presupuesto Participativo 2023 de la Municipalidad Provincial de Ica, que esta conformado por los siguientes Agentes Participantes:<\/td><td class=\"column-3\"><a href=\"https:\/\/muniica.gob.pe\/transparencia\/GESTION2022\/DECRETOS2022\/DECRETO%20DE%20ALCALD%c3%8dA%20N%c2%aa008-2022-AMP.pdf\">DESCARGAR AQU\u00cd<\/a><\/td>\n<\/tr>\n<tr class=\"row-10\">\n\t<td class=\"column-1\">D.A N\u00ba 009.<\/td><td class=\"column-2\">APROBAR la Reconvenci\u00f3n de los T\u00e9rminos Porcentuales de los Derechos Administrativos Vigentes contenidos en el Cuadro de Infracciones y Sanciones Administrativo (CISA) de la Municipalidad Provincial de Ica<\/td><td class=\"column-3\"><a href=\"https:\/\/muniica.gob.pe\/transparencia\/GESTION2022\/DECRETOS2022\/DECRETO%20DE%20ALCALD%c3%8dA%20N%c2%aa009-2022-AMP.pdf\">DESCARGAR AQU\u00cd<\/a><\/td>\n<\/tr>\n<tr class=\"row-11\">\n\t<td class=\"column-1\">D.A N\u00ba 010.<\/td><td class=\"column-2\">PRORROGAR la vigencia de la Ordenanza Municipal N\u00ba 015-2022-MPI, hasta el \u00faltimo d\u00eda h\u00e1bil del mes de julio del 2022, en m\u00e9rito a los considerandos antes expuestos<\/td><td class=\"column-3\"><a href=\"https:\/\/muniica.gob.pe\/transparencia\/GESTION2022\/DECRETOS2022\/DECRETO%20DE%20ALCALD%c3%8dA%20N%c2%aa010-2022-AMP.pdf\">DESCARGAR AQU\u00cd<\/a><\/td>\n<\/tr>\n<tr class=\"row-12\">\n\t<td class=\"column-1\">D.A N\u00ba 011.<\/td><td class=\"column-2\">DISPONER el EMBANDERAMIENTO GENERAL con la Bandera del Per\u00fa, de todos los predios e inmuebles del sector p\u00fablico y sector privado, y viviendas en general del distrito de Ica, Provincia de Ica, desde el viernes 01 hasta el domingo 31 de julio, del presente a\u00f1o<\/td><td class=\"column-3\"><a href=\"https:\/\/muniica.gob.pe\/transparencia\/GESTION2022\/DECRETOS2022\/DECRETO%20DE%20ALCALD%c3%8dA%20N%c2%aa011-2022-AMP.pdf\">DESCARGAR AQU\u00cd<\/a><\/td>\n<\/tr>\n<tr class=\"row-13\">\n\t<td class=\"column-1\">D.A N\u00ba 012.<\/td><td class=\"column-2\">PRORROGAR la vigencia de la Ordenanza Municipal N\u00ba 003-2021-MPI, hasta el \u00faltimo d\u00eda h\u00e1bil del mes de diciembre del 2022, en merito a los considerandos antes expuesto<\/td><td class=\"column-3\"><a href=\"https:\/\/muniica.gob.pe\/transparencia\/GESTION2022\/DECRETOS2022\/DECRETO%20DE%20ALCALD%c3%8dA%20N%c2%aa012-2022-AMP.pdf\">DESCARGAR AQU\u00cd<\/a><\/td>\n<\/tr>\n<tr class=\"row-14\">\n\t<td class=\"column-1\">D.A N\u00ba 013.<\/td><td class=\"column-2\">PRORROGAR la vigencia de la Ordenanza Municipal N\u00ba 015-2022-MPI, hasta el \u00faltimo d\u00eda h\u00e1bil del mes de setiembre del 2022, en merito a los considerandos antes expuestos.<\/td><td class=\"column-3\"><a href=\"https:\/\/muniica.gob.pe\/transparencia\/GESTION2022\/DECRETOS2022\/DECRETO%20DE%20ALCALD%c3%8dA%20N%c2%aa013-2022-AMP.pdf\">DESCARGAR AQU\u00cd<\/a><\/td>\n<\/tr>\n<tr class=\"row-15\">\n\t<td class=\"column-1\">D.A N\u00ba 014.<\/td><td class=\"column-2\">APROBAR los formatos de las ACTAS DE CONTROL que el ANEXO forma parte integra del presente Decreto de Alcald\u00eda, para un mejor aplicaci\u00f3n de los dispuestos en Ordenanza Municipal N\u00b0007-2020-MPI, adecuado mediante Ordenanza Municipal N\u00b0002-2022-MPI; y Ordenaza Municipal N\u00b0008-2020-MPI adecuado mediante Ordenanza Municipal N\u00b0 001-2022-MPI<\/td><td class=\"column-3\"><a href=\"https:\/\/muniica.gob.pe\/transparencia\/GESTION2022\/DECRETOS2022\/DECRETO%20DE%20ALCALD%c3%8dA%20N%c2%aa014-2022-AMP.pdf\">DESCARGAR AQU\u00cd<\/a><\/td>\n<\/tr>\n<tr class=\"row-16\">\n\t<td class=\"column-1\">D.A N\u00ba 015.<\/td><td class=\"column-2\">PRORROGAR la vigencia de la Ordenanza Municipal N\u00b0 015-2022-MPI, hasta el ultimo dia habil del mes de diciembre del 2022, en m\u00e9rito a los considerandos antes expuestos<\/td><td class=\"column-3\"><a href=\"https:\/\/muniica.gob.pe\/transparencia\/GESTION2022\/DECRETOS2022\/DECRETO%20DE%20ALCALD%c3%8dA%20N%c2%aa015-2022-AMP.pdf\">DESCARGAR AQU\u00cd<\/a><\/td>\n<\/tr>\n<tr class=\"row-17\">\n\t<td class=\"column-1\">D.A N\u00ba 016.<\/td><td class=\"column-2\">CONFORMAR el Comit\u00e9 Electoral para la elecci\u00f3n de los representantes de la Sociedad Civil ante el Concejo de Coordinaci\u00f3n Local Provincial - CCL de la Provincia de Ica, periodo 2023 - 2025, seg\u00fan el siguiente detalle:<\/td><td class=\"column-3\"><a href=\"https:\/\/muniica.gob.pe\/transparencia\/GESTION2022\/DECRETOS2022\/DECRETO%20DE%20ALCALD%c3%8dA%20N%c2%aa016-2022-AMP.pdf\">DESCARGAR AQU\u00cd<\/a><\/td>\n<\/tr>\n<\/tbody>\n<\/table>\n<!-- #tablepress-20 from cache --><\/div>\n\t\t\t\t\t\t<\/div>\n\t\t\t\t<\/div>\n\t\t\t\t\t<\/div>\n\t\t\t\t<\/div>\n\t\t\t\t<\/div>\n\t\t","protected":false},"excerpt":{"rendered":"<p>DECRETO DE ALCALD\u00cdA 2022<\/p>\n","protected":false},"author":1,"featured_media":0,"parent":0,"menu_order":0,"comment_status":"closed","ping_status":"closed","template":"","meta":{"site-sidebar-layout":"default","site-content-layout":"","ast-site-content-layout":"default","site-content-style":"default","site-sidebar-style":"default","ast-global-header-display":"disabled","ast-banner-title-visibility":"disabled","ast-main-header-display":"","ast-hfb-above-header-display":"","ast-hfb-below-header-display":"","ast-hfb-mobile-header-display":"","site-post-title":"","ast-breadcrumbs-content":"","ast-featured-img":"","footer-sml-layout":"disabled","ast-disable-related-posts":"","theme-transparent-header-meta":"","adv-header-id-meta":"","stick-header-meta":"","header-above-stick-meta":"","header-main-stick-meta":"","header-below-stick-meta":"","astra-migrate-meta-layouts":"default","ast-page-background-enabled":"default","ast-page-background-meta":{"desktop":{"background-color":"var(--ast-global-color-5)","background-image":"","background-repeat":"repeat","background-position":"center center","background-size":"auto","background-attachment":"scroll","background-type":"","background-media":"","overlay-type":"","overlay-color":"","overlay-opacity":"","overlay-gradient":""},"tablet":{"background-color":"","background-image":"","background-repeat":"repeat","background-position":"center center","background-size":"auto","background-attachment":"scroll","background-type":"","background-media":"","overlay-type":"","overlay-color":"","overlay-opacity":"","overlay-gradient":""},"mobile":{"background-color":"","background-image":"","background-repeat":"repeat","background-position":"center center","background-size":"auto","background-attachment":"scroll","background-type":"","background-media":"","overlay-type":"","overlay-color":"","overlay-opacity":"","overlay-gradient":""}},"ast-content-background-meta":{"desktop":{"background-color":"var(--ast-global-color-4)","background-image":"","background-repeat":"repeat","background-position":"center center","background-size":"auto","background-attachment":"scroll","background-type":"","background-media":"","overlay-type":"","overlay-color":"","overlay-opacity":"","overlay-gradient":""},"tablet":{"background-color":"var(--ast-global-color-4)","background-image":"","background-repeat":"repeat","background-position":"center center","background-size":"auto","background-attachment":"scroll","background-type":"","background-media":"","overlay-type":"","overlay-color":"","overlay-opacity":"","overlay-gradient":""},"mobile":{"background-color":"var(--ast-global-color-4)","background-image":"","background-repeat":"repeat","background-position":"center center","background-size":"auto","background-attachment":"scroll","background-type":"","background-media":"","overlay-type":"","overlay-color":"","overlay-opacity":"","overlay-gradient":""}},"_themeisle_gutenberg_block_has_review":false,"footnotes":""},"class_list":["post-389","page","type-page","status-publish","hentry"],"_links":{"self":[{"href":"https:\/\/muniica.gob.pe\/portal\/index.php\/wp-json\/wp\/v2\/pages\/389","targetHints":{"allow":["GET"]}}],"collection":[{"href":"https:\/\/muniica.gob.pe\/portal\/index.php\/wp-json\/wp\/v2\/pages"}],"about":[{"href":"https:\/\/muniica.gob.pe\/portal\/index.php\/wp-json\/wp\/v2\/types\/page"}],"author":[{"embeddable":true,"href":"https:\/\/muniica.gob.pe\/portal\/index.php\/wp-json\/wp\/v2\/users\/1"}],"replies":[{"embeddable":true,"href":"https:\/\/muniica.gob.pe\/portal\/index.php\/wp-json\/wp\/v2\/comments?post=389"}],"version-history":[{"count":5,"href":"https:\/\/muniica.gob.pe\/portal\/index.php\/wp-json\/wp\/v2\/pages\/389\/revisions"}],"predecessor-version":[{"id":2510,"href":"https:\/\/muniica.gob.pe\/portal\/index.php\/wp-json\/wp\/v2\/pages\/389\/revisions\/2510"}],"wp:attachment":[{"href":"https:\/\/muniica.gob.pe\/portal\/index.php\/wp-json\/wp\/v2\/media?parent=389"}],"curies":[{"name":"wp","href":"https:\/\/api.w.org\/{rel}","templated":true}]}}