{"id":3153,"date":"2026-01-29T17:32:15","date_gmt":"2026-01-29T17:32:15","guid":{"rendered":"https:\/\/muniica.gob.pe\/portal\/?page_id=3153"},"modified":"2026-02-03T15:28:16","modified_gmt":"2026-02-03T15:28:16","slug":"etapa-de-exhicibicion","status":"publish","type":"page","link":"https:\/\/muniica.gob.pe\/portal\/index.php\/etapa-de-exhicibicion\/","title":{"rendered":"Etapa de exhibici\u00f3n"},"content":{"rendered":"\t\t<div data-elementor-type=\"wp-page\" data-elementor-id=\"3153\" class=\"elementor elementor-3153\">\n\t\t\t\t<div class=\"elementor-element elementor-element-187eca2 e-con-full e-flex e-con e-parent\" data-id=\"187eca2\" data-element_type=\"container\" data-e-type=\"container\" data-settings=\"{&quot;background_background&quot;:&quot;classic&quot;}\">\n\t\t\t\t<div class=\"elementor-element elementor-element-02eaec7 elementor-widget elementor-widget-heading\" data-id=\"02eaec7\" data-element_type=\"widget\" data-e-type=\"widget\" data-widget_type=\"heading.default\">\n\t\t\t\t<div class=\"elementor-widget-container\">\n\t\t\t\t\t<h2 class=\"elementor-heading-title elementor-size-default\">ETAPA DE EXHIBICI\u00d3N - AUDIENCIA PUBLICA<\/h2>\t\t\t\t<\/div>\n\t\t\t\t<\/div>\n\t\t\t\t<\/div>\n\t\t<div class=\"elementor-element elementor-element-324a54e e-flex e-con-boxed e-con e-parent\" data-id=\"324a54e\" data-element_type=\"container\" data-e-type=\"container\">\n\t\t\t\t\t<div class=\"e-con-inner\">\n\t\t\t\t<div class=\"elementor-element elementor-element-8bb5b20 elementor-widget elementor-widget-obfx-posts-grid\" data-id=\"8bb5b20\" data-element_type=\"widget\" data-e-type=\"widget\" data-widget_type=\"obfx-posts-grid.default\">\n\t\t\t\t<div class=\"elementor-widget-container\">\n\t\t\t\t\t<div class=\"obfx-grid\"><div class=\"obfx-grid-container obfx-grid-desktop-3\"><div class=\"obfx-grid-wrapper\"><article class=\"obfx-grid-col\"><div class=\"obfx-grid-col-image\" style=\"\"><a href=\"https:\/\/muniica.gob.pe\/portal\/index.php\/2026\/03\/19\/3991\/\" title=\"Expediente: 4864-2024\"><img fetchpriority=\"high\" decoding=\"async\" width=\"1384\" height=\"801\" src=\"https:\/\/muniica.gob.pe\/portal\/wp-content\/uploads\/2026\/03\/ds.012.jpg\" class=\"img-responsive wp-post-image\" alt=\"ds.012\" srcset=\"https:\/\/muniica.gob.pe\/portal\/wp-content\/uploads\/2026\/03\/ds.012.jpg 1384w, https:\/\/muniica.gob.pe\/portal\/wp-content\/uploads\/2026\/03\/ds.012-300x174.jpg 300w, https:\/\/muniica.gob.pe\/portal\/wp-content\/uploads\/2026\/03\/ds.012-1024x593.jpg 1024w, https:\/\/muniica.gob.pe\/portal\/wp-content\/uploads\/2026\/03\/ds.012-768x444.jpg 768w\" sizes=\"(max-width: 1384px) 100vw, 1384px\" \/><\/a><\/div><div class=\"obfx-grid-col-content\"><\/div><\/article><\/div><div class=\"obfx-grid-wrapper\"><article class=\"obfx-grid-col\"><div class=\"obfx-grid-col-image\" style=\"\"><a href=\"https:\/\/muniica.gob.pe\/portal\/index.php\/2026\/02\/26\/modificacion-de-zonificacionzona-agricola-za-a-residencia-de-densidad-media-rdm\/\" title=\"Modificaci\u00f3n de Zonificaci\u00f3n(Zona Agr\u00edcola (ZA)) a (Residencia de Densidad Media (RDM))\"><img decoding=\"async\" width=\"1560\" height=\"908\" src=\"https:\/\/muniica.gob.pe\/portal\/wp-content\/uploads\/2026\/02\/Modificacion-de-Zonificacion.jpg\" class=\"img-responsive wp-post-image\" alt=\"Modificaci\u00f3n de Zonificaci\u00f3n\" srcset=\"https:\/\/muniica.gob.pe\/portal\/wp-content\/uploads\/2026\/02\/Modificacion-de-Zonificacion.jpg 1560w, https:\/\/muniica.gob.pe\/portal\/wp-content\/uploads\/2026\/02\/Modificacion-de-Zonificacion-300x175.jpg 300w, https:\/\/muniica.gob.pe\/portal\/wp-content\/uploads\/2026\/02\/Modificacion-de-Zonificacion-1024x596.jpg 1024w, https:\/\/muniica.gob.pe\/portal\/wp-content\/uploads\/2026\/02\/Modificacion-de-Zonificacion-768x447.jpg 768w, https:\/\/muniica.gob.pe\/portal\/wp-content\/uploads\/2026\/02\/Modificacion-de-Zonificacion-1536x894.jpg 1536w\" sizes=\"(max-width: 1560px) 100vw, 1560px\" \/><\/a><\/div><div class=\"obfx-grid-col-content\"><\/div><\/article><\/div><div class=\"obfx-grid-wrapper\"><article class=\"obfx-grid-col\"><div class=\"obfx-grid-col-image\" style=\"\"><a href=\"https:\/\/muniica.gob.pe\/portal\/index.php\/2026\/02\/26\/modificacion-de-zonificacioneducacion-basica-e1-a-comercio-zonal-cz\/\" title=\"Modificaci\u00f3n de Zonificaci\u00f3n(Educaci\u00f3n B\u00e1sica (E1) a Comercio Zonal (CZ))\"><img decoding=\"async\" width=\"1560\" height=\"908\" src=\"https:\/\/muniica.gob.pe\/portal\/wp-content\/uploads\/2026\/02\/etapa-de-exhicicion.jpg\" class=\"img-responsive wp-post-image\" alt=\"etapa de exhicicion\" srcset=\"https:\/\/muniica.gob.pe\/portal\/wp-content\/uploads\/2026\/02\/etapa-de-exhicicion.jpg 1560w, https:\/\/muniica.gob.pe\/portal\/wp-content\/uploads\/2026\/02\/etapa-de-exhicicion-300x175.jpg 300w, https:\/\/muniica.gob.pe\/portal\/wp-content\/uploads\/2026\/02\/etapa-de-exhicicion-1024x596.jpg 1024w, https:\/\/muniica.gob.pe\/portal\/wp-content\/uploads\/2026\/02\/etapa-de-exhicicion-768x447.jpg 768w, https:\/\/muniica.gob.pe\/portal\/wp-content\/uploads\/2026\/02\/etapa-de-exhicicion-1536x894.jpg 1536w\" sizes=\"(max-width: 1560px) 100vw, 1560px\" \/><\/a><\/div><div class=\"obfx-grid-col-content\"><\/div><\/article><\/div><div class=\"obfx-grid-wrapper\"><article class=\"obfx-grid-col\"><div class=\"obfx-grid-col-image\" style=\"\"><a href=\"https:\/\/muniica.gob.pe\/portal\/index.php\/2026\/01\/29\/audiencia-publica-my-27\/\" title=\"AUDIENCIA PUBLICA MY 27\"><img loading=\"lazy\" decoding=\"async\" width=\"1384\" height=\"801\" src=\"https:\/\/muniica.gob.pe\/portal\/wp-content\/uploads\/2025\/05\/audiencia-publica.jpg\" class=\"img-responsive wp-post-image\" alt=\"audiencia publica\" srcset=\"https:\/\/muniica.gob.pe\/portal\/wp-content\/uploads\/2025\/05\/audiencia-publica.jpg 1384w, https:\/\/muniica.gob.pe\/portal\/wp-content\/uploads\/2025\/05\/audiencia-publica-300x174.jpg 300w, https:\/\/muniica.gob.pe\/portal\/wp-content\/uploads\/2025\/05\/audiencia-publica-1024x593.jpg 1024w, https:\/\/muniica.gob.pe\/portal\/wp-content\/uploads\/2025\/05\/audiencia-publica-768x444.jpg 768w\" sizes=\"(max-width: 1384px) 100vw, 1384px\" \/><\/a><\/div><div class=\"obfx-grid-col-content\"><\/div><\/article><\/div><div class=\"obfx-grid-wrapper\"><article class=\"obfx-grid-col\"><div class=\"obfx-grid-col-image\" style=\"\"><a href=\"https:\/\/muniica.gob.pe\/portal\/index.php\/2026\/01\/29\/audiencia-publica\/\" title=\"AUDIENCIA PUBLICA\"><img loading=\"lazy\" decoding=\"async\" width=\"1384\" height=\"801\" src=\"https:\/\/muniica.gob.pe\/portal\/wp-content\/uploads\/2025\/06\/VIVIENDA.jpg\" class=\"img-responsive wp-post-image\" alt=\"VIVIENDA\" srcset=\"https:\/\/muniica.gob.pe\/portal\/wp-content\/uploads\/2025\/06\/VIVIENDA.jpg 1384w, https:\/\/muniica.gob.pe\/portal\/wp-content\/uploads\/2025\/06\/VIVIENDA-300x174.jpg 300w, https:\/\/muniica.gob.pe\/portal\/wp-content\/uploads\/2025\/06\/VIVIENDA-1024x593.jpg 1024w, https:\/\/muniica.gob.pe\/portal\/wp-content\/uploads\/2025\/06\/VIVIENDA-768x444.jpg 768w\" sizes=\"(max-width: 1384px) 100vw, 1384px\" \/><\/a><\/div><div class=\"obfx-grid-col-content\"><\/div><\/article><\/div><div class=\"obfx-grid-wrapper\"><article class=\"obfx-grid-col\"><div class=\"obfx-grid-col-image\" style=\"\"><a href=\"https:\/\/muniica.gob.pe\/portal\/index.php\/2026\/01\/29\/audiencia-publica-06-jn\/\" title=\"AUDIENCIA PUBLICA 06 JN\"><img loading=\"lazy\" decoding=\"async\" width=\"1384\" height=\"801\" src=\"https:\/\/muniica.gob.pe\/portal\/wp-content\/uploads\/2025\/06\/quichua.jpg\" class=\"img-responsive wp-post-image\" alt=\"quichua\" srcset=\"https:\/\/muniica.gob.pe\/portal\/wp-content\/uploads\/2025\/06\/quichua.jpg 1384w, https:\/\/muniica.gob.pe\/portal\/wp-content\/uploads\/2025\/06\/quichua-300x174.jpg 300w, https:\/\/muniica.gob.pe\/portal\/wp-content\/uploads\/2025\/06\/quichua-1024x593.jpg 1024w, https:\/\/muniica.gob.pe\/portal\/wp-content\/uploads\/2025\/06\/quichua-768x444.jpg 768w\" sizes=\"(max-width: 1384px) 100vw, 1384px\" \/><\/a><\/div><div class=\"obfx-grid-col-content\"><\/div><\/article><\/div><div class=\"obfx-grid-wrapper\"><article class=\"obfx-grid-col\"><div class=\"obfx-grid-col-image\" style=\"\"><a href=\"https:\/\/muniica.gob.pe\/portal\/index.php\/2026\/01\/29\/audiencia-publica-27-my\/\" title=\"AUDIENCIA PUBLICA 27 MY\"><img loading=\"lazy\" decoding=\"async\" width=\"1384\" height=\"801\" src=\"https:\/\/muniica.gob.pe\/portal\/wp-content\/uploads\/2025\/06\/panizo.jpg\" class=\"img-responsive wp-post-image\" alt=\"panizo\" srcset=\"https:\/\/muniica.gob.pe\/portal\/wp-content\/uploads\/2025\/06\/panizo.jpg 1384w, https:\/\/muniica.gob.pe\/portal\/wp-content\/uploads\/2025\/06\/panizo-300x174.jpg 300w, https:\/\/muniica.gob.pe\/portal\/wp-content\/uploads\/2025\/06\/panizo-1024x593.jpg 1024w, https:\/\/muniica.gob.pe\/portal\/wp-content\/uploads\/2025\/06\/panizo-768x444.jpg 768w\" sizes=\"(max-width: 1384px) 100vw, 1384px\" \/><\/a><\/div><div class=\"obfx-grid-col-content\"><\/div><\/article><\/div><div class=\"obfx-grid-wrapper\"><article class=\"obfx-grid-col\"><div class=\"obfx-grid-col-image\" style=\"\"><a href=\"https:\/\/muniica.gob.pe\/portal\/index.php\/2026\/01\/29\/audiencia-publica-legal\/\" title=\"AUDIENCIA PUBLICA LEGAL\"><img loading=\"lazy\" decoding=\"async\" width=\"1172\" height=\"693\" src=\"https:\/\/muniica.gob.pe\/portal\/wp-content\/uploads\/2025\/06\/expediente-711.jpg\" class=\"img-responsive wp-post-image\" alt=\"expediente 711\" srcset=\"https:\/\/muniica.gob.pe\/portal\/wp-content\/uploads\/2025\/06\/expediente-711.jpg 1172w, https:\/\/muniica.gob.pe\/portal\/wp-content\/uploads\/2025\/06\/expediente-711-300x177.jpg 300w, https:\/\/muniica.gob.pe\/portal\/wp-content\/uploads\/2025\/06\/expediente-711-1024x605.jpg 1024w, https:\/\/muniica.gob.pe\/portal\/wp-content\/uploads\/2025\/06\/expediente-711-768x454.jpg 768w\" sizes=\"(max-width: 1172px) 100vw, 1172px\" \/><\/a><\/div><div class=\"obfx-grid-col-content\"><\/div><\/article><\/div><div class=\"obfx-grid-wrapper\"><article class=\"obfx-grid-col\"><div class=\"obfx-grid-col-image\" style=\"\"><a href=\"https:\/\/muniica.gob.pe\/portal\/index.php\/2026\/01\/29\/aduciencia\/\" title=\"ADUCIENCIA\"><img loading=\"lazy\" decoding=\"async\" width=\"1174\" height=\"695\" src=\"https:\/\/muniica.gob.pe\/portal\/wp-content\/uploads\/2025\/08\/Etapa-de-exhibicon.jpg\" class=\"img-responsive wp-post-image\" alt=\"Etapa de exhibic\u00f3n\" srcset=\"https:\/\/muniica.gob.pe\/portal\/wp-content\/uploads\/2025\/08\/Etapa-de-exhibicon.jpg 1174w, https:\/\/muniica.gob.pe\/portal\/wp-content\/uploads\/2025\/08\/Etapa-de-exhibicon-300x178.jpg 300w, https:\/\/muniica.gob.pe\/portal\/wp-content\/uploads\/2025\/08\/Etapa-de-exhibicon-1024x606.jpg 1024w, https:\/\/muniica.gob.pe\/portal\/wp-content\/uploads\/2025\/08\/Etapa-de-exhibicon-768x455.jpg 768w\" sizes=\"(max-width: 1174px) 100vw, 1174px\" \/><\/a><\/div><div class=\"obfx-grid-col-content\"><\/div><\/article><\/div>\t\t\t\t<div class=\"obfx-grid-pagination\">\n\t\t\t\t\t\t\t\t\t\t<nav class=\"pagination\">\n\t\t\t\t\t\t\t\t\t\t\t<\/nav>\n\t\t\t\t<\/div>\n\t\t\t\t<\/div><!-- .obfx-grid-container --><\/div><!-- .obfx-grid -->\t\t\t\t<\/div>\n\t\t\t\t<\/div>\n\t\t\t\t\t<\/div>\n\t\t\t\t<\/div>\n\t\t\t\t<\/div>\n\t\t","protected":false},"excerpt":{"rendered":"<p>ETAPA DE EXHIBICI\u00d3N &#8211; AUDIENCIA PUBLICA<\/p>\n","protected":false},"author":1,"featured_media":0,"parent":0,"menu_order":0,"comment_status":"closed","ping_status":"closed","template":"","meta":{"site-sidebar-layout":"no-sidebar","site-content-layout":"","ast-site-content-layout":"full-width-container","site-content-style":"default","site-sidebar-style":"default","ast-global-header-display":"disabled","ast-banner-title-visibility":"disabled","ast-main-header-display":"","ast-hfb-above-header-display":"","ast-hfb-below-header-display":"","ast-hfb-mobile-header-display":"","site-post-title":"","ast-breadcrumbs-content":"","ast-featured-img":"disabled","footer-sml-layout":"disabled","ast-disable-related-posts":"","theme-transparent-header-meta":"","adv-header-id-meta":"","stick-header-meta":"","header-above-stick-meta":"","header-main-stick-meta":"","header-below-stick-meta":"","astra-migrate-meta-layouts":"default","ast-page-background-enabled":"default","ast-page-background-meta":{"desktop":{"background-color":"var(--ast-global-color-5)","background-image":"","background-repeat":"repeat","background-position":"center center","background-size":"auto","background-attachment":"scroll","background-type":"","background-media":"","overlay-type":"","overlay-color":"","overlay-opacity":"","overlay-gradient":""},"tablet":{"background-color":"","background-image":"","background-repeat":"repeat","background-position":"center center","background-size":"auto","background-attachment":"scroll","background-type":"","background-media":"","overlay-type":"","overlay-color":"","overlay-opacity":"","overlay-gradient":""},"mobile":{"background-color":"","background-image":"","background-repeat":"repeat","background-position":"center center","background-size":"auto","background-attachment":"scroll","background-type":"","background-media":"","overlay-type":"","overlay-color":"","overlay-opacity":"","overlay-gradient":""}},"ast-content-background-meta":{"desktop":{"background-color":"var(--ast-global-color-4)","background-image":"","background-repeat":"repeat","background-position":"center center","background-size":"auto","background-attachment":"scroll","background-type":"","background-media":"","overlay-type":"","overlay-color":"","overlay-opacity":"","overlay-gradient":""},"tablet":{"background-color":"var(--ast-global-color-4)","background-image":"","background-repeat":"repeat","background-position":"center center","background-size":"auto","background-attachment":"scroll","background-type":"","background-media":"","overlay-type":"","overlay-color":"","overlay-opacity":"","overlay-gradient":""},"mobile":{"background-color":"var(--ast-global-color-4)","background-image":"","background-repeat":"repeat","background-position":"center center","background-size":"auto","background-attachment":"scroll","background-type":"","background-media":"","overlay-type":"","overlay-color":"","overlay-opacity":"","overlay-gradient":""}},"_themeisle_gutenberg_block_has_review":false,"footnotes":""},"class_list":["post-3153","page","type-page","status-publish","hentry"],"_links":{"self":[{"href":"https:\/\/muniica.gob.pe\/portal\/index.php\/wp-json\/wp\/v2\/pages\/3153","targetHints":{"allow":["GET"]}}],"collection":[{"href":"https:\/\/muniica.gob.pe\/portal\/index.php\/wp-json\/wp\/v2\/pages"}],"about":[{"href":"https:\/\/muniica.gob.pe\/portal\/index.php\/wp-json\/wp\/v2\/types\/page"}],"author":[{"embeddable":true,"href":"https:\/\/muniica.gob.pe\/portal\/index.php\/wp-json\/wp\/v2\/users\/1"}],"replies":[{"embeddable":true,"href":"https:\/\/muniica.gob.pe\/portal\/index.php\/wp-json\/wp\/v2\/comments?post=3153"}],"version-history":[{"count":12,"href":"https:\/\/muniica.gob.pe\/portal\/index.php\/wp-json\/wp\/v2\/pages\/3153\/revisions"}],"predecessor-version":[{"id":3444,"href":"https:\/\/muniica.gob.pe\/portal\/index.php\/wp-json\/wp\/v2\/pages\/3153\/revisions\/3444"}],"wp:attachment":[{"href":"https:\/\/muniica.gob.pe\/portal\/index.php\/wp-json\/wp\/v2\/media?parent=3153"}],"curies":[{"name":"wp","href":"https:\/\/api.w.org\/{rel}","templated":true}]}}