{"id":2364,"date":"2026-01-20T15:26:03","date_gmt":"2026-01-20T15:26:03","guid":{"rendered":"https:\/\/muniica.gob.pe\/portal\/?page_id=2364"},"modified":"2026-01-21T15:24:33","modified_gmt":"2026-01-21T15:24:33","slug":"decreto-de-alcaldia-2026","status":"publish","type":"page","link":"https:\/\/muniica.gob.pe\/portal\/index.php\/decreto-de-alcaldia-2026\/","title":{"rendered":"Decreto de Alcald\u00eda 2026"},"content":{"rendered":"\t\t<div data-elementor-type=\"wp-page\" data-elementor-id=\"2364\" class=\"elementor elementor-2364\">\n\t\t\t\t<div class=\"elementor-element elementor-element-f7a431c e-flex e-con-boxed e-con e-parent\" data-id=\"f7a431c\" data-element_type=\"container\" data-e-type=\"container\">\n\t\t\t\t\t<div class=\"e-con-inner\">\n\t\t\t\t<div class=\"elementor-element elementor-element-0309aa8 elementor-widget elementor-widget-heading\" data-id=\"0309aa8\" data-element_type=\"widget\" data-e-type=\"widget\" data-widget_type=\"heading.default\">\n\t\t\t\t<div class=\"elementor-widget-container\">\n\t\t\t\t\t<h2 class=\"elementor-heading-title elementor-size-default\">Decreto de Alcald\u00eda 2026<\/h2>\t\t\t\t<\/div>\n\t\t\t\t<\/div>\n\t\t\t\t\t<\/div>\n\t\t\t\t<\/div>\n\t\t<div class=\"elementor-element elementor-element-53574f7 e-flex e-con-boxed e-con e-parent\" data-id=\"53574f7\" data-element_type=\"container\" data-e-type=\"container\">\n\t\t\t\t\t<div class=\"e-con-inner\">\n\t\t\t\t<div class=\"elementor-element elementor-element-537f8dd elementor-widget elementor-widget-shortcode\" data-id=\"537f8dd\" data-element_type=\"widget\" data-e-type=\"widget\" data-widget_type=\"shortcode.default\">\n\t\t\t\t<div class=\"elementor-widget-container\">\n\t\t\t\t\t\t\t<div class=\"elementor-shortcode\">\n<table id=\"tablepress-60\" class=\"tablepress tablepress-id-60\">\n<thead>\n<tr class=\"row-1\">\n\t<th class=\"column-1\">N\u00b0<\/th><th class=\"column-2\">Descripci\u00f3n<\/th><th class=\"column-3\">Descargar<\/th>\n<\/tr>\n<\/thead>\n<tbody class=\"row-striping row-hover\">\n<tr class=\"row-2\">\n\t<td class=\"column-1\">D.A N\u00b0 001<\/td><td class=\"column-2\">APROBAR, el Cronograma del proceso de Presupuesto Participativo Basado en<br \/>\nResultados Multianual 2027, 2028 y 2029 de la Municipalidad Provincial de lca, que forma parte integrante<br \/>\ndel presente decreto, en cumplimiento de lo dispuesto en la Ordenanza Municipal N\u00b0 023-2019-MPI.<br \/>\n<\/td><td class=\"column-3\"><a href=\"https:\/\/muniica.gob.pe\/transparencia\/GESTION2026\/DECRETOS2026\/DECRETO%20DE%20ALCALD%C3%8DA%20N%C2%AA001-2026-AMP.pdf\">DESCARGAR AQUI<\/a><\/td>\n<\/tr>\n<tr class=\"row-3\">\n\t<td class=\"column-1\">D.A N\u00b0 002<\/td><td class=\"column-2\">APROBAR la actualizaci\u00f3n del Cuadro de Aranceles de Gastos y Costas Procesales y Gastos Administrativos de los Procedimientos de Ejecuci\u00f3n Coactiva de la Municipalidad Provincial de lca<\/td><td class=\"column-3\"><a href=\"https:\/\/muniica.gob.pe\/transparencia\/GESTION2026\/DECRETOS2026\/DECRETO%20DE%20ALCALD%C3%8DA%20N%C2%AA002-2026-AMP.pdf\">DESCARGAR AQUI<\/a><\/td>\n<\/tr>\n<tr class=\"row-4\">\n\t<td class=\"column-1\">D.A N\u00b0 003<\/td><td class=\"column-2\">AUTORIZAR, de manera excepcional, que los talleres del Proceso de Presupuesto<br \/>\nParticipativo Basado en Resultados Multianual 2027-2029 se desarrollen de forma virtual, de acuerdo con la<br \/>\nevaluaci\u00f3n t\u00e9cnica de riesgos y disponibilidad log\u00edstica.<br \/>\n<\/td><td class=\"column-3\"><a href=\"https:\/\/muniica.gob.pe\/transparencia\/GESTION2026\/DECRETOS2026\/DECRETO%20DE%20ALCALD%C3%8DA%20N%C2%AA003-2026-AMP.pdf\">DESCARGAR AQUI<\/a><\/td>\n<\/tr>\n<tr class=\"row-5\">\n\t<td class=\"column-1\">D.A N\u00b0 004<\/td><td class=\"column-2\">FECHA DE PAGO DE LOS ARBITRIOS<br \/>\nMUNICIPALES En aplicaci\u00f3n a lo establecido en el art\u00edculo tercero de la<br \/>\nOrdenanza Municipal 042-2024-MPI<br \/>\n<\/td><td class=\"column-3\"><a href=\"https:\/\/muniica.gob.pe\/transparencia\/GESTION2026\/DECRETOS2026\/DECRETO%20DE%20ALCALD%C3%8DA%20N%C2%AA004-2026-AMP.pdf\">DESCARGAR AQUI<\/a><\/td>\n<\/tr>\n<tr class=\"row-6\">\n\t<td class=\"column-1\">D.A N\u00b0 005<\/td><td class=\"column-2\">ACREDITAR como Agentes Participantes en el Proceso del<br \/>\nPresupuesto Participativo de la Municipalidad Provincial de lca correspondiente al a\u00f1o fiscal 2027,<br \/>\n<\/td><td class=\"column-3\"><a href=\"https:\/\/muniica.gob.pe\/transparencia\/GESTION2026\/DECRETOS2026\/DECRETO%20DE%20ALCALD%C3%8DA%20N%C2%AA005-2026-AMP.pdf\">DESCARGAR AQUI<\/a><\/td>\n<\/tr>\n<tr class=\"row-7\">\n\t<td class=\"column-1\">D.A N\u00b0 006<\/td><td class=\"column-2\">Aprobar la actualizaci\u00f3n del c\u00e1lculo de las costas procesales sujetas a la Unidad Impositiva Tributaria (UIT), del a\u00f1o 2026, conforme lo establece el Art\u00edculo Quinto de la Ordenanza Municipal N\u00b0 024-2025-MPI de fecha 12\/09\/2025<\/td><td class=\"column-3\"><a href=\"https:\/\/muniica.gob.pe\/transparencia\/GESTION2026\/DECRETOS2026\/DECRETO%20DE%20ALCALD%C3%8DA%20N%C2%AA006-2026-AMP.pdf\">DESCARGAR AQUI<\/a><\/td>\n<\/tr>\n<tr class=\"row-8\">\n\t<td class=\"column-1\">D.A N\u00b0 007<\/td><td class=\"column-2\">APROBAR EL REGLAMENTO RESPECTO ALFUNCIONAMIENTO DEL CIRCUITO ENOL\u00d3GICO, el mismo que consta de 35(treinta y cinco) art\u00edculos distribuidos en 04 (cuatro) T\u00edtulos, disposiciones generales, marco legal, disposiciones complementarias, transitorias y Disposiciones Finales, conforme lo establece la Ordenanza Municipal N\u00ba 031-2022-MPI, de fecha 18 de julio del 2022.<\/td><td class=\"column-3\"><a href=\"https:\/\/muniica.gob.pe\/transparencia\/GESTION2026\/DECRETOS2026\/DECRETO%20DE%20ALCALD%C3%8DA%20N%C2%AA007-2026-AMP.pdf\">DESCARGAR AQUI<\/a><\/td>\n<\/tr>\n<tr class=\"row-9\">\n\t<td class=\"column-1\">D.A N\u00b0 008<\/td><td class=\"column-2\">Aprobar la ampliaci\u00f3n del plazo de pago de los Tributos Municipales correspondientes al ejercicio 2026 hasta el 31 de marzo del 2026, as\u00ed como la aplicaci\u00f3n de la vigencia del Impuesto Predial; Pago al Contado del impuesto anual o de la primera cuota en caso de fracci\u00f3n amiento; Impuesto al Patrimonio Vehlcular; pago al contado del Impuesto anual o de la primera cuota en caso de fraccionamiento y Arbitrios Municipales;<\/td><td class=\"column-3\"><a href=\"https:\/\/muniica.gob.pe\/transparencia\/GESTION2026\/DECRETOS2026\/DECRETO%20DE%20ALCALD%C3%8DA%20N%C2%AA008-2026-AMP.pdf\">DESCARGAR AQUI<\/a><\/td>\n<\/tr>\n<tr class=\"row-10\">\n\t<td class=\"column-1\">D.A N\u00b0 009<\/td><td class=\"column-2\">PRORROGAR hasta el hasta el 31 de julio del 2026 la vigencia de la Ordenanza Municipal N\u00ba 020-2025-MPI, de fecha 23 de junio del 2025, la misma que establece: Otorgar el \"BENEFICIO DE AMNIST\u00cdA DE DEUDAS NO TRIBUTARIA POR CONCEPTO DE INFRACCI\u00d3NES AL REGLAMENTO NACIONAL DE TR\u00c1NSITO, DEUDA POR CONCEPTO DE TASA POR INTERN~MIENTO VEHICULAR EN LA PROVINCIA DE ICA\", conforme a lo se\u00f1alado en la Quinta Disposici\u00f3n Complementaria Final.<\/td><td class=\"column-3\"><a href=\"https:\/\/muniica.gob.pe\/transparencia\/GESTION2026\/DECRETOS2026\/DECRETO%20DE%20ALCALD%C3%8DA%20N%C2%AA009-2026-AMP.pdf\">DESCARGAR AQUI<\/a><\/td>\n<\/tr>\n<tr class=\"row-11\">\n\t<td class=\"column-1\">D.A N\u00b0 010<\/td><td class=\"column-2\">\u00a1APROBAR la TASACI\u00d3N y el PAGO del predio denominado \u201cComatrana \u201c, inscrito en la Partida Registral N.0 40000111 del Registro de Predios de la Oficina Registral de Ica - SUNARP, de titularidad de O la empresa INMOBILIRIA Y CONSTRUCTORA ECOTECHO S.A.C.,<\/td><td class=\"column-3\"><a href=\"https:\/\/muniica.gob.pe\/transparencia\/GESTION2026\/DECRETOS2026\/DECRETO%20DE%20ALCALD%C3%8DA%20N%C2%AA010-2026-AMP.pdf\">DESCARGAR AQUI<\/a><\/td>\n<\/tr>\n<\/tbody>\n<\/table>\n<!-- #tablepress-60 from cache --><\/div>\n\t\t\t\t\t\t<\/div>\n\t\t\t\t<\/div>\n\t\t\t\t\t<\/div>\n\t\t\t\t<\/div>\n\t\t\t\t<\/div>\n\t\t","protected":false},"excerpt":{"rendered":"<p>Decreto de Alcald\u00eda 2026<\/p>\n","protected":false},"author":1,"featured_media":0,"parent":0,"menu_order":0,"comment_status":"closed","ping_status":"closed","template":"","meta":{"site-sidebar-layout":"no-sidebar","site-content-layout":"","ast-site-content-layout":"full-width-container","site-content-style":"default","site-sidebar-style":"default","ast-global-header-display":"disabled","ast-banner-title-visibility":"disabled","ast-main-header-display":"","ast-hfb-above-header-display":"","ast-hfb-below-header-display":"","ast-hfb-mobile-header-display":"","site-post-title":"","ast-breadcrumbs-content":"","ast-featured-img":"disabled","footer-sml-layout":"disabled","ast-disable-related-posts":"","theme-transparent-header-meta":"","adv-header-id-meta":"","stick-header-meta":"","header-above-stick-meta":"","header-main-stick-meta":"","header-below-stick-meta":"","astra-migrate-meta-layouts":"default","ast-page-background-enabled":"default","ast-page-background-meta":{"desktop":{"background-color":"var(--ast-global-color-5)","background-image":"","background-repeat":"repeat","background-position":"center center","background-size":"auto","background-attachment":"scroll","background-type":"","background-media":"","overlay-type":"","overlay-color":"","overlay-opacity":"","overlay-gradient":""},"tablet":{"background-color":"","background-image":"","background-repeat":"repeat","background-position":"center center","background-size":"auto","background-attachment":"scroll","background-type":"","background-media":"","overlay-type":"","overlay-color":"","overlay-opacity":"","overlay-gradient":""},"mobile":{"background-color":"","background-image":"","background-repeat":"repeat","background-position":"center center","background-size":"auto","background-attachment":"scroll","background-type":"","background-media":"","overlay-type":"","overlay-color":"","overlay-opacity":"","overlay-gradient":""}},"ast-content-background-meta":{"desktop":{"background-color":"var(--ast-global-color-4)","background-image":"","background-repeat":"repeat","background-position":"center center","background-size":"auto","background-attachment":"scroll","background-type":"","background-media":"","overlay-type":"","overlay-color":"","overlay-opacity":"","overlay-gradient":""},"tablet":{"background-color":"var(--ast-global-color-4)","background-image":"","background-repeat":"repeat","background-position":"center center","background-size":"auto","background-attachment":"scroll","background-type":"","background-media":"","overlay-type":"","overlay-color":"","overlay-opacity":"","overlay-gradient":""},"mobile":{"background-color":"var(--ast-global-color-4)","background-image":"","background-repeat":"repeat","background-position":"center center","background-size":"auto","background-attachment":"scroll","background-type":"","background-media":"","overlay-type":"","overlay-color":"","overlay-opacity":"","overlay-gradient":""}},"_themeisle_gutenberg_block_has_review":false,"footnotes":""},"class_list":["post-2364","page","type-page","status-publish","hentry"],"_links":{"self":[{"href":"https:\/\/muniica.gob.pe\/portal\/index.php\/wp-json\/wp\/v2\/pages\/2364","targetHints":{"allow":["GET"]}}],"collection":[{"href":"https:\/\/muniica.gob.pe\/portal\/index.php\/wp-json\/wp\/v2\/pages"}],"about":[{"href":"https:\/\/muniica.gob.pe\/portal\/index.php\/wp-json\/wp\/v2\/types\/page"}],"author":[{"embeddable":true,"href":"https:\/\/muniica.gob.pe\/portal\/index.php\/wp-json\/wp\/v2\/users\/1"}],"replies":[{"embeddable":true,"href":"https:\/\/muniica.gob.pe\/portal\/index.php\/wp-json\/wp\/v2\/comments?post=2364"}],"version-history":[{"count":8,"href":"https:\/\/muniica.gob.pe\/portal\/index.php\/wp-json\/wp\/v2\/pages\/2364\/revisions"}],"predecessor-version":[{"id":2513,"href":"https:\/\/muniica.gob.pe\/portal\/index.php\/wp-json\/wp\/v2\/pages\/2364\/revisions\/2513"}],"wp:attachment":[{"href":"https:\/\/muniica.gob.pe\/portal\/index.php\/wp-json\/wp\/v2\/media?parent=2364"}],"curies":[{"name":"wp","href":"https:\/\/api.w.org\/{rel}","templated":true}]}}