{"id":17,"date":"2023-09-26T22:06:32","date_gmt":"2023-09-26T22:06:32","guid":{"rendered":"https:\/\/muniica.gob.pe\/portal\/?page_id=17"},"modified":"2026-01-21T15:23:31","modified_gmt":"2026-01-21T15:23:31","slug":"decreto-de-alcaldia-2023","status":"publish","type":"page","link":"https:\/\/muniica.gob.pe\/portal\/index.php\/decreto-de-alcaldia-2023\/","title":{"rendered":"Decreto de Alcald\u00eda 2023"},"content":{"rendered":"\n<table id=\"tablepress-4\" class=\"tablepress tablepress-id-4\">\n<thead>\n<tr class=\"row-1\">\n\t<th class=\"column-1\">N\u00b0 de Decreto<\/th><th class=\"column-2\">Descripci\u00f3n<\/th><th class=\"column-3\">Descargar<\/th>\n<\/tr>\n<\/thead>\n<tbody class=\"row-striping row-hover\">\n<tr class=\"row-2\">\n\t<td class=\"column-1\">D.A N\u00ba 001.<\/td><td class=\"column-2\">APROBAR, las Disposiciones Complementarias para el desarrollo del Proceso de Presupuesto Participativo 2024 de la Municipalidad Provincial de Ica, que como Anexo 1 forma parte del presente Decreto<\/td><td class=\"column-3\"><a href=\"https:\/\/muniica.gob.pe\/transparencia\/GESTION2023\/DECRETOS2023\/DECRETO%20DE%20ALCALD%C3%8DA%20N%C2%AA001-2023-AMP.pdf\" rel=\"noopener\" target=\"_blank\">DESCARGAR AQU\u00cd<\/a><\/td>\n<\/tr>\n<tr class=\"row-3\">\n\t<td class=\"column-1\">D.A N\u00ba 002.<\/td><td class=\"column-2\">APROBAR la Reconversi\u00f3n de los T\u00e9rminos Porcentuales Vigentes contenidos en el Cuadro de Infracciones y sanciones Administrativas (CISA) de la Municipalidad Provincial de Ica, actualizados en funci\u00f3n a la UIT establecida para el a\u00f1o Fiscal 2023<\/td><td class=\"column-3\"><a href=\"https:\/\/muniica.gob.pe\/transparencia\/GESTION2023\/DECRETOS2023\/DECRETO%20DE%20ALCALD%C3%8DA%20N%C2%AA002-2023-AMP.pdf\" rel=\"noopener\" target=\"_blank\">DESCARGAR AQU\u00cd<\/a><\/td>\n<\/tr>\n<tr class=\"row-4\">\n\t<td class=\"column-1\">D.A N\u00ba 003.<\/td><td class=\"column-2\">AMPLIAR, la etapa de Inscripci\u00f3n y Registro de Agentes Participantes para el Proceso del Presupuesto Participativo 2024, HASTA EL D\u00cdA 17 DE FEBRERO DE 2023<\/td><td class=\"column-3\"><a href=\"https:\/\/muniica.gob.pe\/transparencia\/GESTION2023\/DECRETOS2023\/DECRETO%20DE%20ALCALD%C3%8DA%20N%C2%AA003-2023-AMP.pdf\" rel=\"noopener\" target=\"_blank\">DESCARGAR AQU\u00cd<\/a><\/td>\n<\/tr>\n<tr class=\"row-5\">\n\t<td class=\"column-1\">D.A N\u00ba 004.<\/td><td class=\"column-2\">ACREDITAR como Agentes Participantes en el Proceso del Presupuesto Participativo de la Municipalidad Provincial de Ica correspondiente al a\u00f1o fiscal 2024, a los representantes de las instituciones seg\u00fan el siguiente detalle:<\/td><td class=\"column-3\"><a href=\"https:\/\/muniica.gob.pe\/transparencia\/GESTION2023\/DECRETOS2023\/DECRETO%20DE%20ALCALD%C3%8DA%20N%C2%AA004-2023-AMP.pdf\" rel=\"noopener\" target=\"_blank\">DESCARGAR AQU\u00cd<\/a><\/td>\n<\/tr>\n<tr class=\"row-6\">\n\t<td class=\"column-1\">D.A N\u00ba 005.<\/td><td class=\"column-2\">Convocar a la ciudadan\u00eda a la Audiencia P\u00fablica de Rendici\u00f3n de Cuentas de la Municipalidad Provincial de Ica, conforme se detalla a continuaci\u00f3n:<\/td><td class=\"column-3\"><a href=\"https:\/\/muniica.gob.pe\/transparencia\/GESTION2023\/DECRETOS2023\/DECRETO%20DE%20ALCALD%C3%8DA%20N%C2%AA005-2023-AMP.pdf\" rel=\"noopener\" target=\"_blank\">DESCARGAR AQU\u00cd<\/a><\/td>\n<\/tr>\n<tr class=\"row-7\">\n\t<td class=\"column-1\">D.A N\u00ba 006.<\/td><td class=\"column-2\">PRORROGAR la vigencia de la Ordenanza Municipal N\u00b0 003-2023-MPI, de fecha 05 de abril del 2023, hasta el \u00faltimo d\u00eda h\u00e1bil del mes de julio del 2023, en merito a los considerandos expuestos en el presente Decreto de Alcald\u00eda<\/td><td class=\"column-3\"><a href=\"https:\/\/muniica.gob.pe\/transparencia\/GESTION2023\/DECRETOS2023\/DECRETO%20DE%20ALCALD%C3%8DA%20N%C2%AA006-2023-AMP.pdf\" rel=\"noopener\" target=\"_blank\">DESCARGAR AQU\u00cd<\/a><\/td>\n<\/tr>\n<tr class=\"row-8\">\n\t<td class=\"column-1\">D.A N\u00ba 007.<\/td><td class=\"column-2\">DECLARAR en el \u00e1mbito de la Jurisdicci\u00f3n de la Provincia de Ica, los d\u00edas 17 y 25 de junio del 2023, como \"D\u00cdAS C\u00cdVICOS PATRI\u00d3TICOS DE LA PROVINCIA DE ICA\", debi\u00e9ndose adecuar dicha celebraci\u00f3n, con actividades y proyectos especiales<\/td><td class=\"column-3\"><a href=\"https:\/\/muniica.gob.pe\/transparencia\/GESTION2023\/DECRETOS2023\/DECRETO%20DE%20ALCALD%C3%8DA%20N%C2%AA007-2023-AMP.pdf\" rel=\"noopener\" target=\"_blank\">DESCARGAR AQU\u00cd<\/a><\/td>\n<\/tr>\n<tr class=\"row-9\">\n\t<td class=\"column-1\">D.A N\u00ba 008.<\/td><td class=\"column-2\">APROBAR la modificaci\u00f3n del Texto \u00fanico de Procedimientos Administrativos TUPA de la Municipalidad Provincial de Ica, donde se realiza la modificaci\u00f3n de los procedimientos administrativos sobre la ley N\u00b0 31603, Ley que modifica el art\u00edculo 207\u00b0 de la Ley 27444<\/td><td class=\"column-3\"><a href=\"https:\/\/muniica.gob.pe\/transparencia\/GESTION2023\/DECRETOS2023\/DECRETO%20DE%20ALCALD%C3%8DA%20N%C2%AA008-2023-AMP.pdf\" rel=\"noopener\" target=\"_blank\">DESCARGAR AQU\u00cd<\/a><\/td>\n<\/tr>\n<tr class=\"row-10\">\n\t<td class=\"column-1\">D.A N\u00ba 009.<\/td><td class=\"column-2\">DISPONER el EMBANDERAMIENTO GENERAL con la Bandera del Per\u00fa, de todos los predios e inmuebles del sector publico y sector privado, y viviendas en general del distrito de Ica<\/td><td class=\"column-3\"><a href=\"https:\/\/muniica.gob.pe\/transparencia\/GESTION2023\/DECRETOS2023\/DECRETO%20DE%20ALCALD%C3%8DA%20N%C2%AA009-2023-AMP.pdf\" rel=\"noopener\" target=\"_blank\">DESCARGAR AQU\u00cd<\/a><\/td>\n<\/tr>\n<tr class=\"row-11\">\n\t<td class=\"column-1\">D.A N\u00ba 010.<\/td><td class=\"column-2\">PRORROGAR la vigencia de la Ordenanza Municipal N\u00b0 003-2023-MPI, hasta el \u00faltimo d\u00eda h\u00e1bil del mes de AGOSTO del 2023, en merito a los considerandos antes expuestos<\/td><td class=\"column-3\"><a href=\"https:\/\/muniica.gob.pe\/transparencia\/GESTION2023\/DECRETOS2023\/DECRETO%20DE%20ALCALD%C3%8DA%20N%C2%AA010-2023-AMP.pdf\" rel=\"noopener\" target=\"_blank\">DESCARGAR AQU\u00cd<\/a><\/td>\n<\/tr>\n<tr class=\"row-12\">\n\t<td class=\"column-1\">D.A N\u00ba 011.<\/td><td class=\"column-2\">Convocar a la ciudadan\u00eda a la Audiencia de Rendici\u00f3n de Cuentas de la Municipalidad Provincial de Ica, conforme se detalla a continuaci\u00f3n:<\/td><td class=\"column-3\"><a href=\"https:\/\/muniica.gob.pe\/transparencia\/GESTION2023\/DECRETOS2023\/DECRETO%20DE%20ALCALD%C3%8DA%20N%C2%AA011-2023-AMP.pdf\" rel=\"noopener\" target=\"_blank\">DESCARGAR AQU\u00cd<\/a><\/td>\n<\/tr>\n<tr class=\"row-13\">\n\t<td class=\"column-1\">D.A N\u00ba 012.<\/td><td class=\"column-2\">Aprobar y autorizar a la Gerencia de Protecci\u00f3n del Medio Ambiente y Salubridad por intermedio de la Subgerencia de Control Ambiental y Salubridad y Gerencia de Transporte, Transito y Seguridad Vial, a ejecutar los planes pilotos elaborados por las citadas unidades organizacionales y que forman parte del presente, dirigidos efectuar estudios, mediciones y an\u00e1lisis y evitar la contaminaci\u00f3n ambiental, sonora y tendientes a mejorar el tr\u00e1nsito en la Zona Monumental de lea, por un plazo de noventa (90) d\u00edas calendario, contados a partir del 16 de setiembre del 2023.<\/td><td class=\"column-3\"><a href=\"https:\/\/muniica.gob.pe\/transparencia\/GESTION2023\/DECRETOS2023\/DECRETO%20DE%20ALCALD%C3%8DA%20N%C2%AA012-2023-AMP.pdf\" rel=\"noopener\" target=\"_blank\">DESCARGAR AQU\u00cd<\/a><\/td>\n<\/tr>\n<tr class=\"row-14\">\n\t<td class=\"column-1\">D.A N\u00ba 013.<\/td><td class=\"column-2\">APROBAR la ampliaci\u00f3n del Dep\u00f3sito Vehicular Temporal de la Municipalidad Provincial de Ica, ser\u00e1 ampliada con un \u00e1rea de 4,500 m2, ubicado dentro del Campo Ferial de Ica, con entrada por la calle Las Orquidias s\/n. y salida por la calle Los Azahares s\/n<\/td><td class=\"column-3\"><a href=\"https:\/\/muniica.gob.pe\/transparencia\/GESTION2023\/DECRETOS2023\/DECRETO%20DE%20ALCALD%C3%8DA%20N%C2%AA013-2023-AMP.pdf\" rel=\"noopener\" target=\"_blank\">DESCARGAR AQU\u00cd<\/a><\/td>\n<\/tr>\n<tr class=\"row-15\">\n\t<td class=\"column-1\"><\/td><td class=\"column-2\"><\/td><td class=\"column-3\"><\/td>\n<\/tr>\n<\/tbody>\n<\/table>\n<!-- #tablepress-4 from cache -->\n","protected":false},"excerpt":{"rendered":"","protected":false},"author":1,"featured_media":0,"parent":0,"menu_order":0,"comment_status":"closed","ping_status":"closed","template":"","meta":{"site-sidebar-layout":"default","site-content-layout":"","ast-site-content-layout":"default","site-content-style":"default","site-sidebar-style":"default","ast-global-header-display":"disabled","ast-banner-title-visibility":"disabled","ast-main-header-display":"","ast-hfb-above-header-display":"","ast-hfb-below-header-display":"","ast-hfb-mobile-header-display":"","site-post-title":"","ast-breadcrumbs-content":"","ast-featured-img":"","footer-sml-layout":"disabled","ast-disable-related-posts":"","theme-transparent-header-meta":"","adv-header-id-meta":"","stick-header-meta":"","header-above-stick-meta":"","header-main-stick-meta":"","header-below-stick-meta":"","astra-migrate-meta-layouts":"default","ast-page-background-enabled":"default","ast-page-background-meta":{"desktop":{"background-color":"var(--ast-global-color-5)","background-image":"","background-repeat":"repeat","background-position":"center center","background-size":"auto","background-attachment":"scroll","background-type":"","background-media":"","overlay-type":"","overlay-color":"","overlay-opacity":"","overlay-gradient":""},"tablet":{"background-color":"","background-image":"","background-repeat":"repeat","background-position":"center center","background-size":"auto","background-attachment":"scroll","background-type":"","background-media":"","overlay-type":"","overlay-color":"","overlay-opacity":"","overlay-gradient":""},"mobile":{"background-color":"","background-image":"","background-repeat":"repeat","background-position":"center center","background-size":"auto","background-attachment":"scroll","background-type":"","background-media":"","overlay-type":"","overlay-color":"","overlay-opacity":"","overlay-gradient":""}},"ast-content-background-meta":{"desktop":{"background-color":"var(--ast-global-color-4)","background-image":"","background-repeat":"repeat","background-position":"center center","background-size":"auto","background-attachment":"scroll","background-type":"","background-media":"","overlay-type":"","overlay-color":"","overlay-opacity":"","overlay-gradient":""},"tablet":{"background-color":"var(--ast-global-color-4)","background-image":"","background-repeat":"repeat","background-position":"center center","background-size":"auto","background-attachment":"scroll","background-type":"","background-media":"","overlay-type":"","overlay-color":"","overlay-opacity":"","overlay-gradient":""},"mobile":{"background-color":"var(--ast-global-color-4)","background-image":"","background-repeat":"repeat","background-position":"center center","background-size":"auto","background-attachment":"scroll","background-type":"","background-media":"","overlay-type":"","overlay-color":"","overlay-opacity":"","overlay-gradient":""}},"_themeisle_gutenberg_block_has_review":false,"footnotes":""},"class_list":["post-17","page","type-page","status-publish","hentry"],"_links":{"self":[{"href":"https:\/\/muniica.gob.pe\/portal\/index.php\/wp-json\/wp\/v2\/pages\/17","targetHints":{"allow":["GET"]}}],"collection":[{"href":"https:\/\/muniica.gob.pe\/portal\/index.php\/wp-json\/wp\/v2\/pages"}],"about":[{"href":"https:\/\/muniica.gob.pe\/portal\/index.php\/wp-json\/wp\/v2\/types\/page"}],"author":[{"embeddable":true,"href":"https:\/\/muniica.gob.pe\/portal\/index.php\/wp-json\/wp\/v2\/users\/1"}],"replies":[{"embeddable":true,"href":"https:\/\/muniica.gob.pe\/portal\/index.php\/wp-json\/wp\/v2\/comments?post=17"}],"version-history":[{"count":3,"href":"https:\/\/muniica.gob.pe\/portal\/index.php\/wp-json\/wp\/v2\/pages\/17\/revisions"}],"predecessor-version":[{"id":2511,"href":"https:\/\/muniica.gob.pe\/portal\/index.php\/wp-json\/wp\/v2\/pages\/17\/revisions\/2511"}],"wp:attachment":[{"href":"https:\/\/muniica.gob.pe\/portal\/index.php\/wp-json\/wp\/v2\/media?parent=17"}],"curies":[{"name":"wp","href":"https:\/\/api.w.org\/{rel}","templated":true}]}}