{"id":168,"date":"2023-10-13T22:39:32","date_gmt":"2023-10-13T22:39:32","guid":{"rendered":"https:\/\/muniica.gob.pe\/portal\/?page_id=168"},"modified":"2026-01-21T15:21:21","modified_gmt":"2026-01-21T15:21:21","slug":"coprosec","status":"publish","type":"page","link":"https:\/\/muniica.gob.pe\/portal\/index.php\/coprosec\/","title":{"rendered":"Coprosec"},"content":{"rendered":"<style>\/*! elementor - v3.16.0 - 20-09-2023 *\/<br \/>\n.elementor-heading-title{padding:0;margin:0;line-height:1}.elementor-widget-heading .elementor-heading-title[class*=elementor-size-]>a{color:inherit;font-size:inherit;line-height:inherit}.elementor-widget-heading .elementor-heading-title.elementor-size-small{font-size:15px}.elementor-widget-heading .elementor-heading-title.elementor-size-medium{font-size:19px}.elementor-widget-heading .elementor-heading-title.elementor-size-large{font-size:29px}.elementor-widget-heading .elementor-heading-title.elementor-size-xl{font-size:39px}.elementor-widget-heading .elementor-heading-title.elementor-size-xxl{font-size:59px}<\/style>\n<h2>COPROSEC<\/h2>\n\n\n<table id=\"tablepress-8\" class=\"tablepress tablepress-id-8\">\n<thead>\n<tr class=\"row-1\">\n\t<th class=\"column-1\">Items<\/th><th class=\"column-2\">Descripci\u00f3n<\/th><th class=\"column-3\">Descarga<\/th>\n<\/tr>\n<\/thead>\n<tbody class=\"row-striping row-hover\">\n<tr class=\"row-2\">\n\t<td class=\"column-1\">01-2026<\/td><td class=\"column-2\">Acta de la Sexta Sesion Ordinaria-2026<\/td><td class=\"column-3\"><a href=\"https:\/\/muniica.gob.pe\/transparencia\/GESTION2026\/Documentos2026\/Coprosec\/Acta%20de%20la%20sexta%20sesion%20ordinaria-2026.pdf\">DESCARGAR AQU\u00cd<\/a><\/td>\n<\/tr>\n<tr class=\"row-3\">\n\t<td class=\"column-1\">02-2026<\/td><td class=\"column-2\">Comite Provincial-2026<\/td><td class=\"column-3\"><a href=\"https:\/\/muniica.gob.pe\/transparencia\/GESTION2026\/Documentos2026\/Coprosec\/comite%20provincial-2026.pdf\">DESCARGAR AQU\u00cd<\/a><\/td>\n<\/tr>\n<tr class=\"row-4\">\n\t<td class=\"column-1\">03-2026<\/td><td class=\"column-2\">Acuerdo de la Primera sesion ordinaria 2026<\/td><td class=\"column-3\"><a href=\"https:\/\/muniica.gob.pe\/transparencia\/GESTION2026\/Documentos2026\/Coprosec\/acuerdo de la primera sesion ordinaria 2026.pdf\">DESCARGAR AQU\u00cd<\/a><\/td>\n<\/tr>\n<tr class=\"row-5\">\n\t<td class=\"column-1\">04-2026<\/td><td class=\"column-2\">Cuadro de Desempe\u00f1o -2026<\/td><td class=\"column-3\"><a href=\"https:\/\/muniica.gob.pe\/transparencia\/GESTION2026\/Documentos2026\/Coprosec\/cuadro%20de%20desempe%C3%B1o%20-2026.pdf\">DESCARGAR AQU\u00cd<\/a><\/td>\n<\/tr>\n<tr class=\"row-6\">\n\t<td class=\"column-1\">05-2026<\/td><td class=\"column-2\">Acta de la primera sesi\u00f3n ordinaria -2026<\/td><td class=\"column-3\"><a href=\"https:\/\/muniica.gob.pe\/transparencia\/GESTION2026\/Documentos2026\/Coprosec\/Acta%20de%20la%20primera%20sesi%C3%B3n%20ordinaria%20-2026.pdf\">DESCARGAR AQU\u00cd<\/a><\/td>\n<\/tr>\n<tr class=\"row-7\">\n\t<td class=\"column-1\">06-2026<\/td><td class=\"column-2\">Acta de acuerdo de la sexta reunion 2026<\/td><td class=\"column-3\"><a href=\"https:\/\/muniica.gob.pe\/transparencia\/GESTION2026\/Documentos2026\/Coprosec\/Acta%20de%20acuerdo%20de%20la%20sexta%20reunion%202026.pdf\">DESCARGAR AQU\u00cd<\/a><\/td>\n<\/tr>\n<tr class=\"row-8\">\n\t<td class=\"column-1\">07-2026<\/td><td class=\"column-2\">Acta de la tercera audiencia-2026<\/td><td class=\"column-3\"><a href=\"https:\/\/muniica.gob.pe\/transparencia\/GESTION2026\/Documentos2026\/Coprosec\/Acta%20de%20la%20tercera%20audiencia-2026.pdf\">DESCARGAR AQU\u00cd<\/a><\/td>\n<\/tr>\n<tr class=\"row-9\">\n\t<td class=\"column-1\">01-2025<\/td><td class=\"column-2\">Plan de Patrullaje Municipal 2025<\/td><td class=\"column-3\"><a href=\"https:\/\/muniica.gob.pe\/transparencia\/GESTION2025\/Documentos2025\/Plan%20de%20Patrullaje%20Municipal%202025.pdf\">DESCARGAR AQU\u00cd<\/a><\/td>\n<\/tr>\n<tr class=\"row-10\">\n\t<td class=\"column-1\">02-2025<\/td><td class=\"column-2\">Plan de Patrullaje Integrado Municipal 2025<\/td><td class=\"column-3\"><a href=\"https:\/\/muniica.gob.pe\/transparencia\/GESTION2025\/Documentos2025\/Plan%20de%20Patrullaje%20Integrado%20Municipal%202025.pdf\">DESCARGAR AQU\u00cd<\/a><\/td>\n<\/tr>\n<tr class=\"row-11\">\n\t<td class=\"column-1\">03-2025<\/td><td class=\"column-2\">Comite Provincial de Seguridad Ciudadana Ica 2025<\/td><td class=\"column-3\"><a href=\"https:\/\/muniica.gob.pe\/transparencia\/GESTION2025\/Documentos2025\/Comite%20Provincial%20de%20Seguridad%20Ciudadana%20Ica%202025.pdf\">DESCARGAR AQU\u00cd<\/a><\/td>\n<\/tr>\n<tr class=\"row-12\">\n\t<td class=\"column-1\">04-2025<\/td><td class=\"column-2\">Acta de la Primera Sesi\u00f3n Ordinaria de COPROSEC ICA 2025<\/td><td class=\"column-3\"><a href=\"https:\/\/muniica.gob.pe\/transparencia\/GESTION2025\/Documentos2025\/I%20sesion%20ordinaria%202025%20Coprosec.pdf\">DESCARGAR AQU\u00cd<\/a><\/td>\n<\/tr>\n<tr class=\"row-13\">\n\t<td class=\"column-1\">05-2025<\/td><td class=\"column-2\">Acta de la Segunda Sesi\u00f3n Ordinaria de COPROSEC ICA 2025<\/td><td class=\"column-3\"><a href=\"https:\/\/muniica.gob.pe\/transparencia\/GESTION2025\/Documentos2025\/II%20sesion%20ordinaria%202025%20Coprosec.pdf\">DESCARGAR AQU\u00cd<\/a><\/td>\n<\/tr>\n<tr class=\"row-14\">\n\t<td class=\"column-1\">06-2025<\/td><td class=\"column-2\">Acta de la Tercera Sesi\u00f3n Ordinaria de COPROSEC ICA 2025<\/td><td class=\"column-3\"><a href=\"https:\/\/muniica.gob.pe\/transparencia\/GESTION2025\/Documentos2025\/III%20sesion%20ordinaria%202025%20Coprosec.pdf\">DESCARGAR AQU\u00cd<\/a><\/td>\n<\/tr>\n<tr class=\"row-15\">\n\t<td class=\"column-1\">07-2025<\/td><td class=\"column-2\">Acta de  Acuerdos de la Tercera Reunion Ordinaria de COPROSEC ICA 2025<\/td><td class=\"column-3\"><a href=\"https:\/\/muniica.gob.pe\/transparencia\/GESTION2025\/Documentos2025\/Actas%20de%20acuerdos%202025.pdf\">DESCARGAR AQU\u00cd<\/a><\/td>\n<\/tr>\n<tr class=\"row-16\">\n\t<td class=\"column-1\">08-2025<\/td><td class=\"column-2\">Evaluaci\u00f3n de desempe\u00f1o correspondiente al I trimestre  del 2025<\/td><td class=\"column-3\"><a href=\"https:\/\/muniica.gob.pe\/transparencia\/GESTION2025\/Documentos2025\/I%20evaluaci\u00f3n%20de%20desempe\u00f1o%202025.pdf\">DESCARGAR AQU\u00cd<\/a><\/td>\n<\/tr>\n<tr class=\"row-17\">\n\t<td class=\"column-1\">09-2025<\/td><td class=\"column-2\">Evaluaci\u00f3n de desempe\u00f1o correspondiente al II trimestre  del 2025<\/td><td class=\"column-3\"><a href=\"https:\/\/muniica.gob.pe\/transparencia\/GESTION2025\/Documentos2025\/II%20evaluaci\u00f3n%20de%20desempe\u00f1o%202025.pdf\">DESCARGAR AQU\u00cd<\/a><\/td>\n<\/tr>\n<tr class=\"row-18\">\n\t<td class=\"column-1\">01-2024<\/td><td class=\"column-2\">Acuerdos y compromisos 2023<\/td><td class=\"column-3\"><a href=\"https:\/\/muniica.gob.pe\/transparencia\/GESTION2024\/Documentos2024\/Acuerdos%20y%20compromisos%202023%20MPI.pdf\">DESCARGAR AQU\u00cc<\/a><\/td>\n<\/tr>\n<tr class=\"row-19\">\n\t<td class=\"column-1\">02-2024<\/td><td class=\"column-2\">Cuarta audiencia p\u00fablica del 2023 del COPROSEC<\/td><td class=\"column-3\"><a href=\"https:\/\/muniica.gob.pe\/transparencia\/GESTION2024\/Documentos2024\/Cuarta audiencia p\u00fablica del 2023 del COPROSEC - MPI.pdf\">DESCARGAR AQU\u00cc<\/a><\/td>\n<\/tr>\n<tr class=\"row-20\">\n\t<td class=\"column-1\">03-2024<\/td><td class=\"column-2\">Evaluaci\u00f3n de desempe\u00f1o correspondiente IV trimestre  del 2023<\/td><td class=\"column-3\"><a href=\"https:\/\/muniica.gob.pe\/transparencia\/GESTION2024\/Documentos2024\/Evaluaci%C3%B3n%20de%20desempe%C3%B1o%20correspondiente%20IV%20trimestre%20%20del%202023.pdf\">DESCARGAR AQU\u00cc<\/a><\/td>\n<\/tr>\n<tr class=\"row-21\">\n\t<td class=\"column-1\">04-2024<\/td><td class=\"column-2\">Plan de Acci\u00f3n Provincial de Seguridad Ciudadana 2024-2027<\/td><td class=\"column-3\"><a href=\"https:\/\/muniica.gob.pe\/transparencia\/GESTION2024\/Documentos2024\/PLAN%20ACCION%202024-2027%20SEGURIDAD%20CIUDADANA.pdf\">DESCARGAR AQU\u00cd<\/a><\/td>\n<\/tr>\n<tr class=\"row-22\">\n\t<td class=\"column-1\">05-2024<\/td><td class=\"column-2\">Acta de la Primera Sesi\u00f3n Ordinaria del COPROSEC ICA<\/td><td class=\"column-3\"><a href=\"https:\/\/muniica.gob.pe\/transparencia\/GESTION2024\/Documentos2024\/Primera%20Sesi%C3%B3n%20Ordinaria%20del%20COPROSEC%20ICA%20%202024.pdf\">DESCARGAR AQU\u00cd<\/a><\/td>\n<\/tr>\n<tr class=\"row-23\">\n\t<td class=\"column-1\">06-2024<\/td><td class=\"column-2\">Acta de Instalaci\u00f3n y Juramentaci\u00f3n del Comit\u00e9 Provincial de Seguridad Ciudadana<\/td><td class=\"column-3\"><a href=\"https:\/\/muniica.gob.pe\/transparencia\/GESTION2024\/Documentos2024\/Acta%20de%20Instalacion%20y%20juramentacion%202024.pdf\">DESCARGAR AQU\u00cd<\/a><\/td>\n<\/tr>\n<tr class=\"row-24\">\n\t<td class=\"column-1\">07-2024<\/td><td class=\"column-2\">Plan de Patrullaje Integrado 2024<\/td><td class=\"column-3\"><a href=\"https:\/\/muniica.gob.pe\/transparencia\/GESTION2024\/Documentos2024\/Plan%20de%20patrullaje%20integrado%202024.pdf\">DESCARGAR AQU\u00cd<\/a><\/td>\n<\/tr>\n<tr class=\"row-25\">\n\t<td class=\"column-1\">08-2024<\/td><td class=\"column-2\">Directorio del COPROSEC 2024<\/td><td class=\"column-3\"><a href=\"https:\/\/muniica.gob.pe\/transparencia\/GESTION2024\/Documentos2024\/Comite%20Provincial%20de%20Seguridad%20Ciudadana%20Ica%202024.pdf\">DESCARGAR AQU\u00cd<\/a><\/td>\n<\/tr>\n<tr class=\"row-26\">\n\t<td class=\"column-1\">09-2024<\/td><td class=\"column-2\">Acta Primera Reuni\u00f3n Extraordinaria coprosec<\/td><td class=\"column-3\"><a href=\"https:\/\/muniica.gob.pe\/transparencia\/GESTION2024\/Documentos2024\/acta%20primera%20reunion%20extraordinaria%20coprosec.pdf\">DESCARGAR AQU\u00cd<\/a><\/td>\n<\/tr>\n<tr class=\"row-27\">\n\t<td class=\"column-1\">10-2024<\/td><td class=\"column-2\">Segunda Sesi\u00f3n Ordinaria COPROSEC 2024<\/td><td class=\"column-3\"><a href=\"https:\/\/muniica.gob.pe\/transparencia\/GESTION2024\/Documentos2024\/segunda%20sesion%20ordinaria%20coprosec%202024.pdf\">DESCARGAR AQU\u00cd<\/a><\/td>\n<\/tr>\n<tr class=\"row-28\">\n\t<td class=\"column-1\">11-2024<\/td><td class=\"column-2\">Evaluaci\u00f3n de Desempe\u00f1o de los Integrantes I Trimestre 2024<\/td><td class=\"column-3\"><a href=\"https:\/\/muniica.gob.pe\/transparencia\/GESTION2024\/Documentos2024\/EVALUACION DE DESEMPE\u00d1O DE LOS INTEGRANTES I TRIMESTRE 2024.pdf\">DESCARGAR AQU\u00cd<\/a><\/td>\n<\/tr>\n<tr class=\"row-29\">\n\t<td class=\"column-1\">12-2024<\/td><td class=\"column-2\">Publicaci\u00f3n de Acuerdos 2024<\/td><td class=\"column-3\"><a href=\"https:\/\/muniica.gob.pe\/transparencia\/GESTION2024\/Documentos2024\/PUBLICACI%C3%92N%20DE%20ACUERDOS.pdf\">DESCARGAR AQU\u00cd<\/a><\/td>\n<\/tr>\n<tr class=\"row-30\">\n\t<td class=\"column-1\">13-2024<\/td><td class=\"column-2\">Plan de Patrullaje Municipal 2024<\/td><td class=\"column-3\"><a href=\"https:\/\/muniica.gob.pe\/transparencia\/GESTION2024\/Documentos2024\/PLAN%20DE%20PATRULLAJE%20MUNICIPAL%202024.pdf\">DESCARGAR AQU\u00cd<\/a><\/td>\n<\/tr>\n<tr class=\"row-31\">\n\t<td class=\"column-1\">14-2024<\/td><td class=\"column-2\">Audiencia P\u00fablica - COPROSEC Ica<\/td><td class=\"column-3\"><a href=\"https:\/\/muniica.gob.pe\/transparencia\/GESTION2024\/Documentos2024\/AUDIENCIA%20P%C3%9ABLICA%20-%20COPROSEC%20ICA.pdf\">DESCARGAR AQU\u00cd<\/a><\/td>\n<\/tr>\n<tr class=\"row-32\">\n\t<td class=\"column-1\">15-2024<\/td><td class=\"column-2\">Publicaci\u00f3n de Acuerdos del II trimestre MPI - 2024<\/td><td class=\"column-3\"><a href=\"https:\/\/muniica.gob.pe\/transparencia\/GESTION2024\/Documentos2024\/Publicacion%20de%20Acuerdos%20del%20II%20trimestre.pdf\">DESCARGAR AQU\u00cd<\/a><\/td>\n<\/tr>\n<tr class=\"row-33\">\n\t<td class=\"column-1\">16-2024<\/td><td class=\"column-2\">Segunda Audiencia Publica MPI - 2024<\/td><td class=\"column-3\"><a href=\"https:\/\/muniica.gob.pe\/transparencia\/GESTION2024\/Documentos2024\/Segunda%20Audiencia%20Publica.pdf\">DESCARGAR AQU\u00cd<\/a><\/td>\n<\/tr>\n<tr class=\"row-34\">\n\t<td class=\"column-1\">17-2024<\/td><td class=\"column-2\">Tercera Sesi\u00f3n Extraordinaria MPI - 2024<\/td><td class=\"column-3\"><a href=\"https:\/\/muniica.gob.pe\/transparencia\/GESTION2024\/Documentos2024\/tercera%20sesion%20extraordinaria.pdf\">DESCARGAR AQU\u00cd<\/a><\/td>\n<\/tr>\n<tr class=\"row-35\">\n\t<td class=\"column-1\">18-2024<\/td><td class=\"column-2\">Evaluaci\u00f3n de Desempe\u00f1o del Segundo Trimestre MPI - 2024<\/td><td class=\"column-3\"><a href=\"https:\/\/muniica.gob.pe\/transparencia\/GESTION2024\/Documentos2024\/evaluacion%20de%20desempe%C3%B1o%20del%20segundo%20trimestre.pdf\">DESCARGAR AQU\u00cd<\/a><\/td>\n<\/tr>\n<tr class=\"row-36\">\n\t<td class=\"column-1\">19-2024<\/td><td class=\"column-2\">Tercera Sesi\u00f3n Ordinaria MPI - 2024<\/td><td class=\"column-3\"><a href=\"https:\/\/muniica.gob.pe\/transparencia\/GESTION2024\/Documentos2024\/tercera%20sesion%20ordinaria.pdf\">DESCARGAR AQU\u00cd<\/a><\/td>\n<\/tr>\n<tr class=\"row-37\">\n\t<td class=\"column-1\">1 - 2023<\/td><td class=\"column-2\">Acta de Instalaci\u00f3n y Juramentaci\u00f3n de la Secretaria T\u00e9cnica del Comit\u00e9 Provincial de Seguridad Ciudadana 2023<\/td><td class=\"column-3\"><a href=\"https:\/\/muniica.gob.pe\/transparencia\/GESTION2023\/Documentos2023\/ACTA%20DE%20INSTALACION%20Y%20JURAMENTACION%20DE%20LA%20SECRETARIA%20TECNICA%20DEL%20COMITE%20PROVINCIAL%20DE%20SEGURIDAD%20CIUDADANA%202023.pdf\">DESCARGAR AQU\u00cd<\/a><\/td>\n<\/tr>\n<tr class=\"row-38\">\n\t<td class=\"column-1\">2 - 2023<\/td><td class=\"column-2\">Acta de Instalaci\u00f3n y Juramentaci\u00f3n del Comit\u00e9 Provincial de Seguridad Ciudadana 2023<\/td><td class=\"column-3\"><a href=\"https:\/\/muniica.gob.pe\/transparencia\/GESTION2023\/Documentos2023\/ACTA%20DE%20INSTALACION%20Y%20JURAMENTACION%20DEL%20COMITE%20PROVINCIAL%20DE%20SEGURIDAD%20CIUDADANA%202023.pdf\">DESCARGAR AQU\u00cd<\/a><\/td>\n<\/tr>\n<tr class=\"row-39\">\n\t<td class=\"column-1\">3 - 2023<\/td><td class=\"column-2\">Acta de la Primera Sesi\u00f3n Extraordinaria del COPROSEC<\/td><td class=\"column-3\"><a href=\"https:\/\/muniica.gob.pe\/transparencia\/GESTION2023\/Documentos2023\/ACTA%20DE%20LA%20PRIMERA%20SESION%20EXTRAORDINARIA%20DEL%20COPROSEC.pdf\">DESCARGAR AQU\u00cd<\/a><\/td>\n<\/tr>\n<tr class=\"row-40\">\n\t<td class=\"column-1\">4 - 2023<\/td><td class=\"column-2\">Acta de la Primera Sesi\u00f3n Ordinaria COPROSEC 2023<\/td><td class=\"column-3\"><a href=\"https:\/\/muniica.gob.pe\/transparencia\/GESTION2023\/Documentos2023\/ACTA%20DE%20LA%20PRIMERA%20SESION%20ORDINARIA%20COPROSEC%202023.pdf\">DESCARGAR AQU\u00cd<\/a><\/td>\n<\/tr>\n<tr class=\"row-41\">\n\t<td class=\"column-1\">5 - 2023<\/td><td class=\"column-2\">Directorio Municipal 2023<\/td><td class=\"column-3\"><a href=\"https:\/\/muniica.gob.pe\/transparencia\/GESTION2023\/Documentos2023\/DIRECTORIO%20MUNICIPAL%202023.pdf\">DESCARGAR AQU\u00cd<\/a><\/td>\n<\/tr>\n<tr class=\"row-42\">\n\t<td class=\"column-1\">6 - 2023<\/td><td class=\"column-2\">Evaluaci\u00f3n de Desempe\u00f1o I Trimestre 2023<\/td><td class=\"column-3\"><a href=\"https:\/\/muniica.gob.pe\/transparencia\/GESTION2023\/Documentos2023\/EVALUACI%C3%93N%20DE%20DESEMPE%C3%91O%20I%20TRIMESTRE%202023.pdf\">DESCARGAR AQU\u00cd<\/a><\/td>\n<\/tr>\n<tr class=\"row-43\">\n\t<td class=\"column-1\">7 - 2023<\/td><td class=\"column-2\">Plan de Acci\u00f3n Provincial de Seguridad Ciudadana 2023<\/td><td class=\"column-3\"><a href=\"https:\/\/muniica.gob.pe\/transparencia\/GESTION2023\/Documentos2023\/PLAN%20DE%20ACCION%20PROVINCIAL%20DE%20SEGURIDAD%20CIUDADANA%202023.pdf\">DESCARGAR AQU\u00cd<\/a><\/td>\n<\/tr>\n<tr class=\"row-44\">\n\t<td class=\"column-1\">8 - 2023<\/td><td class=\"column-2\">Plan de Patrullaje Municipal 2023<\/td><td class=\"column-3\"><a href=\"https:\/\/muniica.gob.pe\/transparencia\/GESTION2023\/Documentos2023\/PLAN%20DE%20PATRULLAJE%20MUNICIPAL%202023.pdf\">DESCARGAR AQU\u00cd<\/a><\/td>\n<\/tr>\n<tr class=\"row-45\">\n\t<td class=\"column-1\">9 - 2023<\/td><td class=\"column-2\">Plan de Supervisi\u00f3n a CODISEC 2023<\/td><td class=\"column-3\"><a href=\"https:\/\/muniica.gob.pe\/transparencia\/GESTION2023\/Documentos2023\/PLAN%20DE%20SUPERVISION%20A%20CODISEC%202023.pdf\">DESCARGAR AQU\u00cd<\/a><\/td>\n<\/tr>\n<tr class=\"row-46\">\n\t<td class=\"column-1\">13 - 2023<\/td><td class=\"column-2\">ACTAS DEL III TRIMESTRE<\/td><td class=\"column-3\"><a href=\"https:\/\/muniica.gob.pe\/transparencia\/GESTION2023\/Documentos2023\/ACTAS%20DEL%20III%20TRIMESTRE.pdf\">DESCARGAR AQU\u00cd<\/a><\/td>\n<\/tr>\n<tr class=\"row-47\">\n\t<td class=\"column-1\">14 - 2023<\/td><td class=\"column-2\">AUDIENCIA PUBLICA DEL III TRIMESTRE<\/td><td class=\"column-3\"><a href=\"https:\/\/muniica.gob.pe\/transparencia\/GESTION2023\/Documentos2023\/AUDIENCIA%20PUBLICA%20DEL%20III%20TRIMESTRE.pdf\">DESCARGAR AQU\u00cd<\/a><\/td>\n<\/tr>\n<\/tbody>\n<\/table>\n<!-- #tablepress-8 from cache -->\n","protected":false},"excerpt":{"rendered":"<p>COPROSEC<\/p>\n","protected":false},"author":1,"featured_media":0,"parent":0,"menu_order":0,"comment_status":"closed","ping_status":"closed","template":"","meta":{"site-sidebar-layout":"default","site-content-layout":"","ast-site-content-layout":"default","site-content-style":"default","site-sidebar-style":"default","ast-global-header-display":"disabled","ast-banner-title-visibility":"disabled","ast-main-header-display":"","ast-hfb-above-header-display":"","ast-hfb-below-header-display":"","ast-hfb-mobile-header-display":"","site-post-title":"","ast-breadcrumbs-content":"","ast-featured-img":"","footer-sml-layout":"disabled","ast-disable-related-posts":"","theme-transparent-header-meta":"","adv-header-id-meta":"","stick-header-meta":"","header-above-stick-meta":"","header-main-stick-meta":"","header-below-stick-meta":"","astra-migrate-meta-layouts":"default","ast-page-background-enabled":"default","ast-page-background-meta":{"desktop":{"background-color":"var(--ast-global-color-5)","background-image":"","background-repeat":"repeat","background-position":"center center","background-size":"auto","background-attachment":"scroll","background-type":"","background-media":"","overlay-type":"","overlay-color":"","overlay-opacity":"","overlay-gradient":""},"tablet":{"background-color":"","background-image":"","background-repeat":"repeat","background-position":"center center","background-size":"auto","background-attachment":"scroll","background-type":"","background-media":"","overlay-type":"","overlay-color":"","overlay-opacity":"","overlay-gradient":""},"mobile":{"background-color":"","background-image":"","background-repeat":"repeat","background-position":"center center","background-size":"auto","background-attachment":"scroll","background-type":"","background-media":"","overlay-type":"","overlay-color":"","overlay-opacity":"","overlay-gradient":""}},"ast-content-background-meta":{"desktop":{"background-color":"var(--ast-global-color-4)","background-image":"","background-repeat":"repeat","background-position":"center center","background-size":"auto","background-attachment":"scroll","background-type":"","background-media":"","overlay-type":"","overlay-color":"","overlay-opacity":"","overlay-gradient":""},"tablet":{"background-color":"var(--ast-global-color-4)","background-image":"","background-repeat":"repeat","background-position":"center center","background-size":"auto","background-attachment":"scroll","background-type":"","background-media":"","overlay-type":"","overlay-color":"","overlay-opacity":"","overlay-gradient":""},"mobile":{"background-color":"var(--ast-global-color-4)","background-image":"","background-repeat":"repeat","background-position":"center center","background-size":"auto","background-attachment":"scroll","background-type":"","background-media":"","overlay-type":"","overlay-color":"","overlay-opacity":"","overlay-gradient":""}},"_themeisle_gutenberg_block_has_review":false,"footnotes":""},"class_list":["post-168","page","type-page","status-publish","hentry"],"_links":{"self":[{"href":"https:\/\/muniica.gob.pe\/portal\/index.php\/wp-json\/wp\/v2\/pages\/168","targetHints":{"allow":["GET"]}}],"collection":[{"href":"https:\/\/muniica.gob.pe\/portal\/index.php\/wp-json\/wp\/v2\/pages"}],"about":[{"href":"https:\/\/muniica.gob.pe\/portal\/index.php\/wp-json\/wp\/v2\/types\/page"}],"author":[{"embeddable":true,"href":"https:\/\/muniica.gob.pe\/portal\/index.php\/wp-json\/wp\/v2\/users\/1"}],"replies":[{"embeddable":true,"href":"https:\/\/muniica.gob.pe\/portal\/index.php\/wp-json\/wp\/v2\/comments?post=168"}],"version-history":[{"count":13,"href":"https:\/\/muniica.gob.pe\/portal\/index.php\/wp-json\/wp\/v2\/pages\/168\/revisions"}],"predecessor-version":[{"id":2507,"href":"https:\/\/muniica.gob.pe\/portal\/index.php\/wp-json\/wp\/v2\/pages\/168\/revisions\/2507"}],"wp:attachment":[{"href":"https:\/\/muniica.gob.pe\/portal\/index.php\/wp-json\/wp\/v2\/media?parent=168"}],"curies":[{"name":"wp","href":"https:\/\/api.w.org\/{rel}","templated":true}]}}