{"id":1381,"date":"2025-01-14T20:24:38","date_gmt":"2025-01-14T20:24:38","guid":{"rendered":"https:\/\/muniica.gob.pe\/portal\/?page_id=1381"},"modified":"2026-01-21T15:24:04","modified_gmt":"2026-01-21T15:24:04","slug":"decreto-de-alcaldia-2025","status":"publish","type":"page","link":"https:\/\/muniica.gob.pe\/portal\/index.php\/decreto-de-alcaldia-2025\/","title":{"rendered":"Decreto de Alcald\u00eda 2025"},"content":{"rendered":"\t\t<div data-elementor-type=\"wp-page\" data-elementor-id=\"1381\" class=\"elementor elementor-1381\">\n\t\t\t\t<div class=\"elementor-element elementor-element-ecd950b e-flex e-con-boxed e-con e-parent\" data-id=\"ecd950b\" data-element_type=\"container\" data-e-type=\"container\">\n\t\t\t\t\t<div class=\"e-con-inner\">\n\t\t\t\t<div class=\"elementor-element elementor-element-38eeff6 elementor-widget elementor-widget-heading\" data-id=\"38eeff6\" data-element_type=\"widget\" data-e-type=\"widget\" data-widget_type=\"heading.default\">\n\t\t\t\t<div class=\"elementor-widget-container\">\n\t\t\t\t\t<h2 class=\"elementor-heading-title elementor-size-default\">DECRETOS DE ALCALD\u00cdA 2025<\/h2>\t\t\t\t<\/div>\n\t\t\t\t<\/div>\n\t\t\t\t\t<\/div>\n\t\t\t\t<\/div>\n\t\t<div class=\"elementor-element elementor-element-1cef530 e-flex e-con-boxed e-con e-parent\" data-id=\"1cef530\" data-element_type=\"container\" data-e-type=\"container\">\n\t\t\t\t\t<div class=\"e-con-inner\">\n\t\t\t\t<div class=\"elementor-element elementor-element-099a888 elementor-widget elementor-widget-shortcode\" data-id=\"099a888\" data-element_type=\"widget\" data-e-type=\"widget\" data-widget_type=\"shortcode.default\">\n\t\t\t\t<div class=\"elementor-widget-container\">\n\t\t\t\t\t\t\t<div class=\"elementor-shortcode\">\n<table id=\"tablepress-39\" class=\"tablepress tablepress-id-39\">\n<thead>\n<tr class=\"row-1\">\n\t<th class=\"column-1\">N\u00b0 de Decreto<\/th><th class=\"column-2\">Descripci\u00f3n<\/th><th class=\"column-3\">Descargar<\/th>\n<\/tr>\n<\/thead>\n<tbody class=\"row-striping row-hover\">\n<tr class=\"row-2\">\n\t<td class=\"column-1\">D.A N\u00ba 001.<\/td><td class=\"column-2\">Al Amparo del Articulo 17 del T.U.O. de la Ley N\u00b0 27444, Aprobar la pr\u00f3rroga del plazo de vigencia por (06) meses calendarios de la Ordenanza Municipal N\u00b0 007-2024-MPI<\/td><td class=\"column-3\"><a href=\"https:\/\/muniica.gob.pe\/transparencia\/GESTION2025\/DECRETOS2025\/DECRETO%20DE%20ALCALD%C3%8DA%20N%C2%AA001-2025-AMP.pdf\">DESCARGAR AQU\u00cd<\/a><\/td>\n<\/tr>\n<tr class=\"row-3\">\n\t<td class=\"column-1\">D.A N\u00ba 002.<\/td><td class=\"column-2\">APROBAR la Reconversi\u00f3n de los t\u00e9rminos Porcentuales vigentes en el Cuadro de Infracci\u00f3n y Sanciones Administrativas (CISA) de la Municipalidad Provincial de Ica, actualizados en funci\u00f3n de la Unidad Impositiva Tributaria (UIT)<\/td><td class=\"column-3\"><a href=\"https:\/\/muniica.gob.pe\/transparencia\/GESTION2025\/DECRETOS2025\/DECRETO%20DE%20ALCALD%C3%8DA%20N%C2%AA002-2025-AMP.pdf\">DESCARGAR AQU\u00cd<\/a><\/td>\n<\/tr>\n<tr class=\"row-4\">\n\t<td class=\"column-1\">D.A N\u00ba 003.<\/td><td class=\"column-2\">APROBAR el Reglamento de la Ordenanza N\u00b0 040-2024-MPI que Regula la Administraci\u00f3n, Uso y Funcionamiento de la Infraestructura Deportiva y Recreativa Publica en el Distrito de Ica<\/td><td class=\"column-3\"><a href=\"https:\/\/muniica.gob.pe\/transparencia\/GESTION2025\/DECRETOS2025\/DECRETO%20DE%20ALCALD%C3%8DA%20N%C2%AA003-2025-AMP.pdf\">DESCARGAR AQU\u00cd<\/a><\/td>\n<\/tr>\n<tr class=\"row-5\">\n\t<td class=\"column-1\">D.A N\u00ba 004.<\/td><td class=\"column-2\">CONVOCAR , a la poblaci\u00f3n debidamente organizada, organizaciones p\u00fablicas y privadas al Proceso de Presupuesto Participativo 2026 de la Municipalidad Provincial de Ica, estableciendo como fecha limite para su culminaci\u00f3n el 31 de marzo de 2025<\/td><td class=\"column-3\"><a href=\"https:\/\/muniica.gob.pe\/transparencia\/GESTION2025\/DECRETOS2025\/DECRETO%20DE%20ALCALD%C3%8DA%20N%C2%AA004-2025-AMP.pdf\">DESCARGAR AQU\u00cd<\/a><\/td>\n<\/tr>\n<tr class=\"row-6\">\n\t<td class=\"column-1\">D.A N\u00ba 005.<\/td><td class=\"column-2\">PRORROGAR la vigencia del Decreto de Alcald\u00eda N\u00b0 015-2024-AMPI, de la AMNISTIA  del Beneficio Tributario Denominado \"Termina el A\u00f1o Sin Deudas\" Impuesto Predial, Vehicular, Impuesto al Alcabala y Arbitrios Municipales<\/td><td class=\"column-3\"><a href=\"https:\/\/muniica.gob.pe\/transparencia\/GESTION2025\/DECRETOS2025\/DECRETO%20DE%20ALCALD%C3%8DA%20N%C2%AA005-2025-AMP.pdf\">DESCARGAR AQU\u00cd<\/a><\/td>\n<\/tr>\n<tr class=\"row-7\">\n\t<td class=\"column-1\">D.A N\u00ba 006.<\/td><td class=\"column-2\">ACREDITAR como Agentes Participantes en el Proceso del Presupuesto Participativo de la Municipalidad Provincial de Ica correspondiente al a\u00f1o fiscal 2026, a los representantes de las Instituciones seg\u00fan el siguiente detalle:<\/td><td class=\"column-3\"><a href=\"https:\/\/muniica.gob.pe\/transparencia\/GESTION2025\/DECRETOS2025\/DECRETO%20DE%20ALCALD%C3%8DA%20N%C2%AA006-2025-AMP.pdf\">DESCARGAR AQU\u00cd<\/a><\/td>\n<\/tr>\n<tr class=\"row-8\">\n\t<td class=\"column-1\">D.A N\u00ba 007.<\/td><td class=\"column-2\">Apru\u00e9bese la Actualizaci\u00f3n del Cronograma de Elecciones de los representantes de la Sociedad Civil ante el Consejo de Coordinaci\u00f3n local de Ica periodo 2025-2027, en cumplimiento a la Ordenanza Municipal N\u00b0 009-2017-MPI<\/td><td class=\"column-3\"><a href=\"https:\/\/muniica.gob.pe\/transparencia\/GESTION2025\/DECRETOS2025\/DECRETO%20DE%20ALCALD%C3%8DA%20N%C2%AA007-2025-AMP.pdf\">DESCARGAR AQU\u00cd<\/a><\/td>\n<\/tr>\n<tr class=\"row-9\">\n\t<td class=\"column-1\">D.A N\u00ba 008.<\/td><td class=\"column-2\">DEJAR SIN EFECTO, el Decreto de Alcald\u00eda N\u00b0 0004-2008-AMPI, de fecha 03 de junio de 2008, que aprob\u00f3 la Directiva General N\u00b0 0005-2008-AMPI Metodolog\u00eda para la Fiscalizaci\u00f3n Posterior Aleatoria de los Procedimientos Administrativos de Texto \u00danico de Procedimientos Administrativos (TUPA)<\/td><td class=\"column-3\"><a href=\"https:\/\/muniica.gob.pe\/transparencia\/GESTION2025\/DECRETOS2025\/DECRETO%20DE%20ALCALD%C3%8DA%20N%C2%AA008-2025-AMP.pdf\">DESCARGAR AQU\u00cd<\/a><\/td>\n<\/tr>\n<tr class=\"row-10\">\n\t<td class=\"column-1\">D.A N\u00ba 009.<\/td><td class=\"column-2\">MODIFICAR el Texto \u00fanico de Procedimientos Administrativos (TUPA),  de la Municipalidad Porvincial de Ica, aprobado mediante Ordenanza Municipal N\u00b0 012-2018-MPI y sus modificatorias con la finalidad de dar cumplimiento a la Resoluci\u00f3n de Alcald\u00eda N\u00b0 127-2025-AMPI<\/td><td class=\"column-3\"><a href=\"https:\/\/muniica.gob.pe\/transparencia\/GESTION2025\/DECRETOS2025\/DECRETO%20DE%20ALCALD%C3%8DA%20N%C2%AA009-2025-AMP.pdf\">DESCARGAR AQU\u00cd<\/a><\/td>\n<\/tr>\n<tr class=\"row-11\">\n\t<td class=\"column-1\">D.A N\u00ba 010.<\/td><td class=\"column-2\">APROBAR la ejecuci\u00f3n del Plan de Implementaci\u00f3n progresiva del Reglamento de Organizaci\u00f3n y Funciones, asi como, la Nueva Estructura Org\u00e1nica de la Municipalidad Provincial de Ica<\/td><td class=\"column-3\"><a href=\"https:\/\/muniica.gob.pe\/transparencia\/GESTION2025\/DECRETOS2025\/DECRETO%20DE%20ALCALD%C3%8DA%20N%C2%AA010-2025-AMP.pdf\">DESCARGAR AQU\u00cd<\/a><\/td>\n<\/tr>\n<tr class=\"row-12\">\n\t<td class=\"column-1\">D.A N\u00ba 011.<\/td><td class=\"column-2\">APROBAR LA PRORROGA del plazo de vigencia por noventa (90) d\u00edas calendarios de la Ordenanza Municipal N\u00b0 035-2024-MPI, la misma que establece el \"Beneficio Tempoal del 50% Costo por Derecho de Tr\u00e1mite para la Obtenci\u00f3n de la Tarjeta \u00danica de Circulaci\u00f3n y Certificaci\u00f3n de Operaciones\"<\/td><td class=\"column-3\"><a href=\"https:\/\/muniica.gob.pe\/transparencia\/GESTION2025\/DECRETOS2025\/DECRETO%20DE%20ALCALD%C3%8DA%20N%C2%AA011-2025-AMP.pdf\">DESCARGAR AQU\u00cd<\/a><\/td>\n<\/tr>\n<tr class=\"row-13\">\n\t<td class=\"column-1\">D.A N\u00ba 012.<\/td><td class=\"column-2\">DISPONER EL EMBANDERAMIENTO GENERAL, de la Ciudad de Ica, con la Bandera del Per\u00fa y la Bandera de la Ciudad de Ica, a partir del d\u00eda lunes 9 de junio hasta el lunes 30 de junio del presente a\u00f1o.<\/td><td class=\"column-3\"><a href=\"https:\/\/muniica.gob.pe\/transparencia\/GESTION2025\/DECRETOS2025\/DECRETO%20DE%20ALCALD%C3%8DA%20N%C2%AA012-2025-AMP.pdf\">DESCARGAR AQU\u00cd<\/a><\/td>\n<\/tr>\n<tr class=\"row-14\">\n\t<td class=\"column-1\">D.A N\u00ba 013.<\/td><td class=\"column-2\">Convocar a la Ciudadan\u00eda a la Publica  de Rendici\u00f3n de Cuentas de la Municipalidad Provincial de Ica (AUDIENCIA),  conforme se detalla a continuaci\u00f3n<\/td><td class=\"column-3\"><a href=\"https:\/\/muniica.gob.pe\/transparencia\/GESTION2025\/DECRETOS2025\/DECRETO%20DE%20ALCALD%C3%8DA%20N%C2%AA013-2025-AMP.pdf\">DESCARGAR AQU\u00cd<\/a><\/td>\n<\/tr>\n<tr class=\"row-15\">\n\t<td class=\"column-1\">D.A N\u00ba 014.<\/td><td class=\"column-2\">APROBAR el Reglamento de la Ordenanza Municipal N\u00b0 036-2024-MPI, que Crea el Fondo Editorial Municipal de la Provincia de Ica, se denomina \"Fondo Editorial Municipal de la Provincia de Ica\"<\/td><td class=\"column-3\"><a href=\"https:\/\/muniica.gob.pe\/transparencia\/GESTION2025\/DECRETOS2025\/DECRETO%20DE%20ALCALD%C3%8DA%20N%C2%AA014-2025-AMP.pdf\">DESCARGAR AQU\u00cd<\/a><\/td>\n<\/tr>\n<tr class=\"row-16\">\n\t<td class=\"column-1\">D.A N\u00ba 015.<\/td><td class=\"column-2\">Aprobar la pr\u00f3rroga de la Vigencia de la Ordenanza Municipal N\u00b0 007-2024-MPI, hasta el d\u00eda 31 de diciembre del 2025<\/td><td class=\"column-3\"><a href=\"https:\/\/muniica.gob.pe\/transparencia\/GESTION2025\/DECRETOS2025\/DECRETO%20DE%20ALCALD%C3%8DA%20N%C2%AA015-2025-AMP.pdf\">DESCARGAR AQU\u00cd<\/a><\/td>\n<\/tr>\n<tr class=\"row-17\">\n\t<td class=\"column-1\">D.A N\u00ba 016.<\/td><td class=\"column-2\">DISPONER el EMBANDERAMIENTO GENERAL con la Bandera del per\u00fa, de todos los predios e inmuebles del sector p\u00fablico y sector privado, y viviendas en general del distrito de Ica<\/td><td class=\"column-3\"><a href=\"https:\/\/muniica.gob.pe\/transparencia\/GESTION2025\/DECRETOS2025\/DECRETO%20DE%20ALCALD%C3%8DA%20N%C2%AA016-2025-AMP.pdf\">DESCARGAR AQU\u00cd<\/a><\/td>\n<\/tr>\n<tr class=\"row-18\">\n\t<td class=\"column-1\">D.A N\u00ba 017.<\/td><td class=\"column-2\">Convocar a la Ciudadania a la II Audiencia P\u00fablica del a\u00f1o 2025, de Rendici\u00f3n de Cuentas de la Municipalidad Provincial de Ica; (AUDIENCIA conforme se detalla a continuaci\u00f3n):<\/td><td class=\"column-3\"><a href=\"https:\/\/muniica.gob.pe\/transparencia\/GESTION2025\/DECRETOS2025\/DECRETO%20DE%20ALCALD%C3%8DA%20N%C2%AA017-2025-AMP.pdf\">DESCARGAR AQU\u00cd<\/a><\/td>\n<\/tr>\n<tr class=\"row-19\">\n\t<td class=\"column-1\">D.A N\u00ba 018.<\/td><td class=\"column-2\">Ampliar el beneficio de amnist\u00eda de deuda no tributaria por concepto de infracciones al reglamento nacional de tr\u00e1nsito, deuda por concepto de tasa por internamiento vehicular en la provincia de lca, por al plazo de<br \/>\r\nSesenta (60) d\u00edas calendarlo.<br \/>\r\n<\/td><td class=\"column-3\"><a href=\"https:\/\/muniica.gob.pe\/transparencia\/GESTION2025\/DECRETOS2025\/DECRETO%20DE%20ALCALD%C3%8DA%20N%C2%AA018-2025-AMP.pdf\">DESCARGAR AQU\u00cd<\/a><\/td>\n<\/tr>\n<tr class=\"row-20\">\n\t<td class=\"column-1\">D.A N\u00ba 019.<\/td><td class=\"column-2\">Aprobar la Ampliaci\u00f3n del plazo de la Ordenanza Municipal N\u00ba 021-2025-MPI de fecha 23 de junio del 2025, denominada: \"Tus Impuestos Son Mas Obras\", Impuesto Predial, Impuesto Vehicular, y Arbitrios Municipales, de los a\u00f1os 2023 hasta el d\u00eda 31 de diciembre del 2025<\/td><td class=\"column-3\"><a href=\"https:\/\/muniica.gob.pe\/transparencia\/GESTION2025\/DECRETOS2025\/DECRETO%20DE%20ALCALD%C3%8DA%20N%C2%AA019-2025-AMP.pdf\">DESCARGAR AQU\u00cd<\/a><\/td>\n<\/tr>\n<tr class=\"row-21\">\n\t<td class=\"column-1\">D.A N\u00ba 020.<\/td><td class=\"column-2\">Modiquese el numeral 1 del Articulo Primero del Decreto de Alcaldia N\u00b0017-2025-AMPl, de fecha 15 de agosto del 2025, quedando redactada de la siguiente manera:<br \/>\nFecha, hora y lugar, del ll Audiencia P\u00fablica del a\u00f1o 2025 se realizar\u00e1 el d\u00eda 29 de setiembre del<br \/>\n2025, en el auditorio del Colegio de ingenieros del Per\u00fa - Consejo Departamental de lca, ubicada en<br \/>\nla Calle Los Nardos N\" 141 Urbanizaci\u00f3n San Isidro a horas 5 00 p m<br \/>\n<\/td><td class=\"column-3\"><a href=\"https:\/\/muniica.gob.pe\/transparencia\/GESTION2025\/DECRETOS2025\/DECRETO%20DE%20ALCALD%C3%8DA%20N%C2%AA020-2025-AMP.pdf\">DESCARGAR AQU\u00cd<\/a><\/td>\n<\/tr>\n<tr class=\"row-22\">\n\t<td class=\"column-1\">D.A N\u00ba 021.<\/td><td class=\"column-2\">Aprobar el REGLAMENTO PARA LA EMISION DE CARNET DE SANIDAD POR LA MUNICIPALIDAD PROVINCIAL DE ICA, que consta de doce art\u00edculos,<\/td><td class=\"column-3\"><a href=\"https:\/\/muniica.gob.pe\/transparencia\/GESTION2025\/DECRETOS2025\/DECRETO%20DE%20ALCALD%C3%8DA%20N%C2%AA021-2025-AMP.pdf\">DESCARGAR AQU\u00cd<\/a><\/td>\n<\/tr>\n<tr class=\"row-23\">\n\t<td class=\"column-1\">D.A N\u00ba 022.<\/td><td class=\"column-2\">Ampliar EL BENEFICIO DE AMNIST\u00cdA DE DEUDA NO TRIBUTARIA POR CONCEPTO DE INFRACCIONES AL REGLAMENTO NACIONAL DE TR\u00c1NSITO, DEUDA POR CONCEPTO DE TASA POR INTERNAMIENTO VEHICUIAR EN LA PROVINCIA DE ICA, por el plazo de sesenta (60) d\u00edas calendario.<\/td><td class=\"column-3\"><a href=\"https:\/\/muniica.gob.pe\/transparencia\/GESTION2025\/DECRETOS2025\/DECRETO%20DE%20ALCALD%C3%8DA%20N%C2%AA022-2025-AMP.pdf\">DESCARGAR AQU\u00cd<\/a><\/td>\n<\/tr>\n<tr class=\"row-24\">\n\t<td class=\"column-1\">D.A N\u00ba 023.<\/td><td class=\"column-2\">Aprobar la pr\u00f3rroga de la Vigencia de la Ordenanza<br \/>\nMunicipal N\u00ba 007-2024-MPI, hasta el d\u00eda 30 de Junio del 2026.<br \/>\n<\/td><td class=\"column-3\"><a href=\"https:\/\/muniica.gob.pe\/transparencia\/GESTION2025\/DECRETOS2025\/DECRETO%20DE%20ALCALD%C3%8DA%20N%C2%AA023-2025-AMP.pdf\">DESCARGAR AQU\u00cd<\/a><\/td>\n<\/tr>\n<tr class=\"row-25\">\n\t<td class=\"column-1\">D.A N\u00ba 024.<\/td><td class=\"column-2\">PRORROGAR la vigencia de la Ordenanza Municipal N\"<br \/>\n028-2025-MPl, de fecha 11 de diciembre del 2025.; la misma que establece.<br \/>\nOtorgar el \u201cBENEFICIO DE REDUCCION DE DUEDAS NO TRIBUTARIAS DERIVADAS DE LA IMPOSICION DE ACTAS DE CONTROL AL SERVICIO DEL TRANSPORTE PUBLICO DE PERSONAS EN SUS DIFERENTES<br \/>\nMODALIDAOES EN LA PROVINCIA DE ICA Y DE LA DEUDA POR<br \/>\nONCEPTO OE INTERNAMIENTO EN EL DEP\u00d3SITO MUNICIPAL VEHICULAR<br \/>\n<\/td><td class=\"column-3\"><a href=\"https:\/\/muniica.gob.pe\/transparencia\/GESTION2025\/DECRETOS2025\/DECRETO%20DE%20ALCALD%C3%8DA%20N%C2%AA024-2025-AMP.pdf\">DESCARGAR AQU\u00cd<\/a><\/td>\n<\/tr>\n<tr class=\"row-26\">\n\t<td class=\"column-1\">D.A N\u00ba 025.<\/td><td class=\"column-2\">PRORROGAR hasta el hasta el 31 de marzo del 2026 la<br \/>\nvigencia de la Ordenan'za Municipal N\u00ba 020-2025-MPI, de fecha 23 de junio del<br \/>\n2025, la misma que e.stablece: Otorgar el \"BENEFICIO DE AMNIST\u00cdA DE<br \/>\nDEUDAS NO TRIBUTARIA POR CONCEPTO DE INFRACCI\u00d3NES AL<br \/>\nREGLAMENTO NACIONAL DE TRANSITO, DEUDA POR CONCEPTO DE<br \/>\nTASA POR INTERNAMIENTO VEHICULAR EN LA PROVINCIA DE ICA\",<br \/>\nconforme a lo se\u00f1alado' en la Quinta Disposici\u00f3n Complementaria Final.<br \/>\n<\/td><td class=\"column-3\"><a href=\"https:\/\/muniica.gob.pe\/transparencia\/GESTION2025\/DECRETOS2025\/DECRETO%20DE%20ALCALD%C3%8DA%20N%C2%AA025-2025-AMP.pdf\">DESCARGAR AQU\u00cd<\/a><\/td>\n<\/tr>\n<tr class=\"row-27\">\n\t<td class=\"column-1\"><\/td><td class=\"column-2\"><\/td><td class=\"column-3\"><\/td>\n<\/tr>\n<tr class=\"row-28\">\n\t<td class=\"column-1\"><\/td><td class=\"column-2\"><\/td><td class=\"column-3\"><\/td>\n<\/tr>\n<tr class=\"row-29\">\n\t<td class=\"column-1\"><\/td><td class=\"column-2\"><\/td><td class=\"column-3\"><\/td>\n<\/tr>\n<\/tbody>\n<\/table>\n<!-- #tablepress-39 from cache --><\/div>\n\t\t\t\t\t\t<\/div>\n\t\t\t\t<\/div>\n\t\t\t\t\t<\/div>\n\t\t\t\t<\/div>\n\t\t\t\t<\/div>\n\t\t","protected":false},"excerpt":{"rendered":"<p>DECRETOS DE ALCALD\u00cdA 2025<\/p>\n","protected":false},"author":1,"featured_media":0,"parent":0,"menu_order":0,"comment_status":"closed","ping_status":"closed","template":"","meta":{"site-sidebar-layout":"default","site-content-layout":"","ast-site-content-layout":"default","site-content-style":"default","site-sidebar-style":"default","ast-global-header-display":"disabled","ast-banner-title-visibility":"disabled","ast-main-header-display":"","ast-hfb-above-header-display":"","ast-hfb-below-header-display":"","ast-hfb-mobile-header-display":"","site-post-title":"","ast-breadcrumbs-content":"","ast-featured-img":"","footer-sml-layout":"disabled","ast-disable-related-posts":"","theme-transparent-header-meta":"","adv-header-id-meta":"","stick-header-meta":"","header-above-stick-meta":"","header-main-stick-meta":"","header-below-stick-meta":"","astra-migrate-meta-layouts":"default","ast-page-background-enabled":"default","ast-page-background-meta":{"desktop":{"background-color":"var(--ast-global-color-5)","background-image":"","background-repeat":"repeat","background-position":"center center","background-size":"auto","background-attachment":"scroll","background-type":"","background-media":"","overlay-type":"","overlay-color":"","overlay-opacity":"","overlay-gradient":""},"tablet":{"background-color":"","background-image":"","background-repeat":"repeat","background-position":"center center","background-size":"auto","background-attachment":"scroll","background-type":"","background-media":"","overlay-type":"","overlay-color":"","overlay-opacity":"","overlay-gradient":""},"mobile":{"background-color":"","background-image":"","background-repeat":"repeat","background-position":"center center","background-size":"auto","background-attachment":"scroll","background-type":"","background-media":"","overlay-type":"","overlay-color":"","overlay-opacity":"","overlay-gradient":""}},"ast-content-background-meta":{"desktop":{"background-color":"var(--ast-global-color-4)","background-image":"","background-repeat":"repeat","background-position":"center center","background-size":"auto","background-attachment":"scroll","background-type":"","background-media":"","overlay-type":"","overlay-color":"","overlay-opacity":"","overlay-gradient":""},"tablet":{"background-color":"var(--ast-global-color-4)","background-image":"","background-repeat":"repeat","background-position":"center center","background-size":"auto","background-attachment":"scroll","background-type":"","background-media":"","overlay-type":"","overlay-color":"","overlay-opacity":"","overlay-gradient":""},"mobile":{"background-color":"var(--ast-global-color-4)","background-image":"","background-repeat":"repeat","background-position":"center center","background-size":"auto","background-attachment":"scroll","background-type":"","background-media":"","overlay-type":"","overlay-color":"","overlay-opacity":"","overlay-gradient":""}},"_themeisle_gutenberg_block_has_review":false,"footnotes":""},"class_list":["post-1381","page","type-page","status-publish","hentry"],"_links":{"self":[{"href":"https:\/\/muniica.gob.pe\/portal\/index.php\/wp-json\/wp\/v2\/pages\/1381","targetHints":{"allow":["GET"]}}],"collection":[{"href":"https:\/\/muniica.gob.pe\/portal\/index.php\/wp-json\/wp\/v2\/pages"}],"about":[{"href":"https:\/\/muniica.gob.pe\/portal\/index.php\/wp-json\/wp\/v2\/types\/page"}],"author":[{"embeddable":true,"href":"https:\/\/muniica.gob.pe\/portal\/index.php\/wp-json\/wp\/v2\/users\/1"}],"replies":[{"embeddable":true,"href":"https:\/\/muniica.gob.pe\/portal\/index.php\/wp-json\/wp\/v2\/comments?post=1381"}],"version-history":[{"count":8,"href":"https:\/\/muniica.gob.pe\/portal\/index.php\/wp-json\/wp\/v2\/pages\/1381\/revisions"}],"predecessor-version":[{"id":2512,"href":"https:\/\/muniica.gob.pe\/portal\/index.php\/wp-json\/wp\/v2\/pages\/1381\/revisions\/2512"}],"wp:attachment":[{"href":"https:\/\/muniica.gob.pe\/portal\/index.php\/wp-json\/wp\/v2\/media?parent=1381"}],"curies":[{"name":"wp","href":"https:\/\/api.w.org\/{rel}","templated":true}]}}