{"id":1005,"date":"2024-07-24T18:09:37","date_gmt":"2024-07-24T18:09:37","guid":{"rendered":"https:\/\/muniica.gob.pe\/portal\/?page_id=1005"},"modified":"2026-01-30T18:22:59","modified_gmt":"2026-01-30T18:22:59","slug":"codigo-de-etica","status":"publish","type":"page","link":"https:\/\/muniica.gob.pe\/portal\/index.php\/codigo-de-etica\/","title":{"rendered":"C\u00f3digo de \u00c9tica"},"content":{"rendered":"\t\t<div data-elementor-type=\"wp-page\" data-elementor-id=\"1005\" class=\"elementor elementor-1005\">\n\t\t\t\t<div class=\"elementor-element elementor-element-8ed7045 e-flex e-con-boxed e-con e-parent\" data-id=\"8ed7045\" data-element_type=\"container\" data-e-type=\"container\">\n\t\t\t\t\t<div class=\"e-con-inner\">\n\t\t\t\t<div class=\"elementor-element elementor-element-8c47c24 elementor-widget elementor-widget-heading\" data-id=\"8c47c24\" data-element_type=\"widget\" data-e-type=\"widget\" data-widget_type=\"heading.default\">\n\t\t\t\t<div class=\"elementor-widget-container\">\n\t\t\t\t\t<h2 class=\"elementor-heading-title elementor-size-default\">Municipalidad Provincial de Ica - C\u00f3digo de \u00c9tica<\/h2>\t\t\t\t<\/div>\n\t\t\t\t<\/div>\n\t\t\t\t\t<\/div>\n\t\t\t\t<\/div>\n\t\t<div class=\"elementor-element elementor-element-b11ee6d e-flex e-con-boxed e-con e-parent\" data-id=\"b11ee6d\" data-element_type=\"container\" data-e-type=\"container\">\n\t\t\t\t\t<div class=\"e-con-inner\">\n\t\t\t\t<div class=\"elementor-element elementor-element-8be7808 elementor-widget elementor-widget-heading\" data-id=\"8be7808\" data-element_type=\"widget\" data-e-type=\"widget\" data-widget_type=\"heading.default\">\n\t\t\t\t<div class=\"elementor-widget-container\">\n\t\t\t\t\t<h2 class=\"elementor-heading-title elementor-size-default\">Directiva del C\u00f3digo de \u00c9tica<\/h2>\t\t\t\t<\/div>\n\t\t\t\t<\/div>\n\t\t\t\t\t<\/div>\n\t\t\t\t<\/div>\n\t\t<div class=\"elementor-element elementor-element-bd7b69e e-flex e-con-boxed e-con e-parent\" data-id=\"bd7b69e\" data-element_type=\"container\" data-e-type=\"container\">\n\t\t\t\t\t<div class=\"e-con-inner\">\n\t\t<div class=\"elementor-element elementor-element-429aaba e-con-full e-flex e-con e-child\" data-id=\"429aaba\" data-element_type=\"container\" data-e-type=\"container\">\n\t\t\t\t<div class=\"elementor-element elementor-element-92b2401 elementor-widget elementor-widget-text-editor\" data-id=\"92b2401\" data-element_type=\"widget\" data-e-type=\"widget\" data-widget_type=\"text-editor.default\">\n\t\t\t\t<div class=\"elementor-widget-container\">\n\t\t\t\t\t\t\t\t\t<p><\/p>\n<p><\/p>\n<p><br><\/p>\n<p><br><\/p>\n<p><br><\/p>\n<p><br><\/p>\n<p><span style=\"font-size: inherit; color: var( --e-global-color-95489b4 );\">La Municipalidad Provincial de Ica<\/span><br><\/p>\n<p>Tiene como finalidad cumplir con los valores Institucionales atreves de patrones de comportamiento aceptables que promueven un elevado est\u00e1ndar y el comportamiento \u00e9tico de los servidores civiles de la Instituci\u00f3n, con su Visi\u00f3n y Misi\u00f3n fortaleciendo la Implementaci\u00f3n en el Sistema de Control Interno es de observancia obligatoria.&nbsp;<\/p><p>haz clic en la imagen&nbsp; &#8212;&#8212;&#8212;&#8211;&gt;<\/p>\t\t\t\t\t\t\t\t<\/div>\n\t\t\t\t<\/div>\n\t\t\t\t<\/div>\n\t\t<div class=\"elementor-element elementor-element-8d34fee e-con-full e-flex e-con e-child\" data-id=\"8d34fee\" data-element_type=\"container\" data-e-type=\"container\">\n\t\t\t\t<div class=\"elementor-element elementor-element-98340e7 elementor-widget elementor-widget-image\" data-id=\"98340e7\" data-element_type=\"widget\" data-e-type=\"widget\" data-widget_type=\"image.default\">\n\t\t\t\t<div class=\"elementor-widget-container\">\n\t\t\t\t\t\t\t\t\t\t\t\t\t\t\t\t<a href=\"https:\/\/muniica.gob.pe\/transparencia\/GESTION2021\/Reso_Alcaldia2021\/RESOLUCI%C3%93N%20DE%20ALCALD%C3%8DA%20N%C2%BA%20525-2021-AMPI.pdf\">\n\t\t\t\t\t\t\t<img fetchpriority=\"high\" decoding=\"async\" width=\"851\" height=\"1024\" src=\"https:\/\/muniica.gob.pe\/portal\/wp-content\/uploads\/2024\/07\/WhatsApp-Image-2024-07-17-at-2.22.48-PM-851x1024.jpeg\" class=\"attachment-large size-large wp-image-1006\" alt=\"\" srcset=\"https:\/\/muniica.gob.pe\/portal\/wp-content\/uploads\/2024\/07\/WhatsApp-Image-2024-07-17-at-2.22.48-PM-851x1024.jpeg 851w, https:\/\/muniica.gob.pe\/portal\/wp-content\/uploads\/2024\/07\/WhatsApp-Image-2024-07-17-at-2.22.48-PM-249x300.jpeg 249w, https:\/\/muniica.gob.pe\/portal\/wp-content\/uploads\/2024\/07\/WhatsApp-Image-2024-07-17-at-2.22.48-PM-768x924.jpeg 768w, https:\/\/muniica.gob.pe\/portal\/wp-content\/uploads\/2024\/07\/WhatsApp-Image-2024-07-17-at-2.22.48-PM-1277x1536.jpeg 1277w, https:\/\/muniica.gob.pe\/portal\/wp-content\/uploads\/2024\/07\/WhatsApp-Image-2024-07-17-at-2.22.48-PM.jpeg 1330w\" sizes=\"(max-width: 851px) 100vw, 851px\" \/>\t\t\t\t\t\t\t\t<\/a>\n\t\t\t\t\t\t\t\t\t\t\t\t\t\t\t<\/div>\n\t\t\t\t<\/div>\n\t\t\t\t<\/div>\n\t\t\t\t\t<\/div>\n\t\t\t\t<\/div>\n\t\t<div class=\"elementor-element elementor-element-0e0930e e-flex e-con-boxed e-con e-parent\" data-id=\"0e0930e\" data-element_type=\"container\" data-e-type=\"container\">\n\t\t\t\t\t<div class=\"e-con-inner\">\n\t\t\t\t<div class=\"elementor-element elementor-element-b430edf elementor-widget elementor-widget-heading\" data-id=\"b430edf\" data-element_type=\"widget\" data-e-type=\"widget\" data-widget_type=\"heading.default\">\n\t\t\t\t<div class=\"elementor-widget-container\">\n\t\t\t\t\t<h2 class=\"elementor-heading-title elementor-size-default\">Comunicado<\/h2>\t\t\t\t<\/div>\n\t\t\t\t<\/div>\n\t\t\t\t\t<\/div>\n\t\t\t\t<\/div>\n\t\t<div class=\"elementor-element elementor-element-6a3a0b7 e-flex e-con-boxed e-con e-parent\" data-id=\"6a3a0b7\" data-element_type=\"container\" data-e-type=\"container\">\n\t\t\t\t\t<div class=\"e-con-inner\">\n\t\t<div class=\"elementor-element elementor-element-cca41e6 e-con-full e-flex e-con e-child\" data-id=\"cca41e6\" data-element_type=\"container\" data-e-type=\"container\">\n\t\t\t\t<div class=\"elementor-element elementor-element-d8e44e9 elementor-widget elementor-widget-image\" data-id=\"d8e44e9\" data-element_type=\"widget\" data-e-type=\"widget\" data-widget_type=\"image.default\">\n\t\t\t\t<div class=\"elementor-widget-container\">\n\t\t\t\t\t\t\t\t\t\t\t\t\t\t\t<img decoding=\"async\" width=\"851\" height=\"1024\" src=\"https:\/\/muniica.gob.pe\/portal\/wp-content\/uploads\/2024\/07\/WhatsApp-Image-2024-07-18-at-1.57.22-PM-851x1024.jpeg\" class=\"attachment-large size-large wp-image-1007\" alt=\"\" srcset=\"https:\/\/muniica.gob.pe\/portal\/wp-content\/uploads\/2024\/07\/WhatsApp-Image-2024-07-18-at-1.57.22-PM-851x1024.jpeg 851w, https:\/\/muniica.gob.pe\/portal\/wp-content\/uploads\/2024\/07\/WhatsApp-Image-2024-07-18-at-1.57.22-PM-249x300.jpeg 249w, https:\/\/muniica.gob.pe\/portal\/wp-content\/uploads\/2024\/07\/WhatsApp-Image-2024-07-18-at-1.57.22-PM-768x924.jpeg 768w, https:\/\/muniica.gob.pe\/portal\/wp-content\/uploads\/2024\/07\/WhatsApp-Image-2024-07-18-at-1.57.22-PM-1277x1536.jpeg 1277w, https:\/\/muniica.gob.pe\/portal\/wp-content\/uploads\/2024\/07\/WhatsApp-Image-2024-07-18-at-1.57.22-PM.jpeg 1330w\" sizes=\"(max-width: 851px) 100vw, 851px\" \/>\t\t\t\t\t\t\t\t\t\t\t\t\t\t\t<\/div>\n\t\t\t\t<\/div>\n\t\t\t\t<\/div>\n\t\t<div class=\"elementor-element elementor-element-8cc50a5 e-con-full e-flex e-con e-child\" data-id=\"8cc50a5\" data-element_type=\"container\" data-e-type=\"container\">\n\t\t\t\t<div class=\"elementor-element elementor-element-abb1981 elementor-widget elementor-widget-text-editor\" data-id=\"abb1981\" data-element_type=\"widget\" data-e-type=\"widget\" data-widget_type=\"text-editor.default\">\n\t\t\t\t<div class=\"elementor-widget-container\">\n\t\t\t\t\t\t\t\t\t<p><br><\/p><p><br><\/p><p>La Municipalidad Provincial de Ica, cumple con informar que se viene trabajando en reportes de entregables y presentaci\u00f3n de los mismos resaltando la importancia que tiene el Sistema de Control Interno de la Municipalidad, evaluado por la Contralor\u00eda.<\/p>\t\t\t\t\t\t\t\t<\/div>\n\t\t\t\t<\/div>\n\t\t\t\t<\/div>\n\t\t\t\t\t<\/div>\n\t\t\t\t<\/div>\n\t\t\t\t<\/div>\n\t\t","protected":false},"excerpt":{"rendered":"<p>Municipalidad Provincial de Ica &#8211; C\u00f3digo de \u00c9tica Directiva del C\u00f3digo de \u00c9tica La Municipalidad Provincial de Ica Tiene como [&hellip;]<\/p>\n","protected":false},"author":1,"featured_media":0,"parent":0,"menu_order":0,"comment_status":"closed","ping_status":"closed","template":"","meta":{"site-sidebar-layout":"default","site-content-layout":"","ast-site-content-layout":"default","site-content-style":"default","site-sidebar-style":"default","ast-global-header-display":"disabled","ast-banner-title-visibility":"disabled","ast-main-header-display":"","ast-hfb-above-header-display":"","ast-hfb-below-header-display":"","ast-hfb-mobile-header-display":"","site-post-title":"","ast-breadcrumbs-content":"","ast-featured-img":"","footer-sml-layout":"disabled","ast-disable-related-posts":"","theme-transparent-header-meta":"","adv-header-id-meta":"","stick-header-meta":"","header-above-stick-meta":"","header-main-stick-meta":"","header-below-stick-meta":"","astra-migrate-meta-layouts":"default","ast-page-background-enabled":"default","ast-page-background-meta":{"desktop":{"background-color":"var(--ast-global-color-5)","background-image":"","background-repeat":"repeat","background-position":"center center","background-size":"auto","background-attachment":"scroll","background-type":"","background-media":"","overlay-type":"","overlay-color":"","overlay-opacity":"","overlay-gradient":""},"tablet":{"background-color":"","background-image":"","background-repeat":"repeat","background-position":"center center","background-size":"auto","background-attachment":"scroll","background-type":"","background-media":"","overlay-type":"","overlay-color":"","overlay-opacity":"","overlay-gradient":""},"mobile":{"background-color":"","background-image":"","background-repeat":"repeat","background-position":"center center","background-size":"auto","background-attachment":"scroll","background-type":"","background-media":"","overlay-type":"","overlay-color":"","overlay-opacity":"","overlay-gradient":""}},"ast-content-background-meta":{"desktop":{"background-color":"var(--ast-global-color-4)","background-image":"","background-repeat":"repeat","background-position":"center center","background-size":"auto","background-attachment":"scroll","background-type":"","background-media":"","overlay-type":"","overlay-color":"","overlay-opacity":"","overlay-gradient":""},"tablet":{"background-color":"var(--ast-global-color-4)","background-image":"","background-repeat":"repeat","background-position":"center center","background-size":"auto","background-attachment":"scroll","background-type":"","background-media":"","overlay-type":"","overlay-color":"","overlay-opacity":"","overlay-gradient":""},"mobile":{"background-color":"var(--ast-global-color-4)","background-image":"","background-repeat":"repeat","background-position":"center center","background-size":"auto","background-attachment":"scroll","background-type":"","background-media":"","overlay-type":"","overlay-color":"","overlay-opacity":"","overlay-gradient":""}},"_themeisle_gutenberg_block_has_review":false,"footnotes":""},"class_list":["post-1005","page","type-page","status-publish","hentry"],"_links":{"self":[{"href":"https:\/\/muniica.gob.pe\/portal\/index.php\/wp-json\/wp\/v2\/pages\/1005","targetHints":{"allow":["GET"]}}],"collection":[{"href":"https:\/\/muniica.gob.pe\/portal\/index.php\/wp-json\/wp\/v2\/pages"}],"about":[{"href":"https:\/\/muniica.gob.pe\/portal\/index.php\/wp-json\/wp\/v2\/types\/page"}],"author":[{"embeddable":true,"href":"https:\/\/muniica.gob.pe\/portal\/index.php\/wp-json\/wp\/v2\/users\/1"}],"replies":[{"embeddable":true,"href":"https:\/\/muniica.gob.pe\/portal\/index.php\/wp-json\/wp\/v2\/comments?post=1005"}],"version-history":[{"count":19,"href":"https:\/\/muniica.gob.pe\/portal\/index.php\/wp-json\/wp\/v2\/pages\/1005\/revisions"}],"predecessor-version":[{"id":3258,"href":"https:\/\/muniica.gob.pe\/portal\/index.php\/wp-json\/wp\/v2\/pages\/1005\/revisions\/3258"}],"wp:attachment":[{"href":"https:\/\/muniica.gob.pe\/portal\/index.php\/wp-json\/wp\/v2\/media?parent=1005"}],"curies":[{"name":"wp","href":"https:\/\/api.w.org\/{rel}","templated":true}]}}